{"id":48399,"date":"2025-01-26T02:25:59","date_gmt":"2025-01-26T02:25:59","guid":{"rendered":"https:\/\/nexgendecors.com\/product\/astrolab-nordic-classic-designer-stainless-steel-glass-square-coffee-table-italian-rotating-mechanical-coffee-table\/"},"modified":"2025-04-06T08:15:28","modified_gmt":"2025-04-06T08:15:28","slug":"table-basse-carree-en-verre-et-acier-inoxydable-de-style-nordique-classique-design-italien-table-basse-mecanique-rotative","status":"publish","type":"product","link":"https:\/\/nexgendecors.com\/fr\/product\/table-basse-carree-en-verre-et-acier-inoxydable-de-style-nordique-classique-design-italien-table-basse-mecanique-rotative\/","title":{"rendered":"Table basse rotative classique en acier inoxydable Astrolab Nordic"},"content":{"rendered":"<ul>\n<li>\n<strong>marque<\/strong>:autre\/autre<\/li>\n<li>\n<strong>mod\u00e8le<\/strong>:Table basse extensible Astrolab Roche<\/li>\n<li>\n<strong>\u00e9l\u00e9ments populaires<\/strong>:autre<\/li>\n<li>\n<strong>Est-ce personnalisable ?<\/strong>:Oui<\/li>\n<li>\n<strong>Mat\u00e9riel<\/strong>:Verre<\/li>\n<li>\n<strong>Instructions d&#039;installation d\u00e9taill\u00e9es<\/strong>:Vid\u00e9o d&#039;instructions d&#039;installation fournie<\/li>\n<li>\n<strong>Positionnement de style<\/strong>:Qualit\u00e9 Luxe<\/li>\n<li>\n<strong>trier par couleur<\/strong>:Verre tremp\u00e9 transparent carr\u00e9 blanc 135*80*43, verre tremp\u00e9 transparent carr\u00e9 ultra blanc 135*80*43, verre tremp\u00e9 transparent rond blanc dia80*43, verre tremp\u00e9 transparent rond ultra blanc dia80*43, verre tremp\u00e9 transparent ultra blanc, style r\u00e9gulier \u2013 verre tremp\u00e9 transparent ultra blanc, style r\u00e9gulier \u2013 verre tremp\u00e9 marron \u2013 anneau dor\u00e9 base dor\u00e9e<\/li>\n<li>\n<strong><\/strong>:<\/li>\n<\/ul>\n<p><img><\/p>","protected":false},"excerpt":{"rendered":"<p>Marque : autre\/autre Mod\u00e8le : Table basse extensible Astrolab Roche \u00c9l\u00e9ments populaires : autre Est-il personnalisable ? : oui Mat\u00e9riau : verre D\u00e9tails des instructions d&#039;installation : vid\u00e9o d&#039;instructions d&#039;installation fournie Positionnement du style : qualit\u00e9<\/p>","protected":false},"featured_media":105546,"comment_status":"open","ping_status":"closed","template":"","meta":[],"product_brand":[],"product_cat":[30862,30971,30850,30857],"product_tag":[],"class_list":{"0":"post-48399","1":"product","2":"type-product","3":"status-publish","4":"has-post-thumbnail","6":"product_cat-wholesales-hotels","7":"product_cat-hp","8":"product_cat-wholesale-furniture","9":"product_cat-wholesale-sofa-table","11":"first","12":"instock","13":"taxable","14":"shipping-taxable","15":"purchasable","16":"product-type-variable"},"_links":{"self":[{"href":"https:\/\/nexgendecors.com\/fr\/wp-json\/wp\/v2\/product\/48399","targetHints":{"allow":["GET"]}}],"collection":[{"href":"https:\/\/nexgendecors.com\/fr\/wp-json\/wp\/v2\/product"}],"about":[{"href":"https:\/\/nexgendecors.com\/fr\/wp-json\/wp\/v2\/types\/product"}],"replies":[{"embeddable":true,"href":"https:\/\/nexgendecors.com\/fr\/wp-json\/wp\/v2\/comments?post=48399"}],"version-history":[{"count":0,"href":"https:\/\/nexgendecors.com\/fr\/wp-json\/wp\/v2\/product\/48399\/revisions"}],"wp:featuredmedia":[{"embeddable":true,"href":"https:\/\/nexgendecors.com\/fr\/wp-json\/wp\/v2\/media\/105546"}],"wp:attachment":[{"href":"https:\/\/nexgendecors.com\/fr\/wp-json\/wp\/v2\/media?parent=48399"}],"wp:term":[{"taxonomy":"product_brand","embeddable":true,"href":"https:\/\/nexgendecors.com\/fr\/wp-json\/wp\/v2\/product_brand?post=48399"},{"taxonomy":"product_cat","embeddable":true,"href":"https:\/\/nexgendecors.com\/fr\/wp-json\/wp\/v2\/product_cat?post=48399"},{"taxonomy":"product_tag","embeddable":true,"href":"https:\/\/nexgendecors.com\/fr\/wp-json\/wp\/v2\/product_tag?post=48399"}],"curies":[{"name":"wp","href":"https:\/\/api.w.org\/{rel}","templated":true}]}}