{"id":48417,"date":"2025-01-26T02:26:08","date_gmt":"2025-01-26T02:26:08","guid":{"rendered":"https:\/\/nexgendecors.com\/product\/marble-mosaic-background-wall-light-luxury-style-metal-feather-brick-bathroom-kitchen-restaurant-bar-bathroom-tile\/"},"modified":"2025-04-15T11:18:12","modified_gmt":"2025-04-15T11:18:12","slug":"marble-mosaic-background-wall-light-luxury-style-metal-feather-brick-bathroom-kitchen-restaurant-bar-bathroom-tile","status":"publish","type":"product","link":"https:\/\/nexgendecors.com\/fr\/product\/marble-mosaic-background-wall-light-luxury-style-metal-feather-brick-bathroom-kitchen-restaurant-bar-bathroom-tile\/","title":{"rendered":"Carreau de mosa\u00efque en marbre noir Atlos avec motif de plumes d'or"},"content":{"rendered":"<li title=\"\u77f3\u6e90\u94ed\">\n<span>The combination of metal and natural stone<\/span><span>. Its Grey and Black finishes recover\u00a0<\/span>those geometrical shapes which took on a new dimension<span>. Its 28.5cm x 23.5cm format allows for bright and sophisticated surfaces to be created.<\/span>\n<\/li>\n<li title=\"\u77f3\u6e90\u94ed\">Featuring an elongated fish scale pattern in dazzling color contrasts\u00a0and brings a graphic allure to any space. Available in a classic black and white or green and white marble mosaic along with a Calacatta Gold\u00a0 combination, these dashing tiles create a vivid appearance that is anything but subtle. The\u00a0 marble mosaics evoke a mod and contemporary visual that finds its inspiration in historical Art-Deco style, updating 1930s glamour with a fresh linear composition that interacts with the architectural space. Used as a backsplash, a shower wall, or an accent wall, the Altos tiles bring their drama and energy to any interior, creating a bold look that will always be in vogue.<\/li>","protected":false},"excerpt":{"rendered":"<p>L'alliance du m\u00e9tal et de la pierre naturelle. Ses finitions Grey et Black reprennent les formes g\u00e9om\u00e9triques qui ont pris une nouvelle dimension.<\/p>","protected":false},"featured_media":105609,"comment_status":"open","ping_status":"closed","template":"","meta":[],"product_brand":[],"product_cat":[30971,30986,30878],"product_tag":[],"class_list":{"0":"post-48417","1":"product","2":"type-product","3":"status-publish","4":"has-post-thumbnail","6":"product_cat-hp","7":"product_cat-tiles-wall-bricks","8":"product_cat-wall-panel","10":"first","11":"instock","12":"sale","13":"taxable","14":"shipping-taxable","15":"purchasable","16":"product-type-variable"},"_links":{"self":[{"href":"https:\/\/nexgendecors.com\/fr\/wp-json\/wp\/v2\/product\/48417","targetHints":{"allow":["GET"]}}],"collection":[{"href":"https:\/\/nexgendecors.com\/fr\/wp-json\/wp\/v2\/product"}],"about":[{"href":"https:\/\/nexgendecors.com\/fr\/wp-json\/wp\/v2\/types\/product"}],"replies":[{"embeddable":true,"href":"https:\/\/nexgendecors.com\/fr\/wp-json\/wp\/v2\/comments?post=48417"}],"version-history":[{"count":0,"href":"https:\/\/nexgendecors.com\/fr\/wp-json\/wp\/v2\/product\/48417\/revisions"}],"wp:featuredmedia":[{"embeddable":true,"href":"https:\/\/nexgendecors.com\/fr\/wp-json\/wp\/v2\/media\/105609"}],"wp:attachment":[{"href":"https:\/\/nexgendecors.com\/fr\/wp-json\/wp\/v2\/media?parent=48417"}],"wp:term":[{"taxonomy":"product_brand","embeddable":true,"href":"https:\/\/nexgendecors.com\/fr\/wp-json\/wp\/v2\/product_brand?post=48417"},{"taxonomy":"product_cat","embeddable":true,"href":"https:\/\/nexgendecors.com\/fr\/wp-json\/wp\/v2\/product_cat?post=48417"},{"taxonomy":"product_tag","embeddable":true,"href":"https:\/\/nexgendecors.com\/fr\/wp-json\/wp\/v2\/product_tag?post=48417"}],"curies":[{"name":"wp","href":"https:\/\/api.w.org\/{rel}","templated":true}]}}