{"id":48421,"date":"2025-01-26T02:26:10","date_gmt":"2025-01-26T02:26:10","guid":{"rendered":"https:\/\/nexgendecors.com\/product\/audetis-gaming-chair-chair-technology-fabric-gaming-chair-home-comfortable-sitting-ergonomic-computer-chair\/"},"modified":"2025-04-06T08:15:36","modified_gmt":"2025-04-06T08:15:36","slug":"audetis-gaming-chair-chair-technology-fabric-gaming-chair-home-comfortable-sitting-ergonomic-computer-chair","status":"publish","type":"product","link":"https:\/\/nexgendecors.com\/fr\/product\/audetis-gaming-chair-chair-technology-fabric-gaming-chair-home-comfortable-sitting-ergonomic-computer-chair\/","title":{"rendered":"Chaise de jeu ergonomique Audetis \u2013 Confort et soutien \u00e9l\u00e9gants"},"content":{"rendered":"<ul>\n<li>\n<strong>marque<\/strong>:You dare<\/li>\n<li>\n<strong>mod\u00e8le<\/strong>:Power<\/li>\n<li>\n<strong>Assembler<\/strong>:Oui<\/li>\n<li>\n<strong>Poids brut<\/strong>:26kg<\/li>\n<li>\n<strong>Est-ce rotatif ?<\/strong>:Oui<\/li>\n<li>\n<strong>Peut-il \u00eatre \u00e9lev\u00e9 ou abaiss\u00e9 ?<\/strong>:Oui<\/li>\n<li>\n<strong>Est-ce que cela prend en charge l\u2019ergonomie ?<\/strong>:Oui<\/li>\n<li>\n<strong>Mat\u00e9riau de pied cinq \u00e9toiles<\/strong>:Pieds en acier<\/li>\n<li>\n<strong>Mat\u00e9riau en tissu<\/strong>:Cuir<\/li>\n<li>\n<strong>Est-ce personnalisable ?<\/strong>:Oui<\/li>\n<li>\n<strong>Puis-je m&#039;allonger ?<\/strong>:Oui<\/li>\n<li>\n<strong>Type de main courante<\/strong>:Rotating lifting armrest<\/li>\n<li>\n<strong>ville<\/strong>:Huzhou<\/li>\n<li>\n<strong>Districts et comt\u00e9s<\/strong>:Comt\u00e9 d&#039;Anji<\/li>\n<li>\n<strong>Faut-il avoir des p\u00e9dales ?<\/strong>:Oui<\/li>\n<li>\n<strong>Mat\u00e9riel<\/strong>:Tissu<\/li>\n<li>\n<strong>Hauteur du dossier<\/strong>:67cm<\/li>\n<li>\n<strong>Un taxi est-il disponible pour le transport ?<\/strong>:Oui<\/li>\n<li>\n<strong>Positionnement de style<\/strong>:Qualit\u00e9 Luxe<\/li>\n<li>\n<strong>Type d&#039;appui-t\u00eate<\/strong>:Standard headrest<\/li>\n<li>\n<strong>trier par couleur<\/strong>:Emerald (2D robotic arm), Nardo gray (2D robotic arm), sub-gray (2D robotic arm), Emerald-leg support model (2D robotic arm), Nardo gray-leg support model (2D robotic arm), sub-gray-leg support model (2D robotic arm), GT black (3D robotic arm), GT blue (3D robotic arm), GT green (3D robotic arm), GT black-leg support model (3D robotic arm), GT blue-leg support model (3D robotic arm), GT green-leg support model (3D robotic arm) Arm), GT Yellow &#8211; Leg Support (3D Robotic Arm), GT Brown &#8211; Leg Support (3D Robotic Arm), AMG Black (4D Robotic Arm), AMG Red (4D Robotic Arm), AMG Combat Green (4D Robotic Arm), AMG Racing Orange (4D Robotic Arm), AMG Black &#8211; Leg Support (4D Robotic Arm), AMG Red &#8211; Leg Support (4D Robotic Arm), AMG Racing Orange &#8211; Leg Support (4D Robotic Arm), AMG Combat Green &#8211; Leg Support (4D Robotic Arm)<\/li>\n<\/ul>","protected":false},"excerpt":{"rendered":"<p>Marque : You dare Mod\u00e8le : Power Assemble : oui Poids brut : 26 kg Est-il rotatif ? : oui Peut-il \u00eatre relev\u00e9 ou abaiss\u00e9 ? : oui Est-il ergonomique ? : oui Cinq \u00e9toiles<\/p>","protected":false},"featured_media":105618,"comment_status":"open","ping_status":"closed","template":"","meta":[],"product_brand":[],"product_cat":[30971,30859],"product_tag":[],"class_list":{"0":"post-48421","1":"product","2":"type-product","3":"status-publish","4":"has-post-thumbnail","6":"product_cat-hp","7":"product_cat-wholesale-office","9":"first","10":"instock","11":"sale","12":"taxable","13":"shipping-taxable","14":"purchasable","15":"product-type-variable"},"_links":{"self":[{"href":"https:\/\/nexgendecors.com\/fr\/wp-json\/wp\/v2\/product\/48421","targetHints":{"allow":["GET"]}}],"collection":[{"href":"https:\/\/nexgendecors.com\/fr\/wp-json\/wp\/v2\/product"}],"about":[{"href":"https:\/\/nexgendecors.com\/fr\/wp-json\/wp\/v2\/types\/product"}],"replies":[{"embeddable":true,"href":"https:\/\/nexgendecors.com\/fr\/wp-json\/wp\/v2\/comments?post=48421"}],"version-history":[{"count":0,"href":"https:\/\/nexgendecors.com\/fr\/wp-json\/wp\/v2\/product\/48421\/revisions"}],"wp:featuredmedia":[{"embeddable":true,"href":"https:\/\/nexgendecors.com\/fr\/wp-json\/wp\/v2\/media\/105618"}],"wp:attachment":[{"href":"https:\/\/nexgendecors.com\/fr\/wp-json\/wp\/v2\/media?parent=48421"}],"wp:term":[{"taxonomy":"product_brand","embeddable":true,"href":"https:\/\/nexgendecors.com\/fr\/wp-json\/wp\/v2\/product_brand?post=48421"},{"taxonomy":"product_cat","embeddable":true,"href":"https:\/\/nexgendecors.com\/fr\/wp-json\/wp\/v2\/product_cat?post=48421"},{"taxonomy":"product_tag","embeddable":true,"href":"https:\/\/nexgendecors.com\/fr\/wp-json\/wp\/v2\/product_tag?post=48421"}],"curies":[{"name":"wp","href":"https:\/\/api.w.org\/{rel}","templated":true}]}}