{"id":48437,"date":"2025-01-26T02:26:11","date_gmt":"2025-01-26T02:26:11","guid":{"rendered":"https:\/\/nexgendecors.com\/product\/audetis-pink-gaming-chair-girls-game-chair-comfortable-home-sitting-anchor-computer-chair-ergonomic-chair\/"},"modified":"2025-04-06T08:15:39","modified_gmt":"2025-04-06T08:15:39","slug":"audetis-pink-gaming-chair-girls-game-chair-comfortable-home-sitting-anchor-computer-chair-ergonomic-chair","status":"publish","type":"product","link":"https:\/\/nexgendecors.com\/fr\/product\/audetis-pink-gaming-chair-girls-game-chair-comfortable-home-sitting-anchor-computer-chair-ergonomic-chair\/","title":{"rendered":"Chaise de jeu ergonomique rose Audetis pour filles"},"content":{"rendered":"<ul>\n<li>\n<strong>marque<\/strong>:Audetis<\/li>\n<li>\n<strong>mod\u00e8le<\/strong>:andery powder<\/li>\n<li>\n<strong>Mat\u00e9riel<\/strong>:autre<\/li>\n<li>\n<strong>trier par couleur<\/strong>:Pink cat model (with nylon feet), pink cat model (with leg support), blue big-eared dog model (with leg support), white big-eared dog model (with leg support)<\/li>\n<li>\n<strong>Mat\u00e9riau en tissu<\/strong>:Cuir artificiel<\/li>\n<li>\n<strong>Hauteur du dossier<\/strong>:67cm<\/li>\n<li>\n<strong>Est-ce personnalisable ?<\/strong>:Oui<\/li>\n<li>\n<strong>Peut-il \u00eatre \u00e9lev\u00e9 ou abaiss\u00e9 ?<\/strong>:Oui<\/li>\n<li>\n<strong>Est-ce rotatif ?<\/strong>:Oui<\/li>\n<li>\n<strong>Puis-je m&#039;allonger ?<\/strong>:Oui<\/li>\n<li>\n<strong>Mat\u00e9riau de pied cinq \u00e9toiles<\/strong>:Nylon feet<\/li>\n<li>\n<strong>Type de main courante<\/strong>:Rotating lifting armrest<\/li>\n<li>\n<strong>Est-ce que cela prend en charge l\u2019ergonomie ?<\/strong>:Oui<\/li>\n<li>\n<strong>ville<\/strong>:Huzhou<\/li>\n<li>\n<strong>Districts et comt\u00e9s<\/strong>:Comt\u00e9 d&#039;Anji<\/li>\n<li>\n<strong>Assembler<\/strong>:Oui<\/li>\n<li>\n<strong>volume du colis<\/strong>:85*67*35<\/li>\n<li>\n<strong>Un taxi est-il disponible pour le transport ?<\/strong>:Oui<\/li>\n<li>\n<strong>Positionnement de style<\/strong>:Qualit\u00e9 Luxe<\/li>\n<li>\n<strong>Instructions d&#039;installation d\u00e9taill\u00e9es<\/strong>:Provide installation instruction video, installation manual, and simple installation tools<\/li>\n<li>\n<strong>Faut-il avoir des p\u00e9dales ?<\/strong>:Non<\/li>\n<\/ul>\n<p><img><\/p>","protected":false},"excerpt":{"rendered":"<p>Marque : Audetis Mod\u00e8le : poudre d&#039;andrey Mat\u00e9riau : autre Trier par couleur : Mod\u00e8le de chat rose (avec pieds en nylon), mod\u00e8le de chat rose (avec support de jambe), bleu \u00e0 grandes oreilles<\/p>","protected":false},"featured_media":105638,"comment_status":"open","ping_status":"closed","template":"","meta":[],"product_brand":[],"product_cat":[30971,30859],"product_tag":[],"class_list":{"0":"post-48437","1":"product","2":"type-product","3":"status-publish","4":"has-post-thumbnail","6":"product_cat-hp","7":"product_cat-wholesale-office","9":"first","10":"instock","11":"sale","12":"taxable","13":"shipping-taxable","14":"purchasable","15":"product-type-variable"},"_links":{"self":[{"href":"https:\/\/nexgendecors.com\/fr\/wp-json\/wp\/v2\/product\/48437","targetHints":{"allow":["GET"]}}],"collection":[{"href":"https:\/\/nexgendecors.com\/fr\/wp-json\/wp\/v2\/product"}],"about":[{"href":"https:\/\/nexgendecors.com\/fr\/wp-json\/wp\/v2\/types\/product"}],"replies":[{"embeddable":true,"href":"https:\/\/nexgendecors.com\/fr\/wp-json\/wp\/v2\/comments?post=48437"}],"version-history":[{"count":0,"href":"https:\/\/nexgendecors.com\/fr\/wp-json\/wp\/v2\/product\/48437\/revisions"}],"wp:featuredmedia":[{"embeddable":true,"href":"https:\/\/nexgendecors.com\/fr\/wp-json\/wp\/v2\/media\/105638"}],"wp:attachment":[{"href":"https:\/\/nexgendecors.com\/fr\/wp-json\/wp\/v2\/media?parent=48437"}],"wp:term":[{"taxonomy":"product_brand","embeddable":true,"href":"https:\/\/nexgendecors.com\/fr\/wp-json\/wp\/v2\/product_brand?post=48437"},{"taxonomy":"product_cat","embeddable":true,"href":"https:\/\/nexgendecors.com\/fr\/wp-json\/wp\/v2\/product_cat?post=48437"},{"taxonomy":"product_tag","embeddable":true,"href":"https:\/\/nexgendecors.com\/fr\/wp-json\/wp\/v2\/product_tag?post=48437"}],"curies":[{"name":"wp","href":"https:\/\/api.w.org\/{rel}","templated":true}]}}