{"id":48457,"date":"2025-01-26T02:26:14","date_gmt":"2025-01-26T02:26:14","guid":{"rendered":"https:\/\/nexgendecors.com\/product\/auditorium-chair-row-chair-huawei-conference-room-row-chair-multimedia-stepped-classroom-theater-chair-row-lecture-hall-seat\/"},"modified":"2025-04-06T08:15:45","modified_gmt":"2025-04-06T08:15:45","slug":"auditorium-chair-row-chair-huawei-conference-room-row-chair-multimedia-stepped-classroom-theater-chair-row-lecture-hall-seat","status":"publish","type":"product","link":"https:\/\/nexgendecors.com\/fr\/product\/auditorium-chair-row-chair-huawei-conference-room-row-chair-multimedia-stepped-classroom-theater-chair-row-lecture-hall-seat\/","title":{"rendered":"Fauteuil de salle multim\u00e9dia Huawei pour th\u00e9\u00e2tres"},"content":{"rendered":"<ul>\n<li>\n<strong>marque<\/strong>:Rongyi<\/li>\n<li>\n<strong>mod\u00e8le<\/strong>:SY2405<\/li>\n<li>\n<strong>Mat\u00e9riel<\/strong>:Tissu<\/li>\n<li>\n<strong>trier par couleur<\/strong>:red<\/li>\n<li>\n<strong>Service en ville<\/strong>:Installation \u00e0 domicile par des vendeurs locaux<\/li>\n<li>\n<strong>Taille du paquet<\/strong>:56x50x70cm<\/li>\n<li>\n<strong>Poids du colis<\/strong>:87 catties<\/li>\n<li>\n<strong>Normes environnementales<\/strong>:E1<\/li>\n<li>\n<strong>Est-ce personnalisable ?<\/strong>:Oui<\/li>\n<li>\n<strong>Y a-t-il un tableau d&#039;\u00e9criture ?<\/strong>:Oui<\/li>\n<li>\n<strong>Y a-t-il un chemin de c\u00e2bles ?<\/strong>:Non<\/li>\n<\/ul>\n<p><img><\/p>","protected":false},"excerpt":{"rendered":"<p>Marque : Rongyi Mod\u00e8le : SY2405 Mat\u00e9riau : Tissu Trier par couleur : rouge Service en ville : Installation \u00e0 domicile par des vendeurs locaux Taille du colis : 56 x 50 x 70 cm Poids du colis : 87 catties Normes environnementales : E1 Is<\/p>","protected":false},"featured_media":105668,"comment_status":"open","ping_status":"closed","template":"","meta":[],"product_brand":[],"product_cat":[30863,30971],"product_tag":[],"class_list":{"0":"post-48457","1":"product","2":"type-product","3":"status-publish","4":"has-post-thumbnail","6":"product_cat-wholesales-cinema-theater","7":"product_cat-hp","9":"first","10":"instock","11":"sale","12":"taxable","13":"shipping-taxable","14":"purchasable","15":"product-type-simple"},"_links":{"self":[{"href":"https:\/\/nexgendecors.com\/fr\/wp-json\/wp\/v2\/product\/48457","targetHints":{"allow":["GET"]}}],"collection":[{"href":"https:\/\/nexgendecors.com\/fr\/wp-json\/wp\/v2\/product"}],"about":[{"href":"https:\/\/nexgendecors.com\/fr\/wp-json\/wp\/v2\/types\/product"}],"replies":[{"embeddable":true,"href":"https:\/\/nexgendecors.com\/fr\/wp-json\/wp\/v2\/comments?post=48457"}],"version-history":[{"count":0,"href":"https:\/\/nexgendecors.com\/fr\/wp-json\/wp\/v2\/product\/48457\/revisions"}],"wp:featuredmedia":[{"embeddable":true,"href":"https:\/\/nexgendecors.com\/fr\/wp-json\/wp\/v2\/media\/105668"}],"wp:attachment":[{"href":"https:\/\/nexgendecors.com\/fr\/wp-json\/wp\/v2\/media?parent=48457"}],"wp:term":[{"taxonomy":"product_brand","embeddable":true,"href":"https:\/\/nexgendecors.com\/fr\/wp-json\/wp\/v2\/product_brand?post=48457"},{"taxonomy":"product_cat","embeddable":true,"href":"https:\/\/nexgendecors.com\/fr\/wp-json\/wp\/v2\/product_cat?post=48457"},{"taxonomy":"product_tag","embeddable":true,"href":"https:\/\/nexgendecors.com\/fr\/wp-json\/wp\/v2\/product_tag?post=48457"}],"curies":[{"name":"wp","href":"https:\/\/api.w.org\/{rel}","templated":true}]}}