{"id":48474,"date":"2025-01-26T02:26:19","date_gmt":"2025-01-26T02:26:19","guid":{"rendered":"https:\/\/nexgendecors.com\/product\/auditorium-chair-simple-row-of-seats-government-lecture-hall-school-conference-chair-with-table-board-stepped-classroom-desks-and-chairs\/"},"modified":"2025-04-06T08:15:48","modified_gmt":"2025-04-06T08:15:48","slug":"chaise-dauditorium-simple-rangee-de-sieges-salle-de-conference-gouvernementale-chaise-de-conference-scolaire-avec-table-et-plateau-bureaux-et-chaises-de-classe-a-gradins","status":"publish","type":"product","link":"https:\/\/nexgendecors.com\/fr\/product\/chaise-dauditorium-simple-rangee-de-sieges-salle-de-conference-gouvernementale-chaise-de-conference-scolaire-avec-table-et-plateau-bureaux-et-chaises-de-classe-a-gradins\/","title":{"rendered":"Chaises d&#039;auditorium \u00e9l\u00e9gantes avec table pliable pour conf\u00e9rences"},"content":{"rendered":"<ul>\n<li>\n<strong>Mat\u00e9riel<\/strong>:Bois massif<\/li>\n<li>\n<strong>trier par couleur<\/strong>:Rose rouge, bleu paon, vert, contactez le service client pour les couleurs personnalis\u00e9es, couleur m\u00e9lang\u00e9e 1, couleur m\u00e9lang\u00e9e 2, couleur m\u00e9lang\u00e9e 3<\/li>\n<li>\n<strong>Service en ville<\/strong>:Livraison \u00e0 domicile par des vendeurs locaux<\/li>\n<li>\n<strong>Y a-t-il un tableau d&#039;\u00e9criture ?<\/strong>:Oui<\/li>\n<li>\n<strong>Y a-t-il un chemin de c\u00e2bles ?<\/strong>:Non<\/li>\n<\/ul>\n<p><img><\/p>","protected":false},"excerpt":{"rendered":"<p>Mat\u00e9riau : bois massif, trier par couleur : rose rouge, bleu paon, vert, contactez le service client pour des couleurs personnalis\u00e9es, couleur m\u00e9lang\u00e9e 1, couleur m\u00e9lang\u00e9e<\/p>","protected":false},"featured_media":105694,"comment_status":"open","ping_status":"closed","template":"","meta":[],"product_brand":[],"product_cat":[30900,30971,30866],"product_tag":[],"class_list":{"0":"post-48474","1":"product","2":"type-product","3":"status-publish","4":"has-post-thumbnail","6":"product_cat-bs-school","7":"product_cat-hp","8":"product_cat-wholesales-university-high-schools","10":"first","11":"instock","12":"taxable","13":"shipping-taxable","14":"purchasable","15":"product-type-variable"},"_links":{"self":[{"href":"https:\/\/nexgendecors.com\/fr\/wp-json\/wp\/v2\/product\/48474","targetHints":{"allow":["GET"]}}],"collection":[{"href":"https:\/\/nexgendecors.com\/fr\/wp-json\/wp\/v2\/product"}],"about":[{"href":"https:\/\/nexgendecors.com\/fr\/wp-json\/wp\/v2\/types\/product"}],"replies":[{"embeddable":true,"href":"https:\/\/nexgendecors.com\/fr\/wp-json\/wp\/v2\/comments?post=48474"}],"version-history":[{"count":0,"href":"https:\/\/nexgendecors.com\/fr\/wp-json\/wp\/v2\/product\/48474\/revisions"}],"wp:featuredmedia":[{"embeddable":true,"href":"https:\/\/nexgendecors.com\/fr\/wp-json\/wp\/v2\/media\/105694"}],"wp:attachment":[{"href":"https:\/\/nexgendecors.com\/fr\/wp-json\/wp\/v2\/media?parent=48474"}],"wp:term":[{"taxonomy":"product_brand","embeddable":true,"href":"https:\/\/nexgendecors.com\/fr\/wp-json\/wp\/v2\/product_brand?post=48474"},{"taxonomy":"product_cat","embeddable":true,"href":"https:\/\/nexgendecors.com\/fr\/wp-json\/wp\/v2\/product_cat?post=48474"},{"taxonomy":"product_tag","embeddable":true,"href":"https:\/\/nexgendecors.com\/fr\/wp-json\/wp\/v2\/product_tag?post=48474"}],"curies":[{"name":"wp","href":"https:\/\/api.w.org\/{rel}","templated":true}]}}