{"id":48483,"date":"2025-01-26T02:26:20","date_gmt":"2025-01-26T02:26:20","guid":{"rendered":"https:\/\/nexgendecors.com\/product\/auditorium-chairs-conference-room-classroom-row-seats-cinema-theater-row-seats-custom-lecture-hall-seats-with-writing-boards\/"},"modified":"2025-04-06T08:15:51","modified_gmt":"2025-04-06T08:15:51","slug":"auditorium-chairs-conference-room-classroom-row-seats-cinema-theater-row-seats-custom-lecture-hall-seats-with-writing-boards","status":"publish","type":"product","link":"https:\/\/nexgendecors.com\/fr\/product\/auditorium-chairs-conference-room-classroom-row-seats-cinema-theater-row-seats-custom-lecture-hall-seats-with-writing-boards\/","title":{"rendered":"Chaises d&#039;auditorium personnalis\u00e9es avec tablettes \u2013 \u00c9l\u00e9gantes et fonctionnelles"},"content":{"rendered":"<ul>\n<li>\n<strong>marque<\/strong>:autre<\/li>\n<li>\n<strong>mod\u00e8le<\/strong>:YZ_997<\/li>\n<li>\n<strong>Mat\u00e9riel<\/strong>:Acier inoxydable<\/li>\n<li>\n<strong>trier par couleur<\/strong>:Magenta<\/li>\n<li>\n<strong>Y a-t-il un tableau d&#039;\u00e9criture ?<\/strong>:Oui<\/li>\n<li>\n<strong>Y a-t-il un chemin de c\u00e2bles ?<\/strong>:Oui<\/li>\n<\/ul>\n<p><img><\/p>","protected":false},"excerpt":{"rendered":"<p>Marque : autre Mod\u00e8le : YZ_997 Mat\u00e9riau : acier inoxydable Trier par couleur : magenta Y a-t-il un tableau d&#039;\u00e9criture ? : oui Y a-t-il un chemin de c\u00e2bles ? : oui<\/p>","protected":false},"featured_media":105712,"comment_status":"open","ping_status":"closed","template":"","meta":[],"product_brand":[],"product_cat":[30863,30971,30866],"product_tag":[],"class_list":{"0":"post-48483","1":"product","2":"type-product","3":"status-publish","4":"has-post-thumbnail","6":"product_cat-wholesales-cinema-theater","7":"product_cat-hp","8":"product_cat-wholesales-university-high-schools","10":"first","11":"instock","12":"taxable","13":"shipping-taxable","14":"purchasable","15":"product-type-simple"},"_links":{"self":[{"href":"https:\/\/nexgendecors.com\/fr\/wp-json\/wp\/v2\/product\/48483","targetHints":{"allow":["GET"]}}],"collection":[{"href":"https:\/\/nexgendecors.com\/fr\/wp-json\/wp\/v2\/product"}],"about":[{"href":"https:\/\/nexgendecors.com\/fr\/wp-json\/wp\/v2\/types\/product"}],"replies":[{"embeddable":true,"href":"https:\/\/nexgendecors.com\/fr\/wp-json\/wp\/v2\/comments?post=48483"}],"version-history":[{"count":0,"href":"https:\/\/nexgendecors.com\/fr\/wp-json\/wp\/v2\/product\/48483\/revisions"}],"wp:featuredmedia":[{"embeddable":true,"href":"https:\/\/nexgendecors.com\/fr\/wp-json\/wp\/v2\/media\/105712"}],"wp:attachment":[{"href":"https:\/\/nexgendecors.com\/fr\/wp-json\/wp\/v2\/media?parent=48483"}],"wp:term":[{"taxonomy":"product_brand","embeddable":true,"href":"https:\/\/nexgendecors.com\/fr\/wp-json\/wp\/v2\/product_brand?post=48483"},{"taxonomy":"product_cat","embeddable":true,"href":"https:\/\/nexgendecors.com\/fr\/wp-json\/wp\/v2\/product_cat?post=48483"},{"taxonomy":"product_tag","embeddable":true,"href":"https:\/\/nexgendecors.com\/fr\/wp-json\/wp\/v2\/product_tag?post=48483"}],"curies":[{"name":"wp","href":"https:\/\/api.w.org\/{rel}","templated":true}]}}