{"id":48487,"date":"2025-01-26T02:26:23","date_gmt":"2025-01-26T02:26:23","guid":{"rendered":"https:\/\/nexgendecors.com\/product\/auditorium-chairs-row-chairs-cinema-seats-theater-chairs-theater-chairs-stepped-classrooms-conference-room-rows-of-chairs-lecture-hall-seats\/"},"modified":"2025-04-06T08:15:57","modified_gmt":"2025-04-06T08:15:57","slug":"auditorium-chairs-row-chairs-cinema-seats-theater-chairs-theater-chairs-stepped-classrooms-conference-room-rows-of-chairs-lecture-hall-seats","status":"publish","type":"product","link":"https:\/\/nexgendecors.com\/fr\/product\/auditorium-chairs-row-chairs-cinema-seats-theater-chairs-theater-chairs-stepped-classrooms-conference-room-rows-of-chairs-lecture-hall-seats\/","title":{"rendered":"Chaises d&#039;auditorium \u00e9l\u00e9gantes pour espaces modernes"},"content":{"rendered":"<ul>\n<li>\n<strong>marque<\/strong>:Constitutif<\/li>\n<li>\n<strong>mod\u00e8le<\/strong>:BG-909<\/li>\n<li>\n<strong>Y a-t-il un tableau d&#039;\u00e9criture ?<\/strong>:Oui<\/li>\n<li>\n<strong>Mat\u00e9riel<\/strong>:Tissu<\/li>\n<li>\n<strong>Taille du paquet<\/strong>:0.4 cubic meters<\/li>\n<li>\n<strong>Poids du colis<\/strong>:25KG<\/li>\n<li>\n<strong>Service en ville<\/strong>:Livraison porte-\u00e0-porte logistique intra-urbaine<\/li>\n<li>\n<strong>Y a-t-il un chemin de c\u00e2bles ?<\/strong>:Oui<\/li>\n<li>\n<strong>trier par couleur<\/strong>:BG-909 red, BG-909 gray, BG-909 purple, BG-909 dark red, BG-909 gray movable feet, BG-909 blue fixed feet, BG-8027, factory price (large quantity, preferential), BG-820-4, BG-820-5, BG-965J, BG-803h, BG-909 plastic shell thickened, BG-8037 wooden board, BG-909-2, BG-8037B, BG-73A, BG-802-3 wooden board, BG-909 wooden board post-writing, BG-909 movable feet, BG-8037 control mark, BG-820-3 this section, BG-8037 oblique feet, BG-820-3 aluminum alloy<\/li>\n<\/ul>\n<p><img><\/p>","protected":false},"excerpt":{"rendered":"<p>Marque : Constitutive Mod\u00e8le : BG-909 Y a-t-il un tableau d&#039;\u00e9criture ? : oui Mat\u00e9riau : tissu Taille du colis : 0,4 m\u00e8tre cube Poids du colis : 25 kg Service en ville : livraison porte-\u00e0-porte par logistique intra-urbaine Est<\/p>","protected":false},"featured_media":105722,"comment_status":"open","ping_status":"closed","template":"","meta":[],"product_brand":[],"product_cat":[30863,30971,30866],"product_tag":[],"class_list":{"0":"post-48487","1":"product","2":"type-product","3":"status-publish","4":"has-post-thumbnail","6":"product_cat-wholesales-cinema-theater","7":"product_cat-hp","8":"product_cat-wholesales-university-high-schools","10":"first","11":"instock","12":"taxable","13":"shipping-taxable","14":"purchasable","15":"product-type-variable"},"_links":{"self":[{"href":"https:\/\/nexgendecors.com\/fr\/wp-json\/wp\/v2\/product\/48487","targetHints":{"allow":["GET"]}}],"collection":[{"href":"https:\/\/nexgendecors.com\/fr\/wp-json\/wp\/v2\/product"}],"about":[{"href":"https:\/\/nexgendecors.com\/fr\/wp-json\/wp\/v2\/types\/product"}],"replies":[{"embeddable":true,"href":"https:\/\/nexgendecors.com\/fr\/wp-json\/wp\/v2\/comments?post=48487"}],"version-history":[{"count":0,"href":"https:\/\/nexgendecors.com\/fr\/wp-json\/wp\/v2\/product\/48487\/revisions"}],"wp:featuredmedia":[{"embeddable":true,"href":"https:\/\/nexgendecors.com\/fr\/wp-json\/wp\/v2\/media\/105722"}],"wp:attachment":[{"href":"https:\/\/nexgendecors.com\/fr\/wp-json\/wp\/v2\/media?parent=48487"}],"wp:term":[{"taxonomy":"product_brand","embeddable":true,"href":"https:\/\/nexgendecors.com\/fr\/wp-json\/wp\/v2\/product_brand?post=48487"},{"taxonomy":"product_cat","embeddable":true,"href":"https:\/\/nexgendecors.com\/fr\/wp-json\/wp\/v2\/product_cat?post=48487"},{"taxonomy":"product_tag","embeddable":true,"href":"https:\/\/nexgendecors.com\/fr\/wp-json\/wp\/v2\/product_tag?post=48487"}],"curies":[{"name":"wp","href":"https:\/\/api.w.org\/{rel}","templated":true}]}}