{"id":48517,"date":"2025-01-26T02:26:27","date_gmt":"2025-01-26T02:26:27","guid":{"rendered":"https:\/\/nexgendecors.com\/product\/auditorium-chairs-row-chairs-lecture-halls-academic-classrooms-conference-rooms-movie-theaters-solid-wood-tables-and-chairs-manufacturers-custom\/"},"modified":"2025-04-06T08:16:03","modified_gmt":"2025-04-06T08:16:03","slug":"auditorium-chairs-row-chairs-lecture-halls-academic-classrooms-conference-rooms-movie-theaters-solid-wood-tables-and-chairs-manufacturers-custom","status":"publish","type":"product","link":"https:\/\/nexgendecors.com\/fr\/product\/auditorium-chairs-row-chairs-lecture-halls-academic-classrooms-conference-rooms-movie-theaters-solid-wood-tables-and-chairs-manufacturers-custom\/","title":{"rendered":"Chaises d&#039;auditorium personnalis\u00e9es et tables en bois massif \u2013 Design \u00e9l\u00e9gant"},"content":{"rendered":"<ul>\n<li>\n<strong>marque<\/strong>:autre\/autre<\/li>\n<li>\n<strong>mod\u00e8le<\/strong>:002<\/li>\n<li>\n<strong>Y a-t-il un tableau d&#039;\u00e9criture ?<\/strong>:Oui<\/li>\n<li>\n<strong>Mat\u00e9riel<\/strong>:autre<\/li>\n<li>\n<strong>Service en ville<\/strong>:Livraison \u00e0 domicile par des vendeurs locaux<\/li>\n<li>\n<strong>Y a-t-il un chemin de c\u00e2bles ?<\/strong>:Oui<\/li>\n<li>\n<strong>trier par couleur<\/strong>:Free samples, selected with writing board, engineering with writing board, fine without writing board, engineering without writing board, customized contact customer service<\/li>\n<\/ul>\n<p><img><\/p>","protected":false},"excerpt":{"rendered":"<p>marque : autre\/autre mod\u00e8le : 002 Y a-t-il un tableau d&#039;\u00e9criture ? : oui Mat\u00e9riau : autre Service en ville : livraison \u00e0 domicile par des vendeurs locaux Y a-t-il un chemin de c\u00e2bles ? : oui trier<\/p>","protected":false},"featured_media":105756,"comment_status":"open","ping_status":"closed","template":"","meta":[],"product_brand":[],"product_cat":[30863,30971,30866],"product_tag":[],"class_list":{"0":"post-48517","1":"product","2":"type-product","3":"status-publish","4":"has-post-thumbnail","6":"product_cat-wholesales-cinema-theater","7":"product_cat-hp","8":"product_cat-wholesales-university-high-schools","10":"first","11":"instock","12":"taxable","13":"shipping-taxable","14":"purchasable","15":"product-type-variable"},"_links":{"self":[{"href":"https:\/\/nexgendecors.com\/fr\/wp-json\/wp\/v2\/product\/48517","targetHints":{"allow":["GET"]}}],"collection":[{"href":"https:\/\/nexgendecors.com\/fr\/wp-json\/wp\/v2\/product"}],"about":[{"href":"https:\/\/nexgendecors.com\/fr\/wp-json\/wp\/v2\/types\/product"}],"replies":[{"embeddable":true,"href":"https:\/\/nexgendecors.com\/fr\/wp-json\/wp\/v2\/comments?post=48517"}],"version-history":[{"count":0,"href":"https:\/\/nexgendecors.com\/fr\/wp-json\/wp\/v2\/product\/48517\/revisions"}],"wp:featuredmedia":[{"embeddable":true,"href":"https:\/\/nexgendecors.com\/fr\/wp-json\/wp\/v2\/media\/105756"}],"wp:attachment":[{"href":"https:\/\/nexgendecors.com\/fr\/wp-json\/wp\/v2\/media?parent=48517"}],"wp:term":[{"taxonomy":"product_brand","embeddable":true,"href":"https:\/\/nexgendecors.com\/fr\/wp-json\/wp\/v2\/product_brand?post=48517"},{"taxonomy":"product_cat","embeddable":true,"href":"https:\/\/nexgendecors.com\/fr\/wp-json\/wp\/v2\/product_cat?post=48517"},{"taxonomy":"product_tag","embeddable":true,"href":"https:\/\/nexgendecors.com\/fr\/wp-json\/wp\/v2\/product_tag?post=48517"}],"curies":[{"name":"wp","href":"https:\/\/api.w.org\/{rel}","templated":true}]}}