{"id":48524,"date":"2025-01-26T02:26:29","date_gmt":"2025-01-26T02:26:29","guid":{"rendered":"https:\/\/nexgendecors.com\/product\/automatic-quick-opening-mosquito-net-hammock-casual-mosquito-repellent-hammock-for-outdoor-camping1706356228747\/"},"modified":"2025-04-06T08:16:06","modified_gmt":"2025-04-06T08:16:06","slug":"hamac-anti-moustiques-a-ouverture-rapide-et-automatique-ideal-pour-le-camping-en-plein-air-1706356228747","status":"publish","type":"product","link":"https:\/\/nexgendecors.com\/fr\/product\/hamac-anti-moustiques-a-ouverture-rapide-et-automatique-ideal-pour-le-camping-en-plein-air-1706356228747\/","title":{"rendered":"Hamac moustiquaire \u00e0 ouverture rapide pour camping en plein air"},"content":{"rendered":"<div>\n<!-- x-tinymce\/html --><\/p>\n<div>\n<p>\u26fa Am\u00e9liorez votre exp\u00e9rience de camping avec le hamac moustiquaire \u00e0 ouverture rapide et automatique ultime\u00a0! Fabriqu\u00e9 en nylon r\u00e9sistant, ce hamac est l&#039;\u00e9quipement id\u00e9al pour vos aventures en plein air.<\/p>\n<p>\ud83e\udd9f <strong>D\u00e9camper:<\/strong> Dites adieu aux piq\u00fbres de moustiques ! Notre hamac est dot\u00e9 d&#039;une fonction anti-moustiques int\u00e9gr\u00e9e, vous assurant une d\u00e9tente ininterrompue au c\u0153ur de la beaut\u00e9 de la nature.<\/p>\n<p>\ud83d\ude80 <strong>Configuration rapide :<\/strong> Dites adieu aux installations fastidieuses ! Gr\u00e2ce \u00e0 son ouverture rapide et automatique, ce hamac s&#039;assemble en quelques secondes seulement : d\u00e9pliez-le, suspendez-le et vous voil\u00e0 pr\u00eat \u00e0 vous d\u00e9tendre !<\/p>\n<p>\ud83d\udcaa <strong>Durable et confortable :<\/strong> Fabriqu\u00e9 en nylon de haute qualit\u00e9, notre hamac allie durabilit\u00e9 et confort. D\u00e9tendez-vous avec style et ayez la sensation de flotter sur un nuage.<\/p>\n<p>\ud83c\udf92 <strong>Portable et l\u00e9ger :<\/strong> Vous pr\u00e9voyez un s\u00e9jour en camping\u00a0? Pas de souci\u00a0! Notre hamac est ultra-portable et l\u00e9ger. Il se glisse facilement dans votre sac \u00e0 dos pour une d\u00e9tente optimale o\u00f9 que vous alliez.<\/p>\n<p>\ud83d\udc68\u200d\ud83d\udc69\u200d\ud83d\udc67\u200d\ud83d\udc66 <strong>Convient \u00e0 tous :<\/strong> Qui a dit que les hamacs \u00e9taient r\u00e9serv\u00e9s aux enfants\u00a0? Notre hamac est adapt\u00e9 aux aventuriers de 14\u00a0ans et plus, garantissant \u00e0 chacun un confort et une d\u00e9tente absolus.<\/p>\n<p><strong>Caract\u00e9ristiques:<\/strong><\/p>\n<ul>\n<li>\n<strong>Mat\u00e9riau du tissu :<\/strong> Nylon<\/li>\n<li>\n<strong>Niveau de r\u00e9sistance \u00e0 l&#039;eau :<\/strong> Normal Imperm\u00e9able<\/li>\n<li>\n<strong>Groupe d&#039;\u00e2ge applicable :<\/strong> 14 ans et plus<\/li>\n<\/ul>\n<p>Ne laissez pas les insectes g\u00eanants et les installations inconfortables g\u00e2cher votre plaisir en plein air \u2013 procurez-vous d\u00e8s aujourd&#039;hui votre hamac moustiquaire \u00e0 ouverture rapide automatique et embarquez pour des aventures inoubliables ! \ud83c\udf1f\ud83c\udfd5\ufe0f<\/p>\n<\/div>\n<\/div>\n<p>\u00a0<\/p>","protected":false},"excerpt":{"rendered":"<p>\u26fa Am\u00e9liorez votre exp\u00e9rience de camping avec le hamac moustiquaire \u00e0 ouverture rapide et automatique ultime\u00a0! Fabriqu\u00e9 en nylon r\u00e9sistant, ce hamac<\/p>","protected":false},"featured_media":105762,"comment_status":"open","ping_status":"closed","template":"","meta":[],"product_brand":[],"product_cat":[30971,30876],"product_tag":[5905],"class_list":{"0":"post-48524","1":"product","2":"type-product","3":"status-publish","4":"has-post-thumbnail","6":"product_cat-hp","7":"product_cat-tents-and-shelter","8":"product_tag-shopify","10":"first","11":"instock","12":"sale","13":"taxable","14":"shipping-taxable","15":"purchasable","16":"product-type-variable"},"_links":{"self":[{"href":"https:\/\/nexgendecors.com\/fr\/wp-json\/wp\/v2\/product\/48524","targetHints":{"allow":["GET"]}}],"collection":[{"href":"https:\/\/nexgendecors.com\/fr\/wp-json\/wp\/v2\/product"}],"about":[{"href":"https:\/\/nexgendecors.com\/fr\/wp-json\/wp\/v2\/types\/product"}],"replies":[{"embeddable":true,"href":"https:\/\/nexgendecors.com\/fr\/wp-json\/wp\/v2\/comments?post=48524"}],"version-history":[{"count":0,"href":"https:\/\/nexgendecors.com\/fr\/wp-json\/wp\/v2\/product\/48524\/revisions"}],"wp:featuredmedia":[{"embeddable":true,"href":"https:\/\/nexgendecors.com\/fr\/wp-json\/wp\/v2\/media\/105762"}],"wp:attachment":[{"href":"https:\/\/nexgendecors.com\/fr\/wp-json\/wp\/v2\/media?parent=48524"}],"wp:term":[{"taxonomy":"product_brand","embeddable":true,"href":"https:\/\/nexgendecors.com\/fr\/wp-json\/wp\/v2\/product_brand?post=48524"},{"taxonomy":"product_cat","embeddable":true,"href":"https:\/\/nexgendecors.com\/fr\/wp-json\/wp\/v2\/product_cat?post=48524"},{"taxonomy":"product_tag","embeddable":true,"href":"https:\/\/nexgendecors.com\/fr\/wp-json\/wp\/v2\/product_tag?post=48524"}],"curies":[{"name":"wp","href":"https:\/\/api.w.org\/{rel}","templated":true}]}}