{"id":48580,"date":"2025-01-26T02:26:43","date_gmt":"2025-01-26T02:26:43","guid":{"rendered":"https:\/\/nexgendecors.com\/product\/backrest-chair-genuine-leather-home-lift-computer-chair-single-girl-comfortable-long-term-sitting-ergonomic-waist-protection-office-chair\/"},"modified":"2025-04-06T08:16:15","modified_gmt":"2025-04-06T08:16:15","slug":"backrest-chair-genuine-leather-home-lift-computer-chair-single-girl-comfortable-long-term-sitting-ergonomic-waist-protection-office-chair","status":"publish","type":"product","link":"https:\/\/nexgendecors.com\/fr\/product\/backrest-chair-genuine-leather-home-lift-computer-chair-single-girl-comfortable-long-term-sitting-ergonomic-waist-protection-office-chair\/","title":{"rendered":"Ergonomic Genuine Leather Office Chair for Comfort"},"content":{"rendered":"<ul>\n<li>\n<strong>Assembler<\/strong>:Oui<\/li>\n<li>\n<strong>Peut-il \u00eatre \u00e9lev\u00e9 ou abaiss\u00e9 ?<\/strong>:Oui<\/li>\n<li>\n<strong>Mat\u00e9riau en tissu<\/strong>:Cuir artificiel<\/li>\n<li>\n<strong>volume du colis<\/strong>:1<\/li>\n<li>\n<strong>Hauteur du dossier<\/strong>:50cm<\/li>\n<li>\n<strong>Positionnement de style<\/strong>:Qualit\u00e9 Luxe<\/li>\n<li>\n<strong>Type d&#039;appui-t\u00eate<\/strong>:No headrest<\/li>\n<li>\n<strong>trier par couleur<\/strong>:Off-white (Xipi), Off-white (cowhide), Cream white (Xipi), Cream white (cowhide), Beige (Xipi), Beige (cowhide), Rui black (Xipi), Rui black (cowhide), Custom-Silicone leather-Antifouling series, Custom-Cat scratching leather-2301 series, [High back] Milky white (Xipi), [High back] Milky white (cowhide), Need to fix the feet<\/li>\n<li>\n<strong>marque<\/strong>:Mei Fan<\/li>\n<li>\n<strong>mod\u00e8le<\/strong>:A77<\/li>\n<li>\n<strong>\u00e9l\u00e9ments populaires<\/strong>:\u00c9tranger<\/li>\n<li>\n<strong>Poids brut<\/strong>:18kg<\/li>\n<li>\n<strong>Est-ce rotatif ?<\/strong>:Oui<\/li>\n<li>\n<strong>Est-ce que cela prend en charge l\u2019ergonomie ?<\/strong>:Oui<\/li>\n<li>\n<strong>Mat\u00e9riau de pied cinq \u00e9toiles<\/strong>:Iron Foot<\/li>\n<li>\n<strong>Est-ce personnalisable ?<\/strong>:Oui<\/li>\n<li>\n<strong>Mat\u00e9riau m\u00e9tallique<\/strong>:fer<\/li>\n<li>\n<strong>Puis-je m&#039;allonger ?<\/strong>:Non<\/li>\n<li>\n<strong>Type de main courante<\/strong>:Accoudoir fixe<\/li>\n<li>\n<strong>Faut-il avoir des p\u00e9dales ?<\/strong>:Non<\/li>\n<li>\n<strong>Mat\u00e9riel<\/strong>:M\u00e9tal<\/li>\n<li>\n<strong>Instructions d&#039;installation d\u00e9taill\u00e9es<\/strong>:Vid\u00e9o d&#039;instructions d&#039;installation fournie<\/li>\n<li>\n<strong>Un taxi est-il disponible pour le transport ?<\/strong>:Oui<\/li>\n<li>\n<strong>Livraison\/installation disponible<\/strong>:Foshan, Zhengzhou, Guiyang, Guangzhou, Fuzhou, Harbin, Xiamen, Chongqing, Changzhou, Suzhou, Xi&#039;an, Shenzhen, Nanjing, P\u00e9kin, Changsha, Qingdao, Wuxi, Chengdu, Shanghai, Wuhan, Nanning, Shenyang, Dalian, Taizhou, Dongguan, Tianjin, toutes les villes, Jinhua, Hangzhou, Nanchang, Ningbo, Wenzhou<\/li>\n<li>\n<strong><\/strong>:<\/li>\n<\/ul>\n<p><img><\/p>","protected":false},"excerpt":{"rendered":"<p>Assemble:yes Can it be raised or lowered?:yes Fabric material:Artificial leather package volume:1 Backrest height:50cm Style positioning:Quality Luxury Headrest type:No headrest<\/p>","protected":false},"featured_media":105879,"comment_status":"open","ping_status":"closed","template":"","meta":[],"product_brand":[],"product_cat":[30971,30859],"product_tag":[],"class_list":{"0":"post-48580","1":"product","2":"type-product","3":"status-publish","4":"has-post-thumbnail","6":"product_cat-hp","7":"product_cat-wholesale-office","9":"first","10":"instock","11":"sale","12":"taxable","13":"shipping-taxable","14":"purchasable","15":"product-type-variable"},"_links":{"self":[{"href":"https:\/\/nexgendecors.com\/fr\/wp-json\/wp\/v2\/product\/48580","targetHints":{"allow":["GET"]}}],"collection":[{"href":"https:\/\/nexgendecors.com\/fr\/wp-json\/wp\/v2\/product"}],"about":[{"href":"https:\/\/nexgendecors.com\/fr\/wp-json\/wp\/v2\/types\/product"}],"replies":[{"embeddable":true,"href":"https:\/\/nexgendecors.com\/fr\/wp-json\/wp\/v2\/comments?post=48580"}],"version-history":[{"count":0,"href":"https:\/\/nexgendecors.com\/fr\/wp-json\/wp\/v2\/product\/48580\/revisions"}],"wp:featuredmedia":[{"embeddable":true,"href":"https:\/\/nexgendecors.com\/fr\/wp-json\/wp\/v2\/media\/105879"}],"wp:attachment":[{"href":"https:\/\/nexgendecors.com\/fr\/wp-json\/wp\/v2\/media?parent=48580"}],"wp:term":[{"taxonomy":"product_brand","embeddable":true,"href":"https:\/\/nexgendecors.com\/fr\/wp-json\/wp\/v2\/product_brand?post=48580"},{"taxonomy":"product_cat","embeddable":true,"href":"https:\/\/nexgendecors.com\/fr\/wp-json\/wp\/v2\/product_cat?post=48580"},{"taxonomy":"product_tag","embeddable":true,"href":"https:\/\/nexgendecors.com\/fr\/wp-json\/wp\/v2\/product_tag?post=48580"}],"curies":[{"name":"wp","href":"https:\/\/api.w.org\/{rel}","templated":true}]}}