{"id":48595,"date":"2025-01-26T02:26:44","date_gmt":"2025-01-26T02:26:44","guid":{"rendered":"https:\/\/nexgendecors.com\/product\/balcony-above-counter-basin-square-household-nordic-terrazzo-ceramic-basin-hotel-homestay-bathroom-wash-basin-small-2\/"},"modified":"2025-04-06T08:16:18","modified_gmt":"2025-04-06T08:16:18","slug":"balcony-above-counter-basin-square-household-nordic-terrazzo-ceramic-basin-hotel-homestay-bathroom-wash-basin-small-2","status":"publish","type":"product","link":"https:\/\/nexgendecors.com\/fr\/product\/balcony-above-counter-basin-square-household-nordic-terrazzo-ceramic-basin-hotel-homestay-bathroom-wash-basin-small-2\/","title":{"rendered":"Lavabo carr\u00e9 en c\u00e9ramique Nordic Terrazzo pour salle de bain"},"content":{"rendered":"<ul>\n<li>\n<strong>marque<\/strong>:MDTNOFR<\/li>\n<li>\n<strong>mod\u00e8le<\/strong>:g-24652<\/li>\n<li>\n<strong>Mat\u00e9riel<\/strong>:c\u00e9ramique<\/li>\n<li>\n<strong>capacit\u00e9<\/strong>:12L<\/li>\n<li>\n<strong>Origine<\/strong>:Chine continentale<\/li>\n<li>\n<strong>province<\/strong>:Province du Guangdong<\/li>\n<li>\n<strong>ville<\/strong>:Ville de Chaozhou<\/li>\n<li>\n<strong>taille<\/strong>:600MM 60cm 350mm<\/li>\n<li>\n<strong>trier par couleur<\/strong>:Rectangular No. 1 Basin, Rectangular No. 1 Set, Rectangular No. 2 Basin, Rectangular No. 2 Set, Rectangular No. 3 Basin, Rectangular No. 3 Set, Rectangular No. 4 Basin, Rectangular No. 4 Set, Rectangular Vertical Basin, Set A- Rectangular Vertical Basin, Set B- Rectangular Vertical Basin, Rectangular Horizontal Basin, Set A- Rectangular Horizontal Basin, Set B- Rectangular Horizontal Basin, Round Small Basin, Set C- Round Small Basin, Round Medium Basin, Set A- Round Medium Basin, Round Large Basin, Set A- Round Large Basin, Oval Small Basin, Set B- Oval Small Basin, Oval Large Basin, Set B- Oval Large Basin<\/li>\n<li>\n<strong>Service en ville<\/strong>:Livraison porte-\u00e0-porte logistique intra-urbaine<\/li>\n<li>\n<strong>Ouverture du robinet<\/strong>:Trou unique<\/li>\n<li>\n<strong><\/strong>:<\/li>\n<\/ul>","protected":false},"excerpt":{"rendered":"<p>Marque : MDTNOFR Mod\u00e8le : g-24652 Mat\u00e9riau : c\u00e9ramique Capacit\u00e9 : 12 L Origine : Chine continentale Province : Province du Guangdong Ville : Ville de Chaozhou Taille : 600 mm 60 cm 350 mm Trier par couleur : Rectangulaire Bassin n\u00b0 1, Rectangulaire<\/p>","protected":false},"featured_media":105897,"comment_status":"open","ping_status":"closed","template":"","meta":[],"product_brand":[],"product_cat":[30971,30880],"product_tag":[],"class_list":{"0":"post-48595","1":"product","2":"type-product","3":"status-publish","4":"has-post-thumbnail","6":"product_cat-hp","7":"product_cat-wholesales-bathroom-sink","9":"first","10":"instock","11":"taxable","12":"shipping-taxable","13":"purchasable","14":"product-type-variable"},"_links":{"self":[{"href":"https:\/\/nexgendecors.com\/fr\/wp-json\/wp\/v2\/product\/48595","targetHints":{"allow":["GET"]}}],"collection":[{"href":"https:\/\/nexgendecors.com\/fr\/wp-json\/wp\/v2\/product"}],"about":[{"href":"https:\/\/nexgendecors.com\/fr\/wp-json\/wp\/v2\/types\/product"}],"replies":[{"embeddable":true,"href":"https:\/\/nexgendecors.com\/fr\/wp-json\/wp\/v2\/comments?post=48595"}],"version-history":[{"count":0,"href":"https:\/\/nexgendecors.com\/fr\/wp-json\/wp\/v2\/product\/48595\/revisions"}],"wp:featuredmedia":[{"embeddable":true,"href":"https:\/\/nexgendecors.com\/fr\/wp-json\/wp\/v2\/media\/105897"}],"wp:attachment":[{"href":"https:\/\/nexgendecors.com\/fr\/wp-json\/wp\/v2\/media?parent=48595"}],"wp:term":[{"taxonomy":"product_brand","embeddable":true,"href":"https:\/\/nexgendecors.com\/fr\/wp-json\/wp\/v2\/product_brand?post=48595"},{"taxonomy":"product_cat","embeddable":true,"href":"https:\/\/nexgendecors.com\/fr\/wp-json\/wp\/v2\/product_cat?post=48595"},{"taxonomy":"product_tag","embeddable":true,"href":"https:\/\/nexgendecors.com\/fr\/wp-json\/wp\/v2\/product_tag?post=48595"}],"curies":[{"name":"wp","href":"https:\/\/api.w.org\/{rel}","templated":true}]}}