{"id":48676,"date":"2025-01-26T02:26:53","date_gmt":"2025-01-26T02:26:53","guid":{"rendered":"https:\/\/nexgendecors.com\/product\/bandu-furniture-alefuye-flat-replacement-home-computer-chair-white-comfortable-sedentary-office-chair-bedroom-chair-swivel-chair\/"},"modified":"2025-04-06T08:16:25","modified_gmt":"2025-04-06T08:16:25","slug":"bandu-furniture-alefuye-flat-replacement-home-computer-chair-white-comfortable-sedentary-office-chair-bedroom-chair-swivel-chair","status":"publish","type":"product","link":"https:\/\/nexgendecors.com\/fr\/product\/bandu-furniture-alefuye-flat-replacement-home-computer-chair-white-comfortable-sedentary-office-chair-bedroom-chair-swivel-chair\/","title":{"rendered":"Chaise de bureau pivotante Bandu Alefuye \u2013 \u00c9l\u00e9gante et confortable"},"content":{"rendered":"<ul>\n<li>\n<strong>Assembler<\/strong>:Oui<\/li>\n<li>\n<strong>Peut-il \u00eatre \u00e9lev\u00e9 ou abaiss\u00e9 ?<\/strong>:Oui<\/li>\n<li>\n<strong>Mat\u00e9riau en tissu<\/strong>:Peau de vache<\/li>\n<li>\n<strong>volume du colis<\/strong>:1<\/li>\n<li>\n<strong>Hauteur du dossier<\/strong>:42cm<\/li>\n<li>\n<strong>Positionnement de style<\/strong>:Qualit\u00e9 Luxe<\/li>\n<li>\n<strong>Type d&#039;appui-t\u00eate<\/strong>:No headrest<\/li>\n<li>\n<strong>trier par couleur<\/strong>:\u5976\u767d\u8272\uff08\u897f\u76ae\uff09\u3010\u5347\u7ea7\u7248\u3011,\u5976\u8336\u8272\uff08\u897f\u76ae\uff09\u3010\u5347\u7ea7\u7248\u3011,\u5976\u9ec4\u8272\uff08\u897f\u76ae\uff09\u3010\u5347\u7ea7\u7248\u3011,\u5c11\u5973\u7c89\uff08\u897f\u76ae\uff09\u3010\u5347\u7ea7\u7248\u3011,\u8584\u8377\u7eff\uff08\u897f\u76ae\uff09\u3010\u5347\u7ea7\u7248\u3011,\u7d2b\u7f57\u5170\uff08\u897f\u76ae\uff09\u3010\u5347\u7ea7\u7248\u3011,\u91d1\u68d5\u8272\uff08\u897f\u76ae\uff09\u3010\u5347\u7ea7\u7248\u3011,\u777f\u9ed1\u8272\uff08\u897f\u76ae\uff09\u3010\u5347\u7ea7\u7248\u3011,\u5976\u767d\u8272\uff08\u9632\u732b\u6293\u76ae\uff09\u3010\u5347\u7ea7\u7248\u3011,\u5976\u8336\u8272\uff08\u9632\u732b\u6293\u76ae\uff09\u3010\u5347\u7ea7\u7248\u3011,\u5976\u9ec4\u8272\uff08\u9632\u732b\u6293\u76ae\uff09\u3010\u5347\u7ea7\u7248\u3011,\u5c11\u5973\u7c89\uff08\u9632\u732b\u6293\u76ae\uff09\u3010\u5347\u7ea7\u7248\u3011,\u8584\u8377\u7eff\uff08\u9632\u732b\u6293\u76ae\uff09\u3010\u5347\u7ea7\u7248\u3011,\u7d2b\u7f57\u5170\uff08\u9632\u732b\u6293\u76ae\uff09\u3010\u5347\u7ea7\u7248\u3011,\u91d1\u68d5\u8272\uff08\u9632\u732b\u6293\u76ae\uff09\u3010\u5347\u7ea7\u7248\u3011,\u777f\u9ed1\u8272\uff08\u9632\u732b\u6293\u76ae\uff09\u3010\u5347\u7ea7\u7248\u3011,\u5976\u767d\u8272\uff08\u5168\u725b\u76ae\uff09\u3010\u5347\u7ea7\u7248\u3011,\u5976\u8336\u8272\uff08\u5168\u725b\u76ae\uff09\u3010\u5347\u7ea7\u7248\u3011-\u5f3a\u70c8\u63a8\u8350,\u5976\u9ec4\u8272\uff08\u5168\u725b\u76ae\uff09\u3010\u5347\u7ea7\u7248\u3011,\u5c11\u5973\u7c89\uff08\u5168\u725b\u76ae\uff09\u3010\u5347\u7ea7\u7248\u3011,\u8584\u8377\u7eff\uff08\u5168\u725b\u76ae\uff09\u3010\u5347\u7ea7\u7248\u3011,\u91d1\u68d5\u8272\uff08\u5168\u725b\u76ae\uff09\u3010\u5347\u7ea7\u7248\u3011,\u777f\u9ed1\u8272\uff08\u5168\u725b\u76ae\uff09\u3010\u5347\u7ea7\u7248\u3011,\u5b9a\u5236\u989c\u82727\u5929\u4e4b\u5185,\u5976\u767d\u8272\uff08\u897f\u76ae\uff09\u3010\u57fa\u7840\u7248\u3011,\u5976\u8336\u8272\uff08\u897f\u76ae\uff09\u3010\u57fa\u7840\u7248\u3011,\u5976\u9ec4\u8272\uff08\u897f\u76ae\uff09\u3010\u57fa\u7840\u7248\u3011,\u5c11\u5973\u7c89\uff08\u897f\u76ae\uff09\u3010\u57fa\u7840\u7248\u3011,\u8584\u8377\u7eff\uff08\u897f\u76ae\uff09\u3010\u57fa\u7840\u7248\u3011,\u7d2b\u7f57\u5170\uff08\u897f\u76ae\uff09\u3010\u57fa\u7840\u7248\u3011,\u91d1\u68d5\u8272\uff08\u897f\u76ae\uff09\u3010\u57fa\u7840\u7248\u3011,\u777f\u9ed1\u8272\uff08\u897f\u76ae\uff09\u3010\u57fa\u7840\u7248\u3011,\u5976\u767d\u8272\uff08\u9632\u732b\u6293\u76ae\uff09\u3010\u57fa\u7840\u7248\u3011,\u5976\u8336\u8272\uff08\u9632\u732b\u6293\u76ae\uff09\u3010\u57fa\u7840\u7248\u3011,\u5976\u9ec4\u8272\uff08\u9632\u732b\u6293\u76ae\uff09\u3010\u57fa\u7840\u7248\u3011,\u5c11\u5973\u7c89\uff08\u9632\u732b\u6293\u76ae\uff09\u3010\u57fa\u7840\u7248\u3011,\u8584\u8377\u7eff\uff08\u9632\u732b\u6293\u76ae\uff09\u3010\u57fa\u7840\u7248\u3011,\u7d2b\u7f57\u5170\uff08\u9632\u732b\u6293\u76ae\uff09\u3010\u57fa\u7840\u7248\u3011,\u91d1\u68d5\u8272\uff08\u9632\u732b\u6293\u76ae\uff09\u3010\u57fa\u7840\u7248\u3011,\u777f\u9ed1\u8272\uff08\u9632\u732b\u6293\u76ae\uff09\u3010\u57fa\u7840\u7248\u3011,\u5976\u767d\u8272\uff08\u5168\u725b\u76ae\uff09\u3010\u57fa\u7840\u7248\u3011,\u5976\u8336\u8272\uff08\u5168\u725b\u76ae\uff09\u3010\u57fa\u7840\u7248\u3011,\u5976\u9ec4\u8272\uff08\u5168\u725b\u76ae\uff09\u3010\u57fa\u7840\u7248\u3011,\u5c11\u5973\u7c89\uff08\u5168\u725b\u76ae\uff09\u3010\u57fa\u7840\u7248\u3011,\u8584\u8377\u7eff\uff08\u5168\u725b\u76ae\uff09\u3010\u57fa\u7840\u7248\u3011,\u91d1\u68d5\u8272\uff08\u5168\u725b\u76ae\uff09\u3010\u57fa\u7840\u7248\u3011,\u777f\u9ed1\u8272\uff08\u5168\u725b\u76ae\uff09\u3010\u57fa\u7840\u7248\u3011,\u9700\u8981\u5239\u8f66\u8f6e\/\u6a61\u80f6\u8f6e\/\u56fa\u5b9a\u811a\u9489 \u8054\u7cfb\u5ba2\u670d<\/li>\n<li>\n<strong>\u54c1\u724c<\/strong>:\u6885\u68b5<\/li>\n<li>\n<strong>\u578b\u53f7<\/strong>:A20<\/li>\n<li>\n<strong>\u6d41\u884c\u5143\u7d20<\/strong>:\u91d1\u5c5e<\/li>\n<li>\n<strong>\u6bdb\u91cd<\/strong>:19kg<\/li>\n<li>\n<strong>\u662f\u5426\u53ef\u65cb\u8f6c<\/strong>:\u662f<\/li>\n<li>\n<strong>\u662f\u5426\u652f\u6301\u4eba\u4f53\u5de5\u7a0b\u5b66<\/strong>:\u662f<\/li>\n<li>\n<strong>\u4e94\u661f\u811a\u6750\u8d28<\/strong>:\u94a2\u5236\u811a<\/li>\n<li>\n<strong>\u662f\u5426\u53ef\u5b9a\u5236<\/strong>:\u662f<\/li>\n<li>\n<strong>\u91d1\u5c5e\u6750\u8d28<\/strong>:\u94c1<\/li>\n<li>\n<strong>\u662f\u5426\u53ef\u8eba<\/strong>:\u662f<\/li>\n<li>\n<strong>\u6276\u624b\u7c7b\u578b<\/strong>:\u56fa\u5b9a\u6276\u624b<\/li>\n<li>\n<strong>\u662f\u5426\u5e26\u811a\u8e0f<\/strong>:\u5426<\/li>\n<li>\n<strong>\u6750\u8d28<\/strong>:\u91d1\u5c5e<\/li>\n<li>\n<strong>\u5b89\u88c5\u8bf4\u660e\u8be6\u60c5<\/strong>:\u63d0\u4f9b\u5b89\u88c5\u8bf4\u660e\u4e66,\u63d0\u4f9b\u5b89\u88c5\u8bf4\u660e\u89c6\u9891<\/li>\n<li>\n<strong>\u51fa\u79df\u8f66\u662f\u5426\u53ef\u8fd0\u8f93<\/strong>:\u662f<\/li>\n<li>\n<strong>\u53ef\u9001\u8d27\/\u5b89\u88c5<\/strong>:\u4f5b\u5c71\u5e02,\u90d1\u5dde\u5e02,\u8d35\u9633\u5e02,\u5e7f\u5dde\u5e02,\u798f\u5dde\u5e02,\u54c8\u5c14\u6ee8\u5e02,\u53a6\u95e8\u5e02,\u91cd\u5e86,\u5e38\u5dde\u5e02,\u82cf\u5dde\u5e02,\u897f\u5b89\u5e02,\u6df1\u5733\u5e02,\u5357\u4eac\u5e02,\u5317\u4eac,\u957f\u6c99\u5e02,\u9752\u5c9b\u5e02,\u65e0\u9521\u5e02,\u6210\u90fd\u5e02,\u4e0a\u6d77,\u6b66\u6c49\u5e02,\u5357\u5b81\u5e02,\u6c88\u9633\u5e02,\u5927\u8fde\u5e02,\u53f0\u5dde\u5e02,\u4e1c\u839e\u5e02,\u5929\u6d25,\u5168\u90e8\u57ce\u5e02,\u91d1\u534e\u5e02,\u676d\u5dde\u5e02,\u5357\u660c\u5e02,\u5b81\u6ce2\u5e02,\u6e29\u5dde\u5e02<\/li>\n<li>\n<strong><\/strong>:<\/li>\n<\/ul>\n<p><img><\/p>","protected":false},"excerpt":{"rendered":"<p>Assembler : oui Peut-il \u00eatre relev\u00e9 ou abaiss\u00e9 ? : oui Mat\u00e9riau du tissu : cuir de vache Volume du colis : 1 Hauteur du dossier : 42 cm Positionnement du style : luxe de qualit\u00e9 Type d&#039;appui-t\u00eate : aucun type d&#039;appui-t\u00eate<\/p>","protected":false},"featured_media":105983,"comment_status":"open","ping_status":"closed","template":"","meta":[],"product_brand":[],"product_cat":[30971,30859],"product_tag":[],"class_list":{"0":"post-48676","1":"product","2":"type-product","3":"status-publish","4":"has-post-thumbnail","6":"product_cat-hp","7":"product_cat-wholesale-office","9":"first","10":"instock","11":"sale","12":"taxable","13":"shipping-taxable","14":"purchasable","15":"product-type-variable"},"_links":{"self":[{"href":"https:\/\/nexgendecors.com\/fr\/wp-json\/wp\/v2\/product\/48676","targetHints":{"allow":["GET"]}}],"collection":[{"href":"https:\/\/nexgendecors.com\/fr\/wp-json\/wp\/v2\/product"}],"about":[{"href":"https:\/\/nexgendecors.com\/fr\/wp-json\/wp\/v2\/types\/product"}],"replies":[{"embeddable":true,"href":"https:\/\/nexgendecors.com\/fr\/wp-json\/wp\/v2\/comments?post=48676"}],"version-history":[{"count":0,"href":"https:\/\/nexgendecors.com\/fr\/wp-json\/wp\/v2\/product\/48676\/revisions"}],"wp:featuredmedia":[{"embeddable":true,"href":"https:\/\/nexgendecors.com\/fr\/wp-json\/wp\/v2\/media\/105983"}],"wp:attachment":[{"href":"https:\/\/nexgendecors.com\/fr\/wp-json\/wp\/v2\/media?parent=48676"}],"wp:term":[{"taxonomy":"product_brand","embeddable":true,"href":"https:\/\/nexgendecors.com\/fr\/wp-json\/wp\/v2\/product_brand?post=48676"},{"taxonomy":"product_cat","embeddable":true,"href":"https:\/\/nexgendecors.com\/fr\/wp-json\/wp\/v2\/product_cat?post=48676"},{"taxonomy":"product_tag","embeddable":true,"href":"https:\/\/nexgendecors.com\/fr\/wp-json\/wp\/v2\/product_tag?post=48676"}],"curies":[{"name":"wp","href":"https:\/\/api.w.org\/{rel}","templated":true}]}}