{"id":48776,"date":"2025-01-26T02:26:58","date_gmt":"2025-01-26T02:26:58","guid":{"rendered":"https:\/\/nexgendecors.com\/product\/bandu-furniture-robin-swivel-chair-bedroom-computer-chair-retro-office-chair-ergonomic-sedentary-desk-study-chair\/"},"modified":"2025-04-06T08:16:34","modified_gmt":"2025-04-06T08:16:34","slug":"bandu-furniture-robin-swivel-chair-bedroom-computer-chair-retro-office-chair-ergonomic-sedentary-desk-study-chair","status":"publish","type":"product","link":"https:\/\/nexgendecors.com\/fr\/product\/bandu-furniture-robin-swivel-chair-bedroom-computer-chair-retro-office-chair-ergonomic-sedentary-desk-study-chair\/","title":{"rendered":"Chaise pivotante ergonomique r\u00e9tro Bandu Robin"},"content":{"rendered":"<ul>\n<li>\n<strong>Assembler<\/strong>:Oui<\/li>\n<li>\n<strong>Peut-il \u00eatre \u00e9lev\u00e9 ou abaiss\u00e9 ?<\/strong>:Oui<\/li>\n<li>\n<strong>Mat\u00e9riau en tissu<\/strong>:Peau de vache<\/li>\n<li>\n<strong>volume du colis<\/strong>:0.5<\/li>\n<li>\n<strong>Hauteur du dossier<\/strong>:42cm<\/li>\n<li>\n<strong>Positionnement de style<\/strong>:\u00c9conomique<\/li>\n<li>\n<strong>Type d&#039;appui-t\u00eate<\/strong>:No headrest<\/li>\n<li>\n<strong>trier par couleur<\/strong>:Coffee color [Oil wax Xipi] black bracket (spot), coffee color [Oil wax cowhide] black bracket (spot), black [Oil wax Xipi] black bracket (spot), black [Oil wax cowhide] black bracket (spot), dark green [Oil wax Xipi] black bracket, dark green [Oil wax cowhide] black bracket, dark brown [Oil wax Xipi] black bracket, dark brown [Oil wax cowhide] black bracket, coffee color [Xipi] black bracket (spot), coffee color [cowhide] black bracket (spot), apricot brown [Xipi] black bracket (spot), apricot brown [ Cowhide] Black Bracket (Spot), White [Xipi] Black Bracket (Spot), White [Cowhide] Black Bracket (Spot), Off-white [Xipi] Black Bracket (Spot), Off-white [Cowhide] Black Bracket (Spot), Bright Orange [Xipi] Black Bracket (Spot), Bright Orange [Cowhide] Black Bracket (Spot), Black [Xipi] Black Bracket (Spot), Black [Cowhide] Black Bracket (Spot), Military Green [Xipi] Black Bracket, Military Green [Cowhide] Black Bracket, Support Custom Colors, Support Custom Colors (Oil Wax Leather)<\/li>\n<li>\n<strong>marque<\/strong>:Umebon<\/li>\n<li>\n<strong>mod\u00e8le<\/strong>:MR072-Economy Edition<\/li>\n<li>\n<strong>\u00e9l\u00e9ments populaires<\/strong>:Shaped, Metal<\/li>\n<li>\n<strong>Poids brut<\/strong>:20 kg<\/li>\n<li>\n<strong>Est-ce rotatif ?<\/strong>:Oui<\/li>\n<li>\n<strong>Est-ce que cela prend en charge l\u2019ergonomie ?<\/strong>:Oui<\/li>\n<li>\n<strong>Mat\u00e9riau de pied cinq \u00e9toiles<\/strong>:Pieds en alliage d&#039;aluminium<\/li>\n<li>\n<strong>Est-ce personnalisable ?<\/strong>:Oui<\/li>\n<li>\n<strong>Puis-je m&#039;allonger ?<\/strong>:Oui<\/li>\n<li>\n<strong>Type de main courante<\/strong>:Accoudoir fixe<\/li>\n<li>\n<strong>Faut-il avoir des p\u00e9dales ?<\/strong>:Non<\/li>\n<li>\n<strong>Mat\u00e9riel<\/strong>:Peau de vache<\/li>\n<li>\n<strong>Instructions d&#039;installation d\u00e9taill\u00e9es<\/strong>:Vid\u00e9o d&#039;instructions d&#039;installation fournie<\/li>\n<li>\n<strong>Un taxi est-il disponible pour le transport ?<\/strong>:Non<\/li>\n<li>\n<strong>Livraison\/installation disponible<\/strong>:Foshan, Zhengzhou, Guiyang, Guangzhou, Fuzhou, Harbin, Xiamen, Chongqing, Changzhou, Suzhou, Xi&#8217;an, Shenzhen, Nanjing, Beijing, Wuxi, Qingdao, Changsha, Chengdu City, Shanghai, Wuhan, Nanning, Shenyang, Dalian, Taizhou, Dongguan, Tianjin, all cities, Jinhua, Hangzhou, Ningbo, Nanchang, Wenzhou<\/li>\n<\/ul>","protected":false},"excerpt":{"rendered":"<p>Assembler : oui Peut-il \u00eatre relev\u00e9 ou abaiss\u00e9 ? : oui Mat\u00e9riau du tissu : cuir de vache Volume du colis : 0,5 Hauteur du dossier : 42 cm Style de positionnement : \u00e9conomique Type d&#039;appui-t\u00eate : sans appui-t\u00eate Trier par<\/p>","protected":false},"featured_media":106091,"comment_status":"open","ping_status":"closed","template":"","meta":[],"product_brand":[],"product_cat":[30971,30859],"product_tag":[],"class_list":{"0":"post-48776","1":"product","2":"type-product","3":"status-publish","4":"has-post-thumbnail","6":"product_cat-hp","7":"product_cat-wholesale-office","9":"first","10":"instock","11":"sale","12":"taxable","13":"shipping-taxable","14":"purchasable","15":"product-type-variable"},"_links":{"self":[{"href":"https:\/\/nexgendecors.com\/fr\/wp-json\/wp\/v2\/product\/48776","targetHints":{"allow":["GET"]}}],"collection":[{"href":"https:\/\/nexgendecors.com\/fr\/wp-json\/wp\/v2\/product"}],"about":[{"href":"https:\/\/nexgendecors.com\/fr\/wp-json\/wp\/v2\/types\/product"}],"replies":[{"embeddable":true,"href":"https:\/\/nexgendecors.com\/fr\/wp-json\/wp\/v2\/comments?post=48776"}],"version-history":[{"count":0,"href":"https:\/\/nexgendecors.com\/fr\/wp-json\/wp\/v2\/product\/48776\/revisions"}],"wp:featuredmedia":[{"embeddable":true,"href":"https:\/\/nexgendecors.com\/fr\/wp-json\/wp\/v2\/media\/106091"}],"wp:attachment":[{"href":"https:\/\/nexgendecors.com\/fr\/wp-json\/wp\/v2\/media?parent=48776"}],"wp:term":[{"taxonomy":"product_brand","embeddable":true,"href":"https:\/\/nexgendecors.com\/fr\/wp-json\/wp\/v2\/product_brand?post=48776"},{"taxonomy":"product_cat","embeddable":true,"href":"https:\/\/nexgendecors.com\/fr\/wp-json\/wp\/v2\/product_cat?post=48776"},{"taxonomy":"product_tag","embeddable":true,"href":"https:\/\/nexgendecors.com\/fr\/wp-json\/wp\/v2\/product_tag?post=48776"}],"curies":[{"name":"wp","href":"https:\/\/api.w.org\/{rel}","templated":true}]}}