{"id":48968,"date":"2025-01-26T02:27:19","date_gmt":"2025-01-26T02:27:19","guid":{"rendered":"https:\/\/nexgendecors.com\/product\/bauhaus-dining-chair-designer-modern-simple-stainless-steel-book-chair-creative-home-backrest-leisure-chair-vintage-chair\/"},"modified":"2025-04-06T08:16:53","modified_gmt":"2025-04-06T08:16:53","slug":"bauhaus-dining-chair-designer-modern-simple-stainless-steel-book-chair-creative-home-backrest-leisure-chair-vintage-chair","status":"publish","type":"product","link":"https:\/\/nexgendecors.com\/fr\/product\/bauhaus-dining-chair-designer-modern-simple-stainless-steel-book-chair-creative-home-backrest-leisure-chair-vintage-chair\/","title":{"rendered":"Chaise de salle \u00e0 manger Bauhaus en acier inoxydable \u2013 Design vintage et d\u00e9contract\u00e9"},"content":{"rendered":"<ul>\n<li>\n<strong>marque<\/strong>:Strict<\/li>\n<li>\n<strong>mod\u00e8le<\/strong>:M4<\/li>\n<li>\n<strong>Mat\u00e9riel<\/strong>:M\u00e9tal<\/li>\n<li>\n<strong>Mat\u00e9riau m\u00e9tallique<\/strong>:Acier inoxydable<\/li>\n<li>\n<strong>style<\/strong>:M\u00e9di\u00e9val<\/li>\n<li>\n<strong>trier par couleur<\/strong>:Coffee color, color customization<\/li>\n<li>\n<strong>Mat\u00e9riau de finition<\/strong>:Coton et lin<\/li>\n<li>\n<strong>Est-ce personnalisable ?<\/strong>:Oui<\/li>\n<li>\n<strong>Est-ce rotatif ?<\/strong>:Non<\/li>\n<li>\n<strong>Y a-t-il des mains courantes ?<\/strong>:Oui<\/li>\n<li>\n<strong>Appropri\u00e9<\/strong>:G\u00e9n\u00e9ral<\/li>\n<li>\n<strong>Origine<\/strong>:Province du Fujian<\/li>\n<li>\n<strong>ville<\/strong>:Ville de Quanzhou<\/li>\n<li>\n<strong>Districts et comt\u00e9s<\/strong>:Comt\u00e9 d&#039;Anxi<\/li>\n<li>\n<strong>Assembler<\/strong>:Non<\/li>\n<li>\n<strong>Le si\u00e8ge est-il rembourr\u00e9 ?<\/strong>:Oui<\/li>\n<li>\n<strong>Positionnement de style<\/strong>:Style artistique<\/li>\n<li>\n<strong><\/strong>:<\/li>\n<\/ul>\n<p><img><\/p>","protected":false},"excerpt":{"rendered":"<p>Marque : Strict Mod\u00e8le : M4 Mat\u00e9riau : M\u00e9tal Mat\u00e9riau du m\u00e9tal : Acier inoxydable Style : M\u00e9di\u00e9val Trier par couleur : Couleur caf\u00e9, personnalisation des couleurs Mat\u00e9riau de finition : Coton et lin Est-il personnalisable ? : Oui<\/p>","protected":false},"featured_media":106305,"comment_status":"open","ping_status":"closed","template":"","meta":[],"product_brand":[],"product_cat":[30855,30852,30862,30971,30860],"product_tag":[],"class_list":{"0":"post-48968","1":"product","2":"type-product","3":"status-publish","4":"has-post-thumbnail","6":"product_cat-wholesale-chairs","7":"product_cat-dining-set","8":"product_cat-wholesales-hotels","9":"product_cat-hp","10":"product_cat-wholesale-restaurant","12":"first","13":"instock","14":"sale","15":"taxable","16":"shipping-taxable","17":"purchasable","18":"product-type-variable"},"_links":{"self":[{"href":"https:\/\/nexgendecors.com\/fr\/wp-json\/wp\/v2\/product\/48968","targetHints":{"allow":["GET"]}}],"collection":[{"href":"https:\/\/nexgendecors.com\/fr\/wp-json\/wp\/v2\/product"}],"about":[{"href":"https:\/\/nexgendecors.com\/fr\/wp-json\/wp\/v2\/types\/product"}],"replies":[{"embeddable":true,"href":"https:\/\/nexgendecors.com\/fr\/wp-json\/wp\/v2\/comments?post=48968"}],"version-history":[{"count":0,"href":"https:\/\/nexgendecors.com\/fr\/wp-json\/wp\/v2\/product\/48968\/revisions"}],"wp:featuredmedia":[{"embeddable":true,"href":"https:\/\/nexgendecors.com\/fr\/wp-json\/wp\/v2\/media\/106305"}],"wp:attachment":[{"href":"https:\/\/nexgendecors.com\/fr\/wp-json\/wp\/v2\/media?parent=48968"}],"wp:term":[{"taxonomy":"product_brand","embeddable":true,"href":"https:\/\/nexgendecors.com\/fr\/wp-json\/wp\/v2\/product_brand?post=48968"},{"taxonomy":"product_cat","embeddable":true,"href":"https:\/\/nexgendecors.com\/fr\/wp-json\/wp\/v2\/product_cat?post=48968"},{"taxonomy":"product_tag","embeddable":true,"href":"https:\/\/nexgendecors.com\/fr\/wp-json\/wp\/v2\/product_tag?post=48968"}],"curies":[{"name":"wp","href":"https:\/\/api.w.org\/{rel}","templated":true}]}}