{"id":48971,"date":"2025-01-26T02:27:20","date_gmt":"2025-01-26T02:27:20","guid":{"rendered":"https:\/\/nexgendecors.com\/product\/baxter-italian-moon-surface-french-light-luxury-small-apartment-designer-american-living-room-buckle-sofa\/"},"modified":"2025-04-06T08:16:57","modified_gmt":"2025-04-06T08:16:57","slug":"baxter-italien-lune-surface-francais-lumiere-luxe-petit-appartement-designer-americain-salon-boucle-canape","status":"publish","type":"product","link":"https:\/\/nexgendecors.com\/fr\/product\/baxter-italien-lune-surface-francais-lumiere-luxe-petit-appartement-designer-americain-salon-boucle-canape\/","title":{"rendered":"Canap\u00e9 Baxter Buckle\u00a0: le luxe italien pour les petits espaces"},"content":{"rendered":"<ul>\n<li>\n<strong>Y a-t-il un espace de stockage ?<\/strong>:Non<\/li>\n<li>\n<strong>style<\/strong>:Minimalisme italien<\/li>\n<li>\n<strong>Assembler<\/strong>:Non<\/li>\n<li>\n<strong>Fonctionnalit\u00e9s suppl\u00e9mentaires<\/strong>:Autre<\/li>\n<li>\n<strong>volume du colis<\/strong>:1.6<\/li>\n<li>\n<strong>Remplissage<\/strong>:\u00c9ponge \u00e0 haute r\u00e9silience<\/li>\n<li>\n<strong>Combinaison de canap\u00e9<\/strong>:droit<\/li>\n<li>\n<strong>Positionnement de style<\/strong>:Qualit\u00e9 Luxe<\/li>\n<li>\n<strong>Gamme de finitions en cuir<\/strong>:Cuir<\/li>\n<li>\n<strong>trier par couleur<\/strong>:Si\u00e8ge simple \u2013 cuir mat \u00e9cologique import\u00e9 (130CM) Si\u00e8ge double \u2013 cuir mat \u00e9cologique import\u00e9 (190CM) Trois si\u00e8ges \u2013 cuir mat \u00e9cologique import\u00e9 (245CM) Quatre si\u00e8ges \u2013 cuir mat \u00e9cologique import\u00e9 (280CM) Cinq si\u00e8ges \u2013 cuir mat \u00e9cologique import\u00e9 (315CM) Si\u00e8ge simple \u2013 cuir de vachette \u00e9pais import\u00e9 de premi\u00e8re couche (130CM) Si\u00e8ge double \u2013 cuir de vachette \u00e9pais import\u00e9 de premi\u00e8re couche (190CM) Trois si\u00e8ges \u2013 cuir de vachette \u00e9pais import\u00e9 de premi\u00e8re couche (245CM) Quatre si\u00e8ges \u2013 cuir de vachette \u00e9pais import\u00e9 de premi\u00e8re couche (280CM) Cinq si\u00e8ges \u2013 cuir de vachette \u00e9pais import\u00e9 de premi\u00e8re couche (315CM) Si\u00e8ge simple \u2013 fleur double pli originale en cuir de vachette givr\u00e9 import\u00e9 Si\u00e8ge double \u2013 fleur double pli originale en cuir de vachette givr\u00e9 import\u00e9 Trois si\u00e8ges \u2013 fleur double pli originale en cuir de vachette givr\u00e9 import\u00e9 Quatre si\u00e8ges \u2013 fleur double pli originale en cuir de vachette givr\u00e9 import\u00e9 Cinq si\u00e8ges \u2013 fleur double pli originale en cuir de vachette givr\u00e9 import\u00e9 La taille et la couleur sont personnalis\u00e9es et d\u00e9pos\u00e9es pour une prise de vue sp\u00e9ciale<\/li>\n<li>\n<strong>marque<\/strong>:FUEJORE\/FUEJORE<\/li>\n<li>\n<strong>mod\u00e8le<\/strong>:SF09<\/li>\n<li>\n<strong>Mati\u00e8re cuir<\/strong>:Couche sup\u00e9rieure en cuir de vachette, cuir de vachette enti\u00e8rement vert, cuir de vachette v\u00e9ritable italien, cuir nubuck<\/li>\n<li>\n<strong>Duret\u00e9 du remplissage<\/strong>:Duret\u00e9 et douceur mod\u00e9r\u00e9es<\/li>\n<li>\n<strong>Appropri\u00e9<\/strong>:G\u00e9n\u00e9ral<\/li>\n<li>\n<strong>Technologie structurelle<\/strong>:Art du cuir<\/li>\n<li>\n<strong>Est-ce personnalisable ?<\/strong>:Non<\/li>\n<li>\n<strong>Mat\u00e9riel<\/strong>:Pin<\/li>\n<li>\n<strong>Instructions d&#039;installation d\u00e9taill\u00e9es<\/strong>:Installation par le ma\u00eetre<\/li>\n<li>\n<strong>Nombre de personnes applicable<\/strong>:combinaison<\/li>\n<li>\n<strong>mod\u00e8le<\/strong>:Autre<\/li>\n<li>\n<strong>Un taxi est-il disponible pour le transport ?<\/strong>:Non<\/li>\n<li>\n<strong>Livraison\/installation disponible<\/strong>:Foshan Zhengzhou Guiyang Guangzhou Fuzhou Harbin Xiamen Chongqing Changzhou Suzhou Xi&#039;an Shenzhen Nanjing Changsha P\u00e9kin Qingdao Wuxi Chengdu Shanghai Wuhan Nanning National Shenyang Dalian Taizhou Dongguan Tianjin Autre Jinhua Hangzhou Nanchang Ningbo Wenzhou<\/li>\n<li>\n<strong>Processus de finition du cuir<\/strong>:Givr\u00e9<\/li>\n<li>\n<strong><\/strong>:<\/li>\n<\/ul>\n<p><img><\/p>","protected":false},"excerpt":{"rendered":"<p>Y a-t-il un espace de rangement\u00a0? :non Style\u00a0:Minimalisme italien Assemblage\u00a0:non Caract\u00e9ristiques suppl\u00e9mentaires\u00a0:Autre volume du colis\u00a0:1,6 Remplissage\u00a0:\u00c9ponge haute r\u00e9silience Combinaison de canap\u00e9\u00a0:droit Positionnement du style\u00a0:Cuir de luxe de qualit\u00e9<\/p>","protected":false},"featured_media":106310,"comment_status":"open","ping_status":"closed","template":"","meta":[],"product_brand":[],"product_cat":[30862,30971,30860,30850],"product_tag":[],"class_list":{"0":"post-48971","1":"product","2":"type-product","3":"status-publish","4":"has-post-thumbnail","6":"product_cat-wholesales-hotels","7":"product_cat-hp","8":"product_cat-wholesale-restaurant","9":"product_cat-wholesale-furniture","11":"first","12":"instock","13":"sale","14":"taxable","15":"shipping-taxable","16":"purchasable","17":"product-type-variable"},"_links":{"self":[{"href":"https:\/\/nexgendecors.com\/fr\/wp-json\/wp\/v2\/product\/48971","targetHints":{"allow":["GET"]}}],"collection":[{"href":"https:\/\/nexgendecors.com\/fr\/wp-json\/wp\/v2\/product"}],"about":[{"href":"https:\/\/nexgendecors.com\/fr\/wp-json\/wp\/v2\/types\/product"}],"replies":[{"embeddable":true,"href":"https:\/\/nexgendecors.com\/fr\/wp-json\/wp\/v2\/comments?post=48971"}],"version-history":[{"count":0,"href":"https:\/\/nexgendecors.com\/fr\/wp-json\/wp\/v2\/product\/48971\/revisions"}],"wp:featuredmedia":[{"embeddable":true,"href":"https:\/\/nexgendecors.com\/fr\/wp-json\/wp\/v2\/media\/106310"}],"wp:attachment":[{"href":"https:\/\/nexgendecors.com\/fr\/wp-json\/wp\/v2\/media?parent=48971"}],"wp:term":[{"taxonomy":"product_brand","embeddable":true,"href":"https:\/\/nexgendecors.com\/fr\/wp-json\/wp\/v2\/product_brand?post=48971"},{"taxonomy":"product_cat","embeddable":true,"href":"https:\/\/nexgendecors.com\/fr\/wp-json\/wp\/v2\/product_cat?post=48971"},{"taxonomy":"product_tag","embeddable":true,"href":"https:\/\/nexgendecors.com\/fr\/wp-json\/wp\/v2\/product_tag?post=48971"}],"curies":[{"name":"wp","href":"https:\/\/api.w.org\/{rel}","templated":true}]}}