{"id":49126,"date":"2025-01-26T02:27:36","date_gmt":"2025-01-26T02:27:36","guid":{"rendered":"https:\/\/nexgendecors.com\/product\/bedside-chandelier-modern-simple-light-luxury-nordic-living-room-background-wall-long-line-chandelier-net-celebrity-bedroom-bedside-small-chandelier\/"},"modified":"2025-04-06T08:17:15","modified_gmt":"2025-04-06T08:17:15","slug":"bedside-chandelier-modern-simple-light-luxury-nordic-living-room-background-wall-long-line-chandelier-net-celebrity-bedroom-bedside-small-chandelier","status":"publish","type":"product","link":"https:\/\/nexgendecors.com\/fr\/product\/bedside-chandelier-modern-simple-light-luxury-nordic-living-room-background-wall-long-line-chandelier-net-celebrity-bedroom-bedside-small-chandelier\/","title":{"rendered":"Nordic Luxury Bedside Chandelier &#8211; Modern Simple Design"},"content":{"rendered":"<ul>\n<li>\n<strong>marque<\/strong>:Schmidt<\/li>\n<li>\n<strong>mod\u00e8le<\/strong>:D8997-1<\/li>\n<li>\n<strong>pouvoir<\/strong>:5W et moins<\/li>\n<li>\n<strong>style<\/strong>:Europe du Nord<\/li>\n<li>\n<strong>Temp\u00e9rature de couleur de la source lumineuse Valeur K<\/strong>:3000K<\/li>\n<li>\n<strong>Espace applicable<\/strong>:Chambre\/Bureau<\/li>\n<li>\n<strong>trier par couleur<\/strong>:Long black + E bronze + warm light (hanging line length 2 meters adjustable) Long black + E bronze + warm light (with Philips energy-saving eye protection light source) Long black + E bronze + three-color light change (hanging line length 2 meters adjustable) Long black + E bronze + smart Tmall Genie (hanging line length 2 meters adjustable) Long black + E bronze + smart Tmall Genie-2 packs (hanging line length 2 meters adjustable) Long black + E bronze + warm light-2 packs Long black + E bronze + three-color light change-2 packs Long bronze + E bronze + warm light (hanging line length 2 meters adjustable) Long bronze + E bronze + warm light (with Philips energy-saving eye protection light source) Long bronze + E bronze + three-color light change (hanging line length 2 meters adjustable) Long bronze + E bronze + smart Tmall Genie (hanging line length 2 meters adjustable) Long bronze + E bronze + smart Tmall Genie-2 packs (hanging line length 2 meters adjustable) Long bronze + E bronze + warm light-2 packsLong bronze + E bronze + three-color light-changing-2 packsLong black + E black + warm light (hanging line length 2 meters adjustable)Long black + E black + warm light (with Philips energy-saving eye protection light source)Long black + E black + three-color light-changing (hanging line length 2 meters adjustable)Long black + E black + smart Tmall Genie (hanging line length 2 meters adjustable)Long black + E black + smart Tmall Genie-2 packs (hanging line length 2 meters adjustable)Long black + E black + warm light-2 packsLong black + E black + three-color light-changing-2 packs<\/li>\n<li>\n<strong>La lampe a-t-elle une source lumineuse ?<\/strong>:Non<\/li>\n<li>\n<strong>Service en ville<\/strong>:Livraison \u00e0 domicile par des vendeurs locaux<\/li>\n<li>\n<strong>Tension<\/strong>:111V~240V (inclus)<\/li>\n<li>\n<strong>Mat\u00e9riau principal du corps de la lampe<\/strong>:aluminium<\/li>\n<li>\n<strong>Mat\u00e9riau principal de l&#039;abat-jour<\/strong>:aluminium<\/li>\n<li>\n<strong>type de source lumineuse<\/strong>:LED lamp incandescent lamp<\/li>\n<li>\n<strong>Nombre de sources lumineuses<\/strong>:1<\/li>\n<li>\n<strong>Technologie<\/strong>:Gla\u00e7age \u00e0 la peinture en a\u00e9rosol<\/li>\n<li>\n<strong>Zone d&#039;irradiation<\/strong>:3\u33a1-5\u33a1<\/li>\n<li>\n<strong>Type de contr\u00f4le<\/strong>:Other intelligent voice control APP control intelligent switch control<\/li>\n<li>\n<strong>Mat\u00e9riau auxiliaire pour abat-jour<\/strong>:aluminium<\/li>\n<li>\n<strong>Mat\u00e9riau auxiliaire du corps de la lampe<\/strong>:aluminium<\/li>\n<li>\n<strong>Type intelligent<\/strong>:Connect\u00e9 \u00e0 Tmall Genie<\/li>\n<li>\n<strong>Que ce soit un contr\u00f4le intelligent<\/strong>:Oui<\/li>\n<li>\n<strong>Forme de la lampe<\/strong>:Lustre en forme de ligne de p\u00eache<\/li>\n<li>\n<strong>Nombre de t\u00eates de lampe<\/strong>:1<\/li>\n<li>\n<strong>Type de lustre<\/strong>:Lustre en fer forg\u00e9<\/li>\n<li>\n<strong>P\u00e9riode de garantie<\/strong>:3 ans<\/li>\n<li>\n<strong>Num\u00e9ro de certificat 3C<\/strong>:2023011001539682<\/li>\n<\/ul>\n<p><img><\/p>","protected":false},"excerpt":{"rendered":"<p>brand:Schmidt model:D8997-1 power:5W and below style:Northern Europe Light source color temperature K value:3000K Applicable space:Bedroom\/Study sort by color:Long black +<\/p>","protected":false},"featured_media":106485,"comment_status":"open","ping_status":"closed","template":"","meta":[],"product_brand":[],"product_cat":[30971,30864],"product_tag":[],"class_list":{"0":"post-49126","1":"product","2":"type-product","3":"status-publish","4":"has-post-thumbnail","6":"product_cat-hp","7":"product_cat-new-wholesales-lights","9":"first","10":"instock","11":"taxable","12":"shipping-taxable","13":"purchasable","14":"product-type-variable"},"_links":{"self":[{"href":"https:\/\/nexgendecors.com\/fr\/wp-json\/wp\/v2\/product\/49126","targetHints":{"allow":["GET"]}}],"collection":[{"href":"https:\/\/nexgendecors.com\/fr\/wp-json\/wp\/v2\/product"}],"about":[{"href":"https:\/\/nexgendecors.com\/fr\/wp-json\/wp\/v2\/types\/product"}],"replies":[{"embeddable":true,"href":"https:\/\/nexgendecors.com\/fr\/wp-json\/wp\/v2\/comments?post=49126"}],"version-history":[{"count":0,"href":"https:\/\/nexgendecors.com\/fr\/wp-json\/wp\/v2\/product\/49126\/revisions"}],"wp:featuredmedia":[{"embeddable":true,"href":"https:\/\/nexgendecors.com\/fr\/wp-json\/wp\/v2\/media\/106485"}],"wp:attachment":[{"href":"https:\/\/nexgendecors.com\/fr\/wp-json\/wp\/v2\/media?parent=49126"}],"wp:term":[{"taxonomy":"product_brand","embeddable":true,"href":"https:\/\/nexgendecors.com\/fr\/wp-json\/wp\/v2\/product_brand?post=49126"},{"taxonomy":"product_cat","embeddable":true,"href":"https:\/\/nexgendecors.com\/fr\/wp-json\/wp\/v2\/product_cat?post=49126"},{"taxonomy":"product_tag","embeddable":true,"href":"https:\/\/nexgendecors.com\/fr\/wp-json\/wp\/v2\/product_tag?post=49126"}],"curies":[{"name":"wp","href":"https:\/\/api.w.org\/{rel}","templated":true}]}}