{"id":49155,"date":"2025-01-26T02:27:40","date_gmt":"2025-01-26T02:27:40","guid":{"rendered":"https:\/\/nexgendecors.com\/product\/bedside-table-light-luxury-simple-modern-high-end-artistic-acrylic-storage-cabinet-creative-bedside-storage-cabinet-side-cabinet-bed-2\/"},"modified":"2025-04-06T08:17:21","modified_gmt":"2025-04-06T08:17:21","slug":"bedside-table-light-luxury-simple-modern-high-end-artistic-acrylic-storage-cabinet-creative-bedside-storage-cabinet-side-cabinet-bed-2","status":"publish","type":"product","link":"https:\/\/nexgendecors.com\/fr\/product\/bedside-table-light-luxury-simple-modern-high-end-artistic-acrylic-storage-cabinet-creative-bedside-storage-cabinet-side-cabinet-bed-2\/","title":{"rendered":"Table de chevet de luxe moderne en acrylique"},"content":{"rendered":"<ul>\n<li>\n<strong>style<\/strong>:Simple et moderne<\/li>\n<li>\n<strong>Assembler<\/strong>:Non<\/li>\n<li>\n<strong>Whether with damping<\/strong>:Oui<\/li>\n<li>\n<strong>Mat\u00e9riau de finition<\/strong>:Acrylique<\/li>\n<li>\n<strong>Fonctionnalit\u00e9s suppl\u00e9mentaires<\/strong>:Stockage<\/li>\n<li>\n<strong>volume du colis<\/strong>:0.08<\/li>\n<li>\n<strong>Structure du meuble<\/strong>:Cadre<\/li>\n<li>\n<strong>trier par couleur<\/strong>:A best-selling pattern, B best-selling pattern, C best-selling pattern, D best-selling pattern, E best-selling pattern, custom<\/li>\n<li>\n<strong>Poids brut<\/strong>:10kg<\/li>\n<li>\n<strong>marque<\/strong>:OTHER<\/li>\n<li>\n<strong>mod\u00e8le<\/strong>:High-end artistic acrylic bedside table<\/li>\n<li>\n<strong>taille<\/strong>:50x40x43.5cm<\/li>\n<li>\n<strong>Que ce soit avec un rouleau<\/strong>:Non<\/li>\n<li>\n<strong>Appropri\u00e9<\/strong>:Adultes<\/li>\n<li>\n<strong>Est-ce personnalisable ?<\/strong>:Oui<\/li>\n<li>\n<strong>Mat\u00e9riel<\/strong>:Bois<\/li>\n<li>\n<strong>Mat\u00e9riau en bois<\/strong>:autre<\/li>\n<li>\n<strong>Instructions d&#039;installation d\u00e9taill\u00e9es<\/strong>:Aucune instruction d&#039;installation<\/li>\n<li>\n<strong>mod\u00e8le<\/strong>:Art<\/li>\n<li>\n<strong>Drawer guide section number<\/strong>:1 section<\/li>\n<li>\n<strong>haut<\/strong>:600mm or less<\/li>\n<li>\n<strong>Livraison\/installation disponible<\/strong>:autre<\/li>\n<li>\n<strong>Nombre de portes<\/strong>:Pas de porte<\/li>\n<\/ul>\n<p><img><\/p>","protected":false},"excerpt":{"rendered":"<p>Style : simple et moderne Assemblage : non Avec amortissement : oui Mat\u00e9riau de finition : acrylique Caract\u00e9ristiques suppl\u00e9mentaires : volume du paquet de stockage : 0,08 Structure du meuble : cadre trier par couleur : un motif \u00e0 succ\u00e8s,<\/p>","protected":false},"featured_media":106502,"comment_status":"open","ping_status":"closed","template":"","meta":[],"product_brand":[],"product_cat":[30858,30862,30971,30850,30854],"product_tag":[],"class_list":{"0":"post-49155","1":"product","2":"type-product","3":"status-publish","4":"has-post-thumbnail","6":"product_cat-wholesale-bedroom","7":"product_cat-wholesales-hotels","8":"product_cat-hp","9":"product_cat-wholesale-furniture","10":"product_cat-wholesale-side-table","12":"first","13":"instock","14":"taxable","15":"shipping-taxable","16":"purchasable","17":"product-type-variable"},"_links":{"self":[{"href":"https:\/\/nexgendecors.com\/fr\/wp-json\/wp\/v2\/product\/49155","targetHints":{"allow":["GET"]}}],"collection":[{"href":"https:\/\/nexgendecors.com\/fr\/wp-json\/wp\/v2\/product"}],"about":[{"href":"https:\/\/nexgendecors.com\/fr\/wp-json\/wp\/v2\/types\/product"}],"replies":[{"embeddable":true,"href":"https:\/\/nexgendecors.com\/fr\/wp-json\/wp\/v2\/comments?post=49155"}],"version-history":[{"count":0,"href":"https:\/\/nexgendecors.com\/fr\/wp-json\/wp\/v2\/product\/49155\/revisions"}],"wp:featuredmedia":[{"embeddable":true,"href":"https:\/\/nexgendecors.com\/fr\/wp-json\/wp\/v2\/media\/106502"}],"wp:attachment":[{"href":"https:\/\/nexgendecors.com\/fr\/wp-json\/wp\/v2\/media?parent=49155"}],"wp:term":[{"taxonomy":"product_brand","embeddable":true,"href":"https:\/\/nexgendecors.com\/fr\/wp-json\/wp\/v2\/product_brand?post=49155"},{"taxonomy":"product_cat","embeddable":true,"href":"https:\/\/nexgendecors.com\/fr\/wp-json\/wp\/v2\/product_cat?post=49155"},{"taxonomy":"product_tag","embeddable":true,"href":"https:\/\/nexgendecors.com\/fr\/wp-json\/wp\/v2\/product_tag?post=49155"}],"curies":[{"name":"wp","href":"https:\/\/api.w.org\/{rel}","templated":true}]}}