{"id":49175,"date":"2025-01-26T02:27:45","date_gmt":"2025-01-26T02:27:45","guid":{"rendered":"https:\/\/nexgendecors.com\/product\/bench-outdoor-courtyard-iron-long-bench-park-plastic-wood-chair-antiseptic-wood-leisure-seat-stainless-steel-park-chair-2\/"},"modified":"2025-04-06T08:17:24","modified_gmt":"2025-04-06T08:17:24","slug":"bench-outdoor-courtyard-iron-long-bench-park-plastic-wood-chair-antiseptic-wood-leisure-seat-stainless-steel-park-chair-2","status":"publish","type":"product","link":"https:\/\/nexgendecors.com\/fr\/product\/bench-outdoor-courtyard-iron-long-bench-park-plastic-wood-chair-antiseptic-wood-leisure-seat-stainless-steel-park-chair-2\/","title":{"rendered":"Banc long en fer \u00e9l\u00e9gant pour cours ext\u00e9rieures"},"content":{"rendered":"<ul>\n<li>\n<strong>marque<\/strong>:autre\/autre<\/li>\n<li>\n<strong>mod\u00e8le<\/strong>:A060<\/li>\n<li>\n<strong>Mat\u00e9riau du si\u00e8ge<\/strong>:Bois massif<\/li>\n<li>\n<strong>mod\u00e8le<\/strong>:Art<\/li>\n<li>\n<strong>style<\/strong>:Simple et moderne<\/li>\n<li>\n<strong>\u00e9l\u00e9ments populaires<\/strong>:\u00c9pissage<\/li>\n<li>\n<strong>trier par couleur<\/strong>:[Anticorrosive wood] 30*40*2000, [Optional length] 2 armrests 150*54*78, [Same as the main picture] 150*65*78, Same as the main picture 150*70*78, [Single chair] 2 armrests 54*54*78, [Thickened and reinforced] 2 armrests 120*54*78, [Thickened and reinforced] 2 armrests 150*54*78, [Thickened and reinforced] 2 armrests 180*54*78, [Thickened and reinforced] 2 armrests 200*54*78, [Type B] 2 armrests 120*54*78, [B type] 2 armrests 150*54*78, [B type] 2 armrests 180*54*78, [B type] 2 armrests 200*54*78, 2 armrests backrest 120*54*78, 2 armrests backrest 150*54*78, 2 armrests backrest 180*54*78, 2 armrests backrest 200*54*78, [length optional] 3 armrests 150*54*78, [length optional] PE plastic wood 150*54*78, [color optional \u3011Four legs 2 armrests 120*65*80, [color optional] Four legs 2 armrests 150*65*80, [color optional] Four legs 2 armrests 180*65*80, [color optional] Four legs 2 armrests 200*65*80, [color optional] Four legs without armrests 120*65*80, [color optional] Four legs without armrests 150*65*80, [color optional] Four legs without armrests 180*65*80, [color optional] Four legs without armrests 200*65*80, [color optional] [Color optional] Model 2 2 armrests 120*65*80, [Color optional] Model 2 2 armrests 150*65*80, [Color optional] Model 2 2 armrests 180*65*80, [Color optional] Model 2 2 armrests 200*65*80, [Color optional] Model 3 2 armrests 120*65*80, [Color optional] Model 3 2 armrests 150*65*80, [Color optional] Model 3 2 armrests 180*65*80, [Color optional] Model 3 2 armrests 200*65*80<\/li>\n<li>\n<strong>Poids brut<\/strong>:35KG<\/li>\n<li>\n<strong>Est-ce personnalisable ?<\/strong>:Oui<\/li>\n<li>\n<strong>Fonctionnalit\u00e9s suppl\u00e9mentaires<\/strong>:il peut bouger<\/li>\n<li>\n<strong>Structure du meuble<\/strong>:Cadre<\/li>\n<li>\n<strong>Livraison\/installation disponible<\/strong>:Wuhan<\/li>\n<li>\n<strong>Origine<\/strong>:Province du Hubei<\/li>\n<li>\n<strong>ville<\/strong>:Wuhan<\/li>\n<li>\n<strong>Districts et comt\u00e9s<\/strong>:District de Dongxihu<\/li>\n<li>\n<strong>volume du colis<\/strong>:150*50*50<\/li>\n<li>\n<strong>Un taxi est-il disponible pour le transport ?<\/strong>:Oui<\/li>\n<li>\n<strong>Positionnement de style<\/strong>:Style artistique<\/li>\n<li>\n<strong>Instructions d&#039;installation d\u00e9taill\u00e9es<\/strong>:Fournir des instructions d&#039;installation, une vid\u00e9o d&#039;installation et des outils d&#039;installation simples<\/li>\n<li>\n<strong><\/strong>:<\/li>\n<\/ul>\n<p><img><\/p>","protected":false},"excerpt":{"rendered":"<p>Marque : autre\/autre Mod\u00e8le : A060 Mat\u00e9riau du si\u00e8ge : bois massif Motif : Art Style : simple et moderne \u00c9l\u00e9ments populaires : \u00e9pissure Trier par couleur : [Bois anticorrosion] 30*40*2000, [Longueur optionnelle] 2 accoudoirs<\/p>","protected":false},"featured_media":106573,"comment_status":"open","ping_status":"closed","template":"","meta":[],"product_brand":[],"product_cat":[30971,30853],"product_tag":[],"class_list":{"0":"post-49175","1":"product","2":"type-product","3":"status-publish","4":"has-post-thumbnail","6":"product_cat-hp","7":"product_cat-new-wholesale-public-projects","9":"first","10":"instock","11":"taxable","12":"shipping-taxable","13":"purchasable","14":"product-type-variable"},"_links":{"self":[{"href":"https:\/\/nexgendecors.com\/fr\/wp-json\/wp\/v2\/product\/49175","targetHints":{"allow":["GET"]}}],"collection":[{"href":"https:\/\/nexgendecors.com\/fr\/wp-json\/wp\/v2\/product"}],"about":[{"href":"https:\/\/nexgendecors.com\/fr\/wp-json\/wp\/v2\/types\/product"}],"replies":[{"embeddable":true,"href":"https:\/\/nexgendecors.com\/fr\/wp-json\/wp\/v2\/comments?post=49175"}],"version-history":[{"count":0,"href":"https:\/\/nexgendecors.com\/fr\/wp-json\/wp\/v2\/product\/49175\/revisions"}],"wp:featuredmedia":[{"embeddable":true,"href":"https:\/\/nexgendecors.com\/fr\/wp-json\/wp\/v2\/media\/106573"}],"wp:attachment":[{"href":"https:\/\/nexgendecors.com\/fr\/wp-json\/wp\/v2\/media?parent=49175"}],"wp:term":[{"taxonomy":"product_brand","embeddable":true,"href":"https:\/\/nexgendecors.com\/fr\/wp-json\/wp\/v2\/product_brand?post=49175"},{"taxonomy":"product_cat","embeddable":true,"href":"https:\/\/nexgendecors.com\/fr\/wp-json\/wp\/v2\/product_cat?post=49175"},{"taxonomy":"product_tag","embeddable":true,"href":"https:\/\/nexgendecors.com\/fr\/wp-json\/wp\/v2\/product_tag?post=49175"}],"curies":[{"name":"wp","href":"https:\/\/api.w.org\/{rel}","templated":true}]}}