{"id":49385,"date":"2025-01-26T02:28:08","date_gmt":"2025-01-26T02:28:08","guid":{"rendered":"https:\/\/nexgendecors.com\/product\/black-walnut-solid-wood-wood-log-wood-mosaic-tv-background-wall-hexagonal-wood-wall-three-dimensional-decoration\/"},"modified":"2025-04-15T11:18:11","modified_gmt":"2025-04-15T11:18:11","slug":"noyer-noir-bois-massif-rondin-de-bois-mosaique-de-bois-fond-de-television-mur-hexagonal-bois-mur-decoration-tridimensionnelle","status":"publish","type":"product","link":"https:\/\/nexgendecors.com\/fr\/product\/noyer-noir-bois-massif-rondin-de-bois-mosaique-de-bois-fond-de-television-mur-hexagonal-bois-mur-decoration-tridimensionnelle\/","title":{"rendered":"D\u00e9coration murale en mosa\u00efque de bois hexagonale en noyer noir"},"content":{"rendered":"<li title=\"gros coin\"><font style=\"vertical-align: inherit;\"><font style=\"vertical-align: inherit;\">Marque : Daqie<\/font><\/font><\/li>\n<li title=\"DQ-SL151\"><font style=\"vertical-align: inherit;\"><font style=\"vertical-align: inherit;\">Mod\u00e8le : DQ-SL151<\/font><\/font><\/li>\n<li title=\"autre\"><font style=\"vertical-align: inherit;\"><font style=\"vertical-align: inherit;\">Mati\u00e8re : autre\/autre<\/font><\/font><\/li>\n<li title=\"Simple et moderne\"><font style=\"vertical-align: inherit;\"><font style=\"vertical-align: inherit;\">Style : simple et moderne<\/font><\/font><\/li>\n<li title=\"Chine continentale\"><font style=\"vertical-align: inherit;\"><font style=\"vertical-align: inherit;\">Origine : Chine continentale<\/font><\/font><\/li>\n<li title=\"mur int\u00e9rieur\"><font style=\"vertical-align: inherit;\"><font style=\"vertical-align: inherit;\">Espace applicable : mur int\u00e9rieur<\/font><\/font><\/li>\n<li title=\"Hypot\u00e9nuse hexagonale pleine Hypot\u00e9nuse hexagonale + losange plat combin\u00e9 grand losange hexagonal\"><font style=\"vertical-align: inherit;\"><font style=\"vertical-align: inherit;\">Classification des couleurs : Hexagone biseaut\u00e9 complet, hexagone biseaut\u00e9 + losange plan, hexagone grand losange<\/font><\/font><\/li>\n<li title=\"Les acheteurs de la m\u00eame ville viennent r\u00e9cup\u00e9rer les marchandises\"><font style=\"vertical-align: inherit;\"><font style=\"vertical-align: inherit;\">Service dans la m\u00eame ville : les acheteurs de la m\u00eame ville viennent r\u00e9cup\u00e9rer les marchandises<\/font><\/font><\/li>\n<li title=\"277\"><font style=\"vertical-align: inherit;\"><font style=\"vertical-align: inherit;\">Longueur de chaque pi\u00e8ce (mm) : 277<\/font><\/font><\/li>\n<li title=\"320\"><font style=\"vertical-align: inherit;\"><font style=\"vertical-align: inherit;\">Largeur de chaque pi\u00e8ce (mm) : 320<\/font><\/font><\/li>\n<li title=\"0,088\u33a1\"><font style=\"vertical-align: inherit;\"><font style=\"vertical-align: inherit;\">Unit\u00e9 de prix : 0,088\u33a1<\/font><\/font><\/li>\n<li title=\"0,5% ou plus\"><font style=\"vertical-align: inherit;\"><font style=\"vertical-align: inherit;\">Absorption d&#039;eau : plus de 0,5%<\/font><\/font><\/li>\n<li title=\"ne pas envoyer\"><font style=\"vertical-align: inherit;\"><font style=\"vertical-align: inherit;\">Faut-il envoyer des \u00e9chantillons\u00a0: non<\/font><\/font><\/li>","protected":false},"excerpt":{"rendered":"<p>Marque : Daqie Mod\u00e8le : DQ-SL151 Mat\u00e9riau : autre\/autre Style : simple et moderne Origine : Chine continentale Espace applicable : mur int\u00e9rieur Classification des couleurs : Hexagone<\/p>","protected":false},"featured_media":106707,"comment_status":"open","ping_status":"closed","template":"","meta":[],"product_brand":[],"product_cat":[30971,30986,30878],"product_tag":[12259,12260],"class_list":{"0":"post-49385","1":"product","2":"type-product","3":"status-publish","4":"has-post-thumbnail","6":"product_cat-hp","7":"product_cat-tiles-wall-bricks","8":"product_cat-wall-panel","9":"product_tag-_wf_cus","10":"product_tag-_wf_exc","12":"first","13":"instock","14":"sale","15":"taxable","16":"shipping-taxable","17":"purchasable","18":"product-type-variable"},"_links":{"self":[{"href":"https:\/\/nexgendecors.com\/fr\/wp-json\/wp\/v2\/product\/49385","targetHints":{"allow":["GET"]}}],"collection":[{"href":"https:\/\/nexgendecors.com\/fr\/wp-json\/wp\/v2\/product"}],"about":[{"href":"https:\/\/nexgendecors.com\/fr\/wp-json\/wp\/v2\/types\/product"}],"replies":[{"embeddable":true,"href":"https:\/\/nexgendecors.com\/fr\/wp-json\/wp\/v2\/comments?post=49385"}],"version-history":[{"count":0,"href":"https:\/\/nexgendecors.com\/fr\/wp-json\/wp\/v2\/product\/49385\/revisions"}],"wp:featuredmedia":[{"embeddable":true,"href":"https:\/\/nexgendecors.com\/fr\/wp-json\/wp\/v2\/media\/106707"}],"wp:attachment":[{"href":"https:\/\/nexgendecors.com\/fr\/wp-json\/wp\/v2\/media?parent=49385"}],"wp:term":[{"taxonomy":"product_brand","embeddable":true,"href":"https:\/\/nexgendecors.com\/fr\/wp-json\/wp\/v2\/product_brand?post=49385"},{"taxonomy":"product_cat","embeddable":true,"href":"https:\/\/nexgendecors.com\/fr\/wp-json\/wp\/v2\/product_cat?post=49385"},{"taxonomy":"product_tag","embeddable":true,"href":"https:\/\/nexgendecors.com\/fr\/wp-json\/wp\/v2\/product_tag?post=49385"}],"curies":[{"name":"wp","href":"https:\/\/api.w.org\/{rel}","templated":true}]}}