{"id":49490,"date":"2025-01-26T02:28:17","date_gmt":"2025-01-26T02:28:17","guid":{"rendered":"https:\/\/nexgendecors.com\/product\/boho-queen-duvet-cover-set-minimalist-bedding-sets-for-modern-home-tufted-and-super-soft\/"},"modified":"2025-04-06T08:17:52","modified_gmt":"2025-04-06T08:17:52","slug":"boho-queen-duvet-cover-set-minimalist-bedding-sets-for-modern-home-tufted-and-super-soft","status":"publish","type":"product","link":"https:\/\/nexgendecors.com\/fr\/product\/boho-queen-duvet-cover-set-minimalist-bedding-sets-for-modern-home-tufted-and-super-soft\/","title":{"rendered":"Parure de lit Boho Queen \u2013 Literie minimaliste touffet\u00e9e"},"content":{"rendered":"<p><strong>Unique Duvet Cover Set:<\/strong> Elevate your bedroom with this unique 5-piece textured duvet cover set. It includes 2 tufted envelope pillowcases for room decoration and 2 solid color basic pillowcases for enhanced sleeping comfort.<\/p>\n<p><strong>Super Soft Material:<\/strong> Crafted from 100% premium microfiber fabric, this tufted duvet cover set offers a super soft touch. It&#8217;s made in an OEKO-TEX standard 100 factory, ensuring quality and safety.<\/p>\n<p><strong>Easy Care:<\/strong> Maintenance is a breeze with this textured bedding set. Machine wash it cold separately on a gentle\/delicate cycle. It&#8217;s designed with 8 ties and a hidden closure to prevent bunching up in one corner.<\/p>\n<p><strong>Satisfaction client :<\/strong> If you&#8217;re not satisfied with your purchase, you can return or exchange it for free at any time. Our dedicated customer service team will respond to your inquiries within 24 hours.<\/p>\n<p><strong>What&#8217;s Included:<\/strong> This 5-Piece FULL\/QUEEN size duvet cover collection includes 1 queen\/full size duvet cover (90&#8221;x90&#8221;), 2 tufted pillowcases (20&#8221;x26&#8221;), and 2 basic pillowcases (20&#8221;x26&#8221;). (Comforter\/duvet insert not included.)<\/p>\n<p>\u00a0<\/p>","protected":false},"excerpt":{"rendered":"<p>Parure de couette unique\u00a0: Sublimez votre chambre avec cette parure de couette textur\u00e9e unique de 5 pi\u00e8ces. Elle comprend deux housses de couette touffet\u00e9es.<\/p>","protected":false},"featured_media":106774,"comment_status":"open","ping_status":"closed","template":"","meta":[],"product_brand":[],"product_cat":[30816,30828,30971],"product_tag":[13273,13274,13275,13276],"class_list":{"0":"post-49490","1":"product","2":"type-product","3":"status-publish","4":"has-post-thumbnail","6":"product_cat-blankets","7":"product_cat-furnishing","8":"product_cat-hp","9":"product_tag-bedding","10":"product_tag-duvet-cover-sets","11":"product_tag-duvet-covers-sets","12":"product_tag-home-kitchen","14":"first","15":"instock","16":"sale","17":"taxable","18":"shipping-taxable","19":"purchasable","20":"product-type-variable"},"_links":{"self":[{"href":"https:\/\/nexgendecors.com\/fr\/wp-json\/wp\/v2\/product\/49490","targetHints":{"allow":["GET"]}}],"collection":[{"href":"https:\/\/nexgendecors.com\/fr\/wp-json\/wp\/v2\/product"}],"about":[{"href":"https:\/\/nexgendecors.com\/fr\/wp-json\/wp\/v2\/types\/product"}],"replies":[{"embeddable":true,"href":"https:\/\/nexgendecors.com\/fr\/wp-json\/wp\/v2\/comments?post=49490"}],"version-history":[{"count":0,"href":"https:\/\/nexgendecors.com\/fr\/wp-json\/wp\/v2\/product\/49490\/revisions"}],"wp:featuredmedia":[{"embeddable":true,"href":"https:\/\/nexgendecors.com\/fr\/wp-json\/wp\/v2\/media\/106774"}],"wp:attachment":[{"href":"https:\/\/nexgendecors.com\/fr\/wp-json\/wp\/v2\/media?parent=49490"}],"wp:term":[{"taxonomy":"product_brand","embeddable":true,"href":"https:\/\/nexgendecors.com\/fr\/wp-json\/wp\/v2\/product_brand?post=49490"},{"taxonomy":"product_cat","embeddable":true,"href":"https:\/\/nexgendecors.com\/fr\/wp-json\/wp\/v2\/product_cat?post=49490"},{"taxonomy":"product_tag","embeddable":true,"href":"https:\/\/nexgendecors.com\/fr\/wp-json\/wp\/v2\/product_tag?post=49490"}],"curies":[{"name":"wp","href":"https:\/\/api.w.org\/{rel}","templated":true}]}}