{"id":49532,"date":"2025-01-26T02:28:28","date_gmt":"2025-01-26T02:28:28","guid":{"rendered":"https:\/\/nexgendecors.com\/product\/boss-chair-light-luxury-leather-back-office-chair-leather-chair-executive-chair-home-study-comfortable-long-term-sitting-leather-office\/"},"modified":"2025-04-06T08:18:14","modified_gmt":"2025-04-06T08:18:14","slug":"boss-chair-light-luxury-leather-back-office-chair-leather-chair-executive-chair-home-study-comfortable-long-term-sitting-leather-office","status":"publish","type":"product","link":"https:\/\/nexgendecors.com\/fr\/product\/boss-chair-light-luxury-leather-back-office-chair-leather-chair-executive-chair-home-study-comfortable-long-term-sitting-leather-office\/","title":{"rendered":"Light Luxury Leather Executive Office Chair"},"content":{"rendered":"<ul>\n<li>\n<strong>marque<\/strong>:Riz Bl\u00e9<\/li>\n<li>\n<strong>mod\u00e8le<\/strong>:630<\/li>\n<li>\n<strong>Mat\u00e9riel<\/strong>:autre<\/li>\n<li>\n<strong>trier par couleur<\/strong>:High back imitation walnut wood grain leather + black xipi rolling foot high back imitation walnut wood grain leather + black xipi fixed foot high back imitation walnut wood grain leather + black cowhide rolling foot high back imitation walnut wood grain leather + black cowhide fixed foot high back imitation walnut wood grain leather + gray xipi rolling foot high back imitation walnut wood grain leather + gray xipi fixed foot high back imitation walnut wood grain leather + gray cowhide rolling foot high back imitation walnut wood grain leather + gray cowhide fixed foot high back imitation ash wood grain leather + white xipi rolling foot high back imitation ash wood grain leather + white cowhide rolling foot high back ash wood grain leather + khaki xipi rolling foot high back imitation ash wood grain leather + khaki cowhide rolling foot Short back imitation walnut wood grain leather + black xipi rolling foot short back imitation walnut wood grain leather + black xipi fixed foot short back imitation walnut wood grain leather + black cowhide rolling foot short back imitation walnut wood grain leather + black cowhide fixed foot short back imitation walnut wood grain leather + gray xipi rolling foot short back imitation walnut wood grain leather + gray xipi fixed foot short back imitation walnut wood grain leather + gray cowhide rolling foot short back imitation walnut wood grain leather + gray cowhide fixed foot short back imitation ash wood grain leather + white xipi rolling foot short back imitation ash wood grain leather + white cowhide rolling foot short back ash wood grain leather + khaki xipi rolling foot short back imitation ash wood grain leather + khaki cowhide rolling foot<\/li>\n<li>\n<strong>Mat\u00e9riau en tissu<\/strong>:autre<\/li>\n<li>\n<strong>Est-ce personnalisable ?<\/strong>:Non<\/li>\n<li>\n<strong>Peut-il \u00eatre \u00e9lev\u00e9 ou abaiss\u00e9 ?<\/strong>:Oui<\/li>\n<li>\n<strong>Est-ce rotatif ?<\/strong>:Oui<\/li>\n<li>\n<strong>Puis-je m&#039;allonger ?<\/strong>:Non<\/li>\n<li>\n<strong>Mat\u00e9riau de pied cinq \u00e9toiles<\/strong>:Pieds en acier<\/li>\n<li>\n<strong>Type de main courante<\/strong>:Accoudoir fixe<\/li>\n<li>\n<strong>Est-ce que cela prend en charge l\u2019ergonomie ?<\/strong>:Oui<\/li>\n<li>\n<strong>Assembler<\/strong>:Oui<\/li>\n<li>\n<strong>Un taxi est-il disponible pour le transport ?<\/strong>:Non<\/li>\n<li>\n<strong>Positionnement de style<\/strong>:Qualit\u00e9 Luxe<\/li>\n<li>\n<strong>Instructions d&#039;installation d\u00e9taill\u00e9es<\/strong>:Fournir une vid\u00e9o d&#039;instructions d&#039;installationFournir un manuel d&#039;installationFournir des outils d&#039;installation simples<\/li>\n<li>\n<strong>Faut-il avoir des p\u00e9dales ?<\/strong>:Non<\/li>\n<\/ul>\n<p><img><\/p>","protected":false},"excerpt":{"rendered":"<p>brand:Rice Wheat model:630 Material:other sort by color:High back imitation walnut wood grain leather + black xipi rolling foot high back<\/p>","protected":false},"featured_media":106830,"comment_status":"open","ping_status":"closed","template":"","meta":[],"product_brand":[],"product_cat":[30971,30859],"product_tag":[],"class_list":{"0":"post-49532","1":"product","2":"type-product","3":"status-publish","4":"has-post-thumbnail","6":"product_cat-hp","7":"product_cat-wholesale-office","9":"first","10":"instock","11":"sale","12":"taxable","13":"shipping-taxable","14":"purchasable","15":"product-type-variable"},"_links":{"self":[{"href":"https:\/\/nexgendecors.com\/fr\/wp-json\/wp\/v2\/product\/49532","targetHints":{"allow":["GET"]}}],"collection":[{"href":"https:\/\/nexgendecors.com\/fr\/wp-json\/wp\/v2\/product"}],"about":[{"href":"https:\/\/nexgendecors.com\/fr\/wp-json\/wp\/v2\/types\/product"}],"replies":[{"embeddable":true,"href":"https:\/\/nexgendecors.com\/fr\/wp-json\/wp\/v2\/comments?post=49532"}],"version-history":[{"count":0,"href":"https:\/\/nexgendecors.com\/fr\/wp-json\/wp\/v2\/product\/49532\/revisions"}],"wp:featuredmedia":[{"embeddable":true,"href":"https:\/\/nexgendecors.com\/fr\/wp-json\/wp\/v2\/media\/106830"}],"wp:attachment":[{"href":"https:\/\/nexgendecors.com\/fr\/wp-json\/wp\/v2\/media?parent=49532"}],"wp:term":[{"taxonomy":"product_brand","embeddable":true,"href":"https:\/\/nexgendecors.com\/fr\/wp-json\/wp\/v2\/product_brand?post=49532"},{"taxonomy":"product_cat","embeddable":true,"href":"https:\/\/nexgendecors.com\/fr\/wp-json\/wp\/v2\/product_cat?post=49532"},{"taxonomy":"product_tag","embeddable":true,"href":"https:\/\/nexgendecors.com\/fr\/wp-json\/wp\/v2\/product_tag?post=49532"}],"curies":[{"name":"wp","href":"https:\/\/api.w.org\/{rel}","templated":true}]}}