{"id":50070,"date":"2025-01-26T02:29:26","date_gmt":"2025-01-26T02:29:26","guid":{"rendered":"https:\/\/nexgendecors.com\/product\/boss-office-desk-and-chair-combination-president-supervisor-manager-simple-modern-light-luxury-large-desk-fashionable-office-furniture\/"},"modified":"2025-04-06T08:19:32","modified_gmt":"2025-04-06T08:19:32","slug":"bureau-de-patron-combinaison-bureau-et-chaise-president-superviseur-gestionnaire-simple-moderne-leger-luxueux-grand-bureau-mobilier-de-bureau-a-la-mode","status":"publish","type":"product","link":"https:\/\/nexgendecors.com\/fr\/product\/bureau-de-patron-combinaison-bureau-et-chaise-president-superviseur-gestionnaire-simple-moderne-leger-luxueux-grand-bureau-mobilier-de-bureau-a-la-mode\/","title":{"rendered":"Ensemble bureau et chaise de bureau de luxe moderne pour cadres"},"content":{"rendered":"<ul>\n<li>\n<strong>marque<\/strong>:Yatianjing<\/li>\n<li>\n<strong>mod\u00e8le<\/strong>:TR-112<\/li>\n<li>\n<strong>Mat\u00e9riel<\/strong>:Acier et bois<\/li>\n<li>\n<strong>style<\/strong>:Simple et moderne<\/li>\n<li>\n<strong>Origine<\/strong>:Chine continentale<\/li>\n<li>\n<strong>province<\/strong>:Province du Guangdong<\/li>\n<li>\n<strong>trier par couleur<\/strong>:1800*1000*750 (bureau du patron) 2000*1000*750 (bureau du patron) 2200*1000*750 (bureau du patron) 2400*1000*750 (bureau du patron) 1800*1000*750 (bureau du patron + chaise) 2000*1000*750 (bureau du patron + chaise) 2200*1000*750 (bureau du patron + chaise) 2400*1000*750 (bureau du patron + chaise) 1400*700*750 (bureau du patron) 1600*800*750 (bureau du patron) 1400*700*750 (bureau du patron + chaise) 1600*800*750 (bureau de patron + chaise) 800*400*2000 armoire \u00e0 deux portes 1600*400*2000 armoire \u00e0 quatre portes 2400*400*2000 armoire \u00e0 six portes 1400*700 (bureau de patron + chaise + biblioth\u00e8que \u00e0 quatre portes) 1600*800 (bureau de patron + chaise + biblioth\u00e8que \u00e0 quatre portes) 1800*1000 (bureau de patron + chaise + biblioth\u00e8que \u00e0 quatre portes) 2000 (bureau de patron + chaise + biblioth\u00e8que \u00e0 six portes) 2200 (bureau de patron + chaise + biblioth\u00e8que \u00e0 six portes) 2400 (bureau de patron + chaise + armoire \u00e0 six portes)<\/li>\n<li>\n<strong>Mat\u00e9riau du panneau<\/strong>:Autre<\/li>\n<li>\n<strong>Service en ville<\/strong>:Livraison porte-\u00e0-porte logistique intra-urbaine<\/li>\n<li>\n<strong>Est-ce personnalisable ?<\/strong>:Oui<\/li>\n<li>\n<strong>Y a-t-il une table d&#039;appoint ?<\/strong>:Oui<\/li>\n<li>\n<strong>Assembler<\/strong>:Oui<\/li>\n<li>\n<strong>La pr\u00e9vente est-elle disponible ?<\/strong>:Non<\/li>\n<li>\n<strong>Instructions d&#039;installation d\u00e9taill\u00e9es<\/strong>:Aucune instruction d&#039;installation<\/li>\n<li>\n<strong>largeur<\/strong>:800 mm<\/li>\n<li>\n<strong>longueur<\/strong>:1800mm<\/li>\n<li>\n<strong><\/strong>:<\/li>\n<\/ul>\n<p><img><\/p>","protected":false},"excerpt":{"rendered":"<p>brand:Yatianjing model:TR-112 Material:Steel and Wood style:Simple and modern Origin:Chinese mainland province:Guangdong Province sort by color:1800*1000*750 (boss desk) 2000*1000*750 (boss desk)<\/p>","protected":false},"featured_media":107376,"comment_status":"open","ping_status":"closed","template":"","meta":[],"product_brand":[],"product_cat":[30971,30859],"product_tag":[],"class_list":{"0":"post-50070","1":"product","2":"type-product","3":"status-publish","4":"has-post-thumbnail","6":"product_cat-hp","7":"product_cat-wholesale-office","9":"first","10":"instock","11":"sale","12":"taxable","13":"shipping-taxable","14":"purchasable","15":"product-type-variable"},"_links":{"self":[{"href":"https:\/\/nexgendecors.com\/fr\/wp-json\/wp\/v2\/product\/50070","targetHints":{"allow":["GET"]}}],"collection":[{"href":"https:\/\/nexgendecors.com\/fr\/wp-json\/wp\/v2\/product"}],"about":[{"href":"https:\/\/nexgendecors.com\/fr\/wp-json\/wp\/v2\/types\/product"}],"replies":[{"embeddable":true,"href":"https:\/\/nexgendecors.com\/fr\/wp-json\/wp\/v2\/comments?post=50070"}],"version-history":[{"count":0,"href":"https:\/\/nexgendecors.com\/fr\/wp-json\/wp\/v2\/product\/50070\/revisions"}],"wp:featuredmedia":[{"embeddable":true,"href":"https:\/\/nexgendecors.com\/fr\/wp-json\/wp\/v2\/media\/107376"}],"wp:attachment":[{"href":"https:\/\/nexgendecors.com\/fr\/wp-json\/wp\/v2\/media?parent=50070"}],"wp:term":[{"taxonomy":"product_brand","embeddable":true,"href":"https:\/\/nexgendecors.com\/fr\/wp-json\/wp\/v2\/product_brand?post=50070"},{"taxonomy":"product_cat","embeddable":true,"href":"https:\/\/nexgendecors.com\/fr\/wp-json\/wp\/v2\/product_cat?post=50070"},{"taxonomy":"product_tag","embeddable":true,"href":"https:\/\/nexgendecors.com\/fr\/wp-json\/wp\/v2\/product_tag?post=50070"}],"curies":[{"name":"wp","href":"https:\/\/api.w.org\/{rel}","templated":true}]}}