{"id":50092,"date":"2025-01-26T02:29:31","date_gmt":"2025-01-26T02:29:31","guid":{"rendered":"https:\/\/nexgendecors.com\/product\/bow-shaped-computer-chair-home-boss-chair-leather-study-conference-chair-backrest-mahjong-chair-comfortable-long-term-sitting-office-chair\/"},"modified":"2025-04-06T08:19:35","modified_gmt":"2025-04-06T08:19:35","slug":"chaise-dordinateur-en-forme-darc-chaise-de-patron-a-domicile-chaise-detude-en-cuir-chaise-de-conference-chaise-de-mahjong-chaise-de-bureau-confortable-a-long-terme","status":"publish","type":"product","link":"https:\/\/nexgendecors.com\/fr\/product\/chaise-dordinateur-en-forme-darc-chaise-de-patron-a-domicile-chaise-detude-en-cuir-chaise-de-conference-chaise-de-mahjong-chaise-de-bureau-confortable-a-long-terme\/","title":{"rendered":"Chaise de bureau en cuir en forme d&#039;arc pour plus de confort et de style"},"content":{"rendered":"<ul>\n<li>\n<strong>marque<\/strong>:Lifron<\/li>\n<li>\n<strong>mod\u00e8le<\/strong>:3005<\/li>\n<li>\n<strong>Mat\u00e9riel<\/strong>:autre<\/li>\n<li>\n<strong>\u00e9l\u00e9ments populaires<\/strong>:M\u00e9tal<\/li>\n<li>\n<strong>trier par couleur<\/strong>:PU noir \u00e9cologique [coussin \u00e0 ressorts rotatif am\u00e9lior\u00e9] PU marron \u00e9cologique [coussin \u00e0 ressorts rotatif am\u00e9lior\u00e9] PU caf\u00e9 \u00e9cologique [coussin \u00e0 ressorts rotatif am\u00e9lior\u00e9] Cuir nano-tech gris [coussin \u00e0 ressorts rotatif am\u00e9lior\u00e9] Cuir nano-tech noir [coussin \u00e0 ressorts rotatif am\u00e9lior\u00e9] Cuir nano-tech kaki [coussin \u00e0 ressorts rotatif am\u00e9lior\u00e9] Cuir de vachette noir premi\u00e8re couche [coussin \u00e0 ressorts rotatif am\u00e9lior\u00e9] Cuir de vachette marron premi\u00e8re couche [coussin \u00e0 ressorts rotatif am\u00e9lior\u00e9] Cuir de vachette caf\u00e9 premi\u00e8re couche [coussin \u00e0 ressorts rotatif am\u00e9lior\u00e9] PU noir \u00e9cologique [non rotatif] Garantie d&#039;un an pour l&#039;ensemble de la chaise<\/li>\n<li>\n<strong>Mat\u00e9riau en tissu<\/strong>:Peau de vache<\/li>\n<li>\n<strong>Est-ce personnalisable ?<\/strong>:Non<\/li>\n<li>\n<strong>Peut-il \u00eatre \u00e9lev\u00e9 ou abaiss\u00e9 ?<\/strong>:Non<\/li>\n<li>\n<strong>Est-ce rotatif ?<\/strong>:Oui<\/li>\n<li>\n<strong>Puis-je m&#039;allonger ?<\/strong>:Non<\/li>\n<li>\n<strong>Mat\u00e9riau de pied cinq \u00e9toiles<\/strong>:Pieds en acier<\/li>\n<li>\n<strong>Type de main courante<\/strong>:Accoudoir fixe<\/li>\n<li>\n<strong>Est-ce que cela prend en charge l\u2019ergonomie ?<\/strong>:Oui<\/li>\n<li>\n<strong>ville<\/strong>:Huzhou<\/li>\n<li>\n<strong>Districts et comt\u00e9s<\/strong>:Comt\u00e9 d&#039;Anji<\/li>\n<li>\n<strong>Assembler<\/strong>:Oui<\/li>\n<li>\n<strong>Un taxi est-il disponible pour le transport ?<\/strong>:Oui<\/li>\n<li>\n<strong>Positionnement de style<\/strong>:\u00c9conomique<\/li>\n<li>\n<strong>Instructions d&#039;installation d\u00e9taill\u00e9es<\/strong>:Fournir des outils d&#039;installation simples<\/li>\n<li>\n<strong>Faut-il avoir des p\u00e9dales ?<\/strong>:Non<\/li>\n<li>\n<strong><\/strong>:<\/li>\n<\/ul>\n<p><img><\/p>","protected":false},"excerpt":{"rendered":"<p>Marque : Lifron Mod\u00e8le : 3005 Mat\u00e9riau : autres \u00e9l\u00e9ments populaires : m\u00e9tal Trier par couleur : PU \u00e9cologique noir [coussin \u00e0 ressort am\u00e9lior\u00e9 rotatif] PU \u00e9cologique marron [rotatif<\/p>","protected":false},"featured_media":107402,"comment_status":"open","ping_status":"closed","template":"","meta":[],"product_brand":[],"product_cat":[30971,30859],"product_tag":[],"class_list":{"0":"post-50092","1":"product","2":"type-product","3":"status-publish","4":"has-post-thumbnail","6":"product_cat-hp","7":"product_cat-wholesale-office","9":"first","10":"instock","11":"sale","12":"taxable","13":"shipping-taxable","14":"purchasable","15":"product-type-variable"},"_links":{"self":[{"href":"https:\/\/nexgendecors.com\/fr\/wp-json\/wp\/v2\/product\/50092","targetHints":{"allow":["GET"]}}],"collection":[{"href":"https:\/\/nexgendecors.com\/fr\/wp-json\/wp\/v2\/product"}],"about":[{"href":"https:\/\/nexgendecors.com\/fr\/wp-json\/wp\/v2\/types\/product"}],"replies":[{"embeddable":true,"href":"https:\/\/nexgendecors.com\/fr\/wp-json\/wp\/v2\/comments?post=50092"}],"version-history":[{"count":0,"href":"https:\/\/nexgendecors.com\/fr\/wp-json\/wp\/v2\/product\/50092\/revisions"}],"wp:featuredmedia":[{"embeddable":true,"href":"https:\/\/nexgendecors.com\/fr\/wp-json\/wp\/v2\/media\/107402"}],"wp:attachment":[{"href":"https:\/\/nexgendecors.com\/fr\/wp-json\/wp\/v2\/media?parent=50092"}],"wp:term":[{"taxonomy":"product_brand","embeddable":true,"href":"https:\/\/nexgendecors.com\/fr\/wp-json\/wp\/v2\/product_brand?post=50092"},{"taxonomy":"product_cat","embeddable":true,"href":"https:\/\/nexgendecors.com\/fr\/wp-json\/wp\/v2\/product_cat?post=50092"},{"taxonomy":"product_tag","embeddable":true,"href":"https:\/\/nexgendecors.com\/fr\/wp-json\/wp\/v2\/product_tag?post=50092"}],"curies":[{"name":"wp","href":"https:\/\/api.w.org\/{rel}","templated":true}]}}