{"id":50203,"date":"2025-01-26T02:29:49","date_gmt":"2025-01-26T02:29:49","guid":{"rendered":"https:\/\/nexgendecors.com\/product\/bulgari-rock-plate-ceramic-seamless-one-piece-basin-bathroom-cabinet-combination-bathroom-wash-basin-wash-basin-custom-3\/"},"modified":"2025-04-06T08:19:38","modified_gmt":"2025-04-06T08:19:38","slug":"bulgari-rock-plate-ceramique-lavabo-monobloc-sans-couture-meuble-de-salle-de-bain-combinaison-lavabo-de-salle-de-bain-lavabo-sur-mesure-3","status":"publish","type":"product","link":"https:\/\/nexgendecors.com\/fr\/product\/bulgari-rock-plate-ceramique-lavabo-monobloc-sans-couture-meuble-de-salle-de-bain-combinaison-lavabo-de-salle-de-bain-lavabo-sur-mesure-3\/","title":{"rendered":"Ensemble lavabo et meuble vasque en c\u00e9ramique sans joint Bulgari"},"content":{"rendered":"<ul>\n<li>\n<strong>marque<\/strong>:Rhinoc\u00e9ros<\/li>\n<li>\n<strong>mod\u00e8le<\/strong>:7918-2<\/li>\n<li>\n<strong>Fonction<\/strong>:Rangement, lavage, \u00e9tanch\u00e9it\u00e9, \u00e9clairage, anti-bu\u00e9e<\/li>\n<li>\n<strong>Mat\u00e9riau de l&#039;armoire<\/strong>:Panneau multicouche en bois massif d&#039;eucalyptus<\/li>\n<li>\n<strong>style<\/strong>:Simple et moderne<\/li>\n<li>\n<strong>Origine<\/strong>:Chine continentale<\/li>\n<li>\n<strong>province<\/strong>:Province du Zhejiang<\/li>\n<li>\n<strong>ville<\/strong>:Hangzhou<\/li>\n<li>\n<strong>trier par couleur<\/strong>:Les clients des environs peuvent venir \u00e0 l&#039;usine pour visiter le showroom luxueux, personnalisation gratuite\/mesure gratuite\/dessin gratuit\/installation et d\u00e9montage inclus, [70CM] Bulgari dalle de roche en c\u00e9ramique sous plan vasque centrale-miroir carr\u00e9 intelligent, [80CM] Bulgari dalle de roche en c\u00e9ramique sous plan vasque centrale-miroir carr\u00e9 intelligent, [90CM] Bulgari dalle de roche en c\u00e9ramique sous plan vasque centrale-miroir carr\u00e9 intelligent, [100CM] Bulgari dalle de roche en c\u00e9ramique sous plan vasque centrale-miroir carr\u00e9 intelligent, [110CM] Bulgari dalle de roche en c\u00e9ramique sous plan vasque gauche-miroir carr\u00e9 intelligent, [120CM] Bulgari dalle de roche en c\u00e9ramique sous plan vasque gauche-miroir carr\u00e9 intelligent, [130CM] Bulgari dalle de roche en c\u00e9ramique sous plan vasque gauche-miroir carr\u00e9 intelligent, [140CM] Bulgari dalle de roche en c\u00e9ramique vasque gauche sous le plan - miroir carr\u00e9 intelligent, [150CM] Vasque gauche en c\u00e9ramique Bulgari Rock Slab sous le comptoir \u2013 miroir carr\u00e9 intelligent, [160CM] Vasque gauche en c\u00e9ramique Bulgari Rock Slab sous le comptoir \u2013 miroir carr\u00e9 intelligent, [170CM] Vasque gauche en c\u00e9ramique Bulgari Rock Slab sous le comptoir \u2013 miroir carr\u00e9 intelligent, [180CM] Vasque gauche en c\u00e9ramique Bulgari Rock Slab sous le comptoir \u2013 miroir carr\u00e9 intelligent, [70CM] Vasque centrale sans couture en c\u00e9ramique Bulgari Rock Slab \u2013 miroir carr\u00e9 intelligent, [80CM] Vasque centrale sans couture en c\u00e9ramique Bulgari Rock Slab \u2013 miroir carr\u00e9 intelligent, [90CM] Vasque centrale sans couture en c\u00e9ramique Bulgari Rock Slab \u2013 miroir carr\u00e9 intelligent, [100CM] Vasque centrale sans couture en c\u00e9ramique Bulgari Rock Slab \u2013 miroir carr\u00e9 intelligent, [110CM] Vasque gauche sans couture en c\u00e9ramique Bulgari Rock Slab \u2013 miroir carr\u00e9 intelligent, [120CM] Vasque gauche sans couture en c\u00e9ramique Bulgari Rock Plate \u2013 miroir carr\u00e9 intelligent, [130CM] Vasque gauche sans couture en c\u00e9ramique Bulgari Rock Plate \u2013 miroir carr\u00e9 intelligent, [140CM] Bulgari Rock Plate Vasque gauche en c\u00e9ramique sans soudure \u2013 Miroir carr\u00e9 intelligent, [150CM] Bulgari Rock Plate Vasque gauche en c\u00e9ramique sans soudure \u2013 Miroir carr\u00e9 intelligent, [160CM] Bulgari Rock Plate Vasque gauche en c\u00e9ramique sans soudure \u2013 Miroir carr\u00e9 intelligent, [170CM] Bulgari Rock Plate Vasque gauche en c\u00e9ramique sans soudure \u2013 Miroir carr\u00e9 intelligent, [180CM] Bulgari Rock Plate Vasque gauche en c\u00e9ramique sans soudure \u2013 Miroir carr\u00e9 intelligent, [70CM] Bulgari Rock Plate Vasque centrale int\u00e9gr\u00e9e \u2013 Miroir carr\u00e9 intelligent, [80CM] Bulgari Rock Plate Vasque centrale int\u00e9gr\u00e9e \u2013 Miroir carr\u00e9 intelligent, [90CM] Bulgari Rock Slab Vasque centrale int\u00e9gr\u00e9e \u2013 Miroir carr\u00e9 intelligent, [100CM] Bulgari Rock Slab Vasque centrale int\u00e9gr\u00e9e \u2013 Miroir carr\u00e9 intelligent, [110CM] Bulgari Rock Slab Vasque gauche int\u00e9gr\u00e9e \u2013 Miroir carr\u00e9 intelligent, [120CM] Bulgari Rock Slab Vasque gauche int\u00e9gr\u00e9e \u2013 Miroir carr\u00e9 intelligent, [130CM] Bulgari Rock Slab Vasque gauche int\u00e9gr\u00e9e \u2013 Miroir carr\u00e9 intelligent, [140CM] Bulgari dalle de roche int\u00e9gr\u00e9e vasque gauche \u2013 miroir carr\u00e9 intelligent, [150CM] Bulgari dalle de roche int\u00e9gr\u00e9e vasque gauche \u2013 miroir carr\u00e9 intelligent, [160CM] Bulgari dalle de roche int\u00e9gr\u00e9e vasque gauche \u2013 miroir carr\u00e9 intelligent, [170CM] Bulgari dalle de roche int\u00e9gr\u00e9e vasque gauche \u2013 miroir carr\u00e9 intelligent, [180CM] Bulgari dalle de roche int\u00e9gr\u00e9e vasque gauche \u2013 miroir carr\u00e9 intelligent<\/li>\n<li>\n<strong>Service en ville<\/strong>:Mesure, livraison et installation porte-\u00e0-porte dans la m\u00eame ville<\/li>\n<li>\n<strong>Technologie de surface<\/strong>:Sans peinture<\/li>\n<li>\n<strong>Niveau de protection de l&#039;environnement<\/strong>:E0<\/li>\n<li>\n<strong>Combinaison<\/strong>:Contient une armoire de toilette, un robinet et un lavabo assorti<\/li>\n<li>\n<strong>Est-ce que cela comprend un \u00e9clairage de miroir ?<\/strong>:Oui<\/li>\n<li>\n<strong>Type de comptoir<\/strong>:Comptoir en dalle de pierre<\/li>\n<li>\n<strong>M\u00e9thode d&#039;ouverture et de fermeture<\/strong>:Type de tiroir<\/li>\n<\/ul>\n<p><img><\/p>","protected":false},"excerpt":{"rendered":"<p>Marque : Rhino Mod\u00e8le : 7918-2 Fonction : Rangement, lavage, \u00e9tanche, \u00e9clairage, antibu\u00e9e Mat\u00e9riau de l&#039;armoire : Panneau multicouche en bois massif d&#039;eucalyptus Style : Simple et moderne Origine : Chine continentale Province : Province du Zhejiang<\/p>","protected":false},"featured_media":107615,"comment_status":"open","ping_status":"closed","template":"","meta":[],"product_brand":[],"product_cat":[30971,30880],"product_tag":[],"class_list":{"0":"post-50203","1":"product","2":"type-product","3":"status-publish","4":"has-post-thumbnail","6":"product_cat-hp","7":"product_cat-wholesales-bathroom-sink","9":"first","10":"instock","11":"taxable","12":"shipping-taxable","13":"purchasable","14":"product-type-variable"},"_links":{"self":[{"href":"https:\/\/nexgendecors.com\/fr\/wp-json\/wp\/v2\/product\/50203","targetHints":{"allow":["GET"]}}],"collection":[{"href":"https:\/\/nexgendecors.com\/fr\/wp-json\/wp\/v2\/product"}],"about":[{"href":"https:\/\/nexgendecors.com\/fr\/wp-json\/wp\/v2\/types\/product"}],"replies":[{"embeddable":true,"href":"https:\/\/nexgendecors.com\/fr\/wp-json\/wp\/v2\/comments?post=50203"}],"version-history":[{"count":0,"href":"https:\/\/nexgendecors.com\/fr\/wp-json\/wp\/v2\/product\/50203\/revisions"}],"wp:featuredmedia":[{"embeddable":true,"href":"https:\/\/nexgendecors.com\/fr\/wp-json\/wp\/v2\/media\/107615"}],"wp:attachment":[{"href":"https:\/\/nexgendecors.com\/fr\/wp-json\/wp\/v2\/media?parent=50203"}],"wp:term":[{"taxonomy":"product_brand","embeddable":true,"href":"https:\/\/nexgendecors.com\/fr\/wp-json\/wp\/v2\/product_brand?post=50203"},{"taxonomy":"product_cat","embeddable":true,"href":"https:\/\/nexgendecors.com\/fr\/wp-json\/wp\/v2\/product_cat?post=50203"},{"taxonomy":"product_tag","embeddable":true,"href":"https:\/\/nexgendecors.com\/fr\/wp-json\/wp\/v2\/product_tag?post=50203"}],"curies":[{"name":"wp","href":"https:\/\/api.w.org\/{rel}","templated":true}]}}