{"id":50372,"date":"2025-01-26T02:30:09","date_gmt":"2025-01-26T02:30:09","guid":{"rendered":"https:\/\/nexgendecors.com\/product\/butterfly-nordic-simple-fabric-sofa-stool-light-luxury-ins-style-shopping-mall-shoe-stool-custom-low-stool\/"},"modified":"2025-03-07T13:05:54","modified_gmt":"2025-03-07T13:05:54","slug":"butterfly-nordic-simple-fabric-sofa-stool-light-luxury-ins-style-shopping-mall-shoe-stool-custom-low-stool","status":"publish","type":"product","link":"https:\/\/nexgendecors.com\/fr\/product\/butterfly-nordic-simple-fabric-sofa-stool-light-luxury-ins-style-shopping-mall-shoe-stool-custom-low-stool\/","title":{"rendered":"Tabouret \u00e0 chaussures de luxe personnalis\u00e9 BUTTERFLY Nordic Light"},"content":{"rendered":"<ul>\n<li>\n<strong>Poids brut<\/strong>:20<\/li>\n<li>\n<strong>marque<\/strong>:THIERRY\/Thierry<\/li>\n<li>\n<strong>mod\u00e8le<\/strong>:SFD-002<\/li>\n<li>\n<strong>\u00e9l\u00e9ments populaires<\/strong>:Conception principale<\/li>\n<li>\n<strong>style<\/strong>:Europe du Nord<\/li>\n<li>\n<strong>Assembler<\/strong>:Non<\/li>\n<li>\n<strong>Appropri\u00e9<\/strong>:Adultes<\/li>\n<li>\n<strong>Mat\u00e9riau de finition<\/strong>:tissu<\/li>\n<li>\n<strong>volume du colis<\/strong>:0.2<\/li>\n<li>\n<strong>Est-ce personnalisable ?<\/strong>:Oui<\/li>\n<li>\n<strong>Mat\u00e9riel<\/strong>:Bois<\/li>\n<li>\n<strong>Mat\u00e9riau en bois<\/strong>:autre<\/li>\n<li>\n<strong>Instructions d&#039;installation d\u00e9taill\u00e9es<\/strong>:Aucune instruction d&#039;installation<\/li>\n<li>\n<strong>Origine<\/strong>:Province du Jiangsu<\/li>\n<li>\n<strong>Un taxi est-il disponible pour le transport ?<\/strong>:Oui<\/li>\n<li>\n<strong>Positionnement de style<\/strong>:\u00c9conomique<\/li>\n<li>\n<strong>trier par couleur<\/strong>:Lemon yellow, dark green, dark gray, orange, light blue, light green, diameter 35cm, diameter 45cm, diameter 80cm<\/li>\n<li>\n<strong><\/strong>:<\/li>\n<\/ul>\n<p><img decoding=\"async\" src=\"https:\/\/img.alicdn.com\/imgextra\/i4\/2007749670\/O1CN01tDYVzl2LIuVLH62cA_!!2007749670.gif\"><\/p>\n<p><img decoding=\"async\" src=\"https:\/\/img.alicdn.com\/imgextra\/i3\/2007749670\/O1CN016HXa972LIuVB8PuMh_!!2007749670.gif\"><\/p>\n<p><img decoding=\"async\" src=\"https:\/\/nexgendecors.com\/wp-content\/uploads\/2025\/01\/TB23SdqrcIrBKNjSZK9XXagoVXa_2007749670.webp\"><\/p>\n<p><img decoding=\"async\" src=\"https:\/\/img.alicdn.com\/imgextra\/i3\/2007749670\/O1CN01ECQTGZ2LIuVIeZKw0_!!2007749670.gif\"><\/p>\n<p><img decoding=\"async\" src=\"https:\/\/img.alicdn.com\/imgextra\/i1\/2007749670\/O1CN01XwihdS2LIuVM9iJ9f_!!2007749670.gif\"><\/p>\n<p><img decoding=\"async\" src=\"https:\/\/nexgendecors.com\/wp-content\/uploads\/2025\/01\/O1CN012LIuPcBZQX4ZNyP_2007749670.webp\"><\/p>\n<p><img decoding=\"async\" src=\"https:\/\/img.alicdn.com\/imgextra\/i1\/2007749670\/O1CN01u4qnuE2LIuVM9gQlD_!!2007749670.gif\"><\/p>\n<p><img decoding=\"async\" src=\"https:\/\/img.alicdn.com\/imgextra\/i2\/2007749670\/O1CN01l1wkQw2LIuVLghAkE_!!2007749670.gif\"><\/p>\n<p><img decoding=\"async\" src=\"https:\/\/img.alicdn.com\/imgextra\/i3\/2007749670\/O1CN01wCFT5l2LIuVIN0tWo_!!2007749670.gif\"><\/p>\n<p><img decoding=\"async\" src=\"https:\/\/nexgendecors.com\/wp-content\/uploads\/2025\/01\/TB2dH2dpsIrBKNjSZK9XXagoVXa_2007749670.webp\"><\/p>\n<p><img decoding=\"async\" src=\"https:\/\/nexgendecors.com\/wp-content\/uploads\/2025\/01\/TB21nYmpOQnBKNjSZFmXXcApVXa_2007749670.webp\"><\/p>\n<p><img decoding=\"async\" src=\"https:\/\/nexgendecors.com\/wp-content\/uploads\/2025\/01\/TB2XhqbpHorBKNjSZFjXXc_SpXa_2007749670.webp\"><\/p>\n<p><img decoding=\"async\" src=\"https:\/\/img.alicdn.com\/imgextra\/i3\/2007749670\/TB2hinRpz7nBKNjSZLeXXbxCFXa_!!2007749670.jpg\"><\/p>\n<p><img decoding=\"async\" src=\"https:\/\/nexgendecors.com\/wp-content\/uploads\/2025\/01\/TB2Lk6NprwrBKNjSZPcXXXpapXa_2007749670.webp\"><\/p>\n<p><img decoding=\"async\" src=\"https:\/\/nexgendecors.com\/wp-content\/uploads\/2025\/01\/TB2CpkrpBnTBKNjSZPfXXbf1XXa_2007749670.webp\"><\/p>\n<p><img decoding=\"async\" src=\"https:\/\/nexgendecors.com\/wp-content\/uploads\/2025\/01\/TB2.CizpHZnBKNjSZFKXXcGOVXa_2007749670.webp\"><\/p>\n<p><img decoding=\"async\" src=\"https:\/\/nexgendecors.com\/wp-content\/uploads\/2025\/01\/TB2CpQBptcnBKNjSZR0XXcFqFXa_2007749670.webp\"><\/p>","protected":false},"excerpt":{"rendered":"<p>Poids brut : 20 Marque : THIERRY\/Thierry Mod\u00e8le : SFD-002 \u00c9l\u00e9ments populaires : Master Style de conception : Europe du Nord Assemblage : non Convient : Adultes Mat\u00e9riau de finition : tissu Volume du colis : 0,2 Est-il personnalisable ? : oui Mat\u00e9riau : Bois Bois<\/p>","protected":false},"featured_media":107885,"comment_status":"open","ping_status":"closed","template":"","meta":[],"product_brand":[],"product_cat":[30971,30846],"product_tag":[],"class_list":{"0":"post-50372","1":"product","2":"type-product","3":"status-publish","4":"has-post-thumbnail","6":"product_cat-hp","7":"product_cat-living-room","9":"first","10":"instock","11":"sale","12":"taxable","13":"shipping-taxable","14":"purchasable","15":"product-type-variable"},"_links":{"self":[{"href":"https:\/\/nexgendecors.com\/fr\/wp-json\/wp\/v2\/product\/50372","targetHints":{"allow":["GET"]}}],"collection":[{"href":"https:\/\/nexgendecors.com\/fr\/wp-json\/wp\/v2\/product"}],"about":[{"href":"https:\/\/nexgendecors.com\/fr\/wp-json\/wp\/v2\/types\/product"}],"replies":[{"embeddable":true,"href":"https:\/\/nexgendecors.com\/fr\/wp-json\/wp\/v2\/comments?post=50372"}],"version-history":[{"count":0,"href":"https:\/\/nexgendecors.com\/fr\/wp-json\/wp\/v2\/product\/50372\/revisions"}],"wp:featuredmedia":[{"embeddable":true,"href":"https:\/\/nexgendecors.com\/fr\/wp-json\/wp\/v2\/media\/107885"}],"wp:attachment":[{"href":"https:\/\/nexgendecors.com\/fr\/wp-json\/wp\/v2\/media?parent=50372"}],"wp:term":[{"taxonomy":"product_brand","embeddable":true,"href":"https:\/\/nexgendecors.com\/fr\/wp-json\/wp\/v2\/product_brand?post=50372"},{"taxonomy":"product_cat","embeddable":true,"href":"https:\/\/nexgendecors.com\/fr\/wp-json\/wp\/v2\/product_cat?post=50372"},{"taxonomy":"product_tag","embeddable":true,"href":"https:\/\/nexgendecors.com\/fr\/wp-json\/wp\/v2\/product_tag?post=50372"}],"curies":[{"name":"wp","href":"https:\/\/api.w.org\/{rel}","templated":true}]}}