{"id":50383,"date":"2025-01-26T02:30:11","date_gmt":"2025-01-26T02:30:11","guid":{"rendered":"https:\/\/nexgendecors.com\/product\/cafe-booth-double-sofa-negotiation-reception-water-bar-rest-bar-booth-dessert-tea-shop-table-and-chair-combination\/"},"modified":"2025-04-06T08:19:54","modified_gmt":"2025-04-06T08:19:54","slug":"cafe-booth-double-sofa-negotiation-reception-water-bar-rest-bar-booth-dessert-tea-shop-table-and-chair-combination","status":"publish","type":"product","link":"https:\/\/nexgendecors.com\/fr\/product\/cafe-booth-double-sofa-negotiation-reception-water-bar-rest-bar-booth-dessert-tea-shop-table-and-chair-combination\/","title":{"rendered":"Ensemble \u00e9l\u00e9gant de canap\u00e9 double et de table pour r\u00e9ception"},"content":{"rendered":"<ul>\n<li>\n<strong>marque<\/strong>:Extreme Iron<\/li>\n<li>\n<strong>mod\u00e8le<\/strong>:YONGH002<\/li>\n<li>\n<strong>Origine<\/strong>:Province du Fujian<\/li>\n<li>\n<strong>trier par couleur<\/strong>:One set of dark green double sofa, one set of gray double sofa, one set of navy blue double sofa, one dark green double sofa, one gray double sofa, one navy blue double sofa, one three-person sofa [color notes], one single sofa [color notes], one marble table<\/li>\n<li>\n<strong>Package Type<\/strong>:Official standard<\/li>\n<li>\n<strong>Taille du paquet<\/strong>:0.5<\/li>\n<li>\n<strong>Poids du colis<\/strong>:50<\/li>\n<li>\n<strong><\/strong>:<\/li>\n<\/ul>\n<p><img><\/p>","protected":false},"excerpt":{"rendered":"<p>Marque : Extreme Iron Mod\u00e8le : YONGH002 Origine : Province du Fujian Trier par couleur : Un ensemble de canap\u00e9 double vert fonc\u00e9, un ensemble de canap\u00e9 double gris,<\/p>","protected":false},"featured_media":107900,"comment_status":"open","ping_status":"closed","template":"","meta":[],"product_brand":[],"product_cat":[30862,30971,30856,30850],"product_tag":[],"class_list":{"0":"post-50383","1":"product","2":"type-product","3":"status-publish","4":"has-post-thumbnail","6":"product_cat-wholesales-hotels","7":"product_cat-hp","8":"product_cat-outdoor-furniture","9":"product_cat-wholesale-furniture","11":"first","12":"instock","13":"sale","14":"taxable","15":"shipping-taxable","16":"purchasable","17":"product-type-variable"},"_links":{"self":[{"href":"https:\/\/nexgendecors.com\/fr\/wp-json\/wp\/v2\/product\/50383","targetHints":{"allow":["GET"]}}],"collection":[{"href":"https:\/\/nexgendecors.com\/fr\/wp-json\/wp\/v2\/product"}],"about":[{"href":"https:\/\/nexgendecors.com\/fr\/wp-json\/wp\/v2\/types\/product"}],"replies":[{"embeddable":true,"href":"https:\/\/nexgendecors.com\/fr\/wp-json\/wp\/v2\/comments?post=50383"}],"version-history":[{"count":0,"href":"https:\/\/nexgendecors.com\/fr\/wp-json\/wp\/v2\/product\/50383\/revisions"}],"wp:featuredmedia":[{"embeddable":true,"href":"https:\/\/nexgendecors.com\/fr\/wp-json\/wp\/v2\/media\/107900"}],"wp:attachment":[{"href":"https:\/\/nexgendecors.com\/fr\/wp-json\/wp\/v2\/media?parent=50383"}],"wp:term":[{"taxonomy":"product_brand","embeddable":true,"href":"https:\/\/nexgendecors.com\/fr\/wp-json\/wp\/v2\/product_brand?post=50383"},{"taxonomy":"product_cat","embeddable":true,"href":"https:\/\/nexgendecors.com\/fr\/wp-json\/wp\/v2\/product_cat?post=50383"},{"taxonomy":"product_tag","embeddable":true,"href":"https:\/\/nexgendecors.com\/fr\/wp-json\/wp\/v2\/product_tag?post=50383"}],"curies":[{"name":"wp","href":"https:\/\/api.w.org\/{rel}","templated":true}]}}