{"id":50484,"date":"2025-01-26T02:30:29","date_gmt":"2025-01-26T02:30:29","guid":{"rendered":"https:\/\/nexgendecors.com\/product\/canteen-dining-table-rock-table-chair-combination-canteen-rock-table-four-person-staff-one-piece-table-and-chair-canteen-table-and-chair\/"},"modified":"2025-03-09T09:02:29","modified_gmt":"2025-03-09T09:02:29","slug":"canteen-dining-table-rock-table-chair-combination-canteen-rock-table-four-person-staff-one-piece-table-and-chair-canteen-table-and-chair","status":"publish","type":"product","link":"https:\/\/nexgendecors.com\/fr\/product\/canteen-dining-table-rock-table-chair-combination-canteen-rock-table-four-person-staff-one-piece-table-and-chair-canteen-table-and-chair\/","title":{"rendered":"Ensemble table et chaises Canteen Rock pour quatre personnes \u2013 Salle \u00e0 manger \u00e9l\u00e9gante"},"content":{"rendered":"<ul>\n<li>\n<strong>marque<\/strong>:Saifukang (furniture)<\/li>\n<li>\n<strong>mod\u00e8le<\/strong>:SFK12<\/li>\n<li>\n<strong>Fonction<\/strong>:D\u00e9montage<\/li>\n<li>\n<strong>mod\u00e8le<\/strong>:abstrait<\/li>\n<li>\n<strong>style<\/strong>:Moderne et simple<\/li>\n<li>\n<strong>forme<\/strong>:rectangle<\/li>\n<li>\n<strong>Nombre de personnes applicable<\/strong>:4 personnes<\/li>\n<li>\n<strong>\u00e9l\u00e9ments populaires<\/strong>:M\u00e9tal<\/li>\n<li>\n<strong>Type d&#039;emballage<\/strong>:Assembl\u00e9e<\/li>\n<li>\n<strong>trier par couleur<\/strong>:PP chair rock 4 persons bentwood chair rock 4 persons fruit green chair rock 4 persons PP plastic chair rock 4 persons Mongre chair rock 4 persons PP fiberglass chair rock 4 persons rock 4 persons PP fiberglass chair rock 4 persons bentwood chair hollow rose red chair rock 4 persons rubber wood chair rock 4 persons hollow blue chair rock 4 persons warm orange chair rock 4 persons oak color chair rock 4 persons colored fiberglass round table colored fiberglass square table custom made in style, size and material<\/li>\n<li>\n<strong>Mat\u00e9riau de finition<\/strong>:Panneau de roche<\/li>\n<li>\n<strong>Est-ce \u00e9volutif ?<\/strong>:Non<\/li>\n<li>\n<strong>Est-ce personnalisable ?<\/strong>:Oui<\/li>\n<li>\n<strong>Faut-il apporter une platine vinyle ?<\/strong>:Non<\/li>\n<li>\n<strong>Le bureau est-il r\u00e9glable ?<\/strong>:Non<\/li>\n<li>\n<strong>Que ce soit avec un rouleau<\/strong>:Non<\/li>\n<li>\n<strong>Faut-il apporter une pompe ?<\/strong>:Non<\/li>\n<li>\n<strong>Y a-t-il une armoire ?<\/strong>:Non<\/li>\n<li>\n<strong>Nombre de couches<\/strong>:1 histoire<\/li>\n<li>\n<strong>Structure du meuble<\/strong>:Structure de soutien<\/li>\n<li>\n<strong>Faut-il apporter une chaise ou un tabouret ?<\/strong>:Oui<\/li>\n<li>\n<strong>Origine<\/strong>:Province du Jiangsu<\/li>\n<li>\n<strong>ville<\/strong>:Ville de Suzhou<\/li>\n<li>\n<strong>Districts et comt\u00e9s<\/strong>:District de Xiangcheng<\/li>\n<li>\n<strong>Assembler<\/strong>:Oui<\/li>\n<li>\n<strong>volume du colis<\/strong>:0.35<\/li>\n<li>\n<strong>La pr\u00e9vente est-elle disponible ?<\/strong>:Oui<\/li>\n<li>\n<strong>Un taxi est-il disponible pour le transport ?<\/strong>:Non<\/li>\n<li>\n<strong>Positionnement de style<\/strong>:Style artistique<\/li>\n<li>\n<strong>Instructions d&#039;installation d\u00e9taill\u00e9es<\/strong>:Provide installation instruction video Provide installation instructions<\/li>\n<li>\n<strong>Poids brut<\/strong>:40kg<\/li>\n<li>\n<strong>S&#039;il dispose d&#039;une fonction de cuisson \u00e0 induction<\/strong>:Non<\/li>\n<li>\n<strong><\/strong>:<\/li>\n<\/ul>\n<p><img><\/p>","protected":false},"excerpt":{"rendered":"<p>Marque : Saifukang (meubles) Mod\u00e8le : SFK12 Fonction : D\u00e9montage Motif : abstrait Style : Moderne et simple Forme : rectangle Nombre de personnes applicable : 4 personnes \u00c9l\u00e9ments populaires : M\u00e9tal Type d&#039;emballage : Assemblage Trier par<\/p>","protected":false},"featured_media":108022,"comment_status":"open","ping_status":"closed","template":"","meta":[],"product_brand":[],"product_cat":[30900,30971,30866],"product_tag":[],"class_list":{"0":"post-50484","1":"product","2":"type-product","3":"status-publish","4":"has-post-thumbnail","6":"product_cat-bs-school","7":"product_cat-hp","8":"product_cat-wholesales-university-high-schools","10":"first","11":"instock","12":"taxable","13":"shipping-taxable","14":"purchasable","15":"product-type-variable"},"_links":{"self":[{"href":"https:\/\/nexgendecors.com\/fr\/wp-json\/wp\/v2\/product\/50484","targetHints":{"allow":["GET"]}}],"collection":[{"href":"https:\/\/nexgendecors.com\/fr\/wp-json\/wp\/v2\/product"}],"about":[{"href":"https:\/\/nexgendecors.com\/fr\/wp-json\/wp\/v2\/types\/product"}],"replies":[{"embeddable":true,"href":"https:\/\/nexgendecors.com\/fr\/wp-json\/wp\/v2\/comments?post=50484"}],"version-history":[{"count":0,"href":"https:\/\/nexgendecors.com\/fr\/wp-json\/wp\/v2\/product\/50484\/revisions"}],"wp:featuredmedia":[{"embeddable":true,"href":"https:\/\/nexgendecors.com\/fr\/wp-json\/wp\/v2\/media\/108022"}],"wp:attachment":[{"href":"https:\/\/nexgendecors.com\/fr\/wp-json\/wp\/v2\/media?parent=50484"}],"wp:term":[{"taxonomy":"product_brand","embeddable":true,"href":"https:\/\/nexgendecors.com\/fr\/wp-json\/wp\/v2\/product_brand?post=50484"},{"taxonomy":"product_cat","embeddable":true,"href":"https:\/\/nexgendecors.com\/fr\/wp-json\/wp\/v2\/product_cat?post=50484"},{"taxonomy":"product_tag","embeddable":true,"href":"https:\/\/nexgendecors.com\/fr\/wp-json\/wp\/v2\/product_tag?post=50484"}],"curies":[{"name":"wp","href":"https:\/\/api.w.org\/{rel}","templated":true}]}}