{"id":50623,"date":"2025-01-26T02:30:45","date_gmt":"2025-01-26T02:30:45","guid":{"rendered":"https:\/\/nexgendecors.com\/product\/ceo-chair-boss-chair-designer-chair-lift-reclining-home-office-swivel-chair-modern-simple-office-chair\/"},"modified":"2025-04-06T08:20:29","modified_gmt":"2025-04-06T08:20:29","slug":"ceo-chair-boss-chair-designer-chair-lift-reclining-home-office-swivel-chair-modern-simple-office-chair","status":"publish","type":"product","link":"https:\/\/nexgendecors.com\/fr\/product\/ceo-chair-boss-chair-designer-chair-lift-reclining-home-office-swivel-chair-modern-simple-office-chair\/","title":{"rendered":"Chaise de bureau pivotante et inclinable pour PDG"},"content":{"rendered":"<ul>\n<li>\n<strong>marque<\/strong>:Riz Bl\u00e9<\/li>\n<li>\n<strong>mod\u00e8le<\/strong>:706<\/li>\n<li>\n<strong>Mat\u00e9riau du si\u00e8ge<\/strong>:Panneaux \u00e0 base de bois<\/li>\n<li>\n<strong>Origine<\/strong>:Chine continentale<\/li>\n<li>\n<strong>province<\/strong>:Province du Guangdong<\/li>\n<li>\n<strong>trier par couleur<\/strong>:High back khaki + beige Xipi high back coffee + orange Xipi high back coffee Xipi high back black Xipi short back khaki + beige rolling foot short back khaki + beige fixed foot short back coffee + orange rolling foot short back coffee + orange fixed foot short back coffee rolling foot short back coffee fixed foot short back black rolling foot short back black fixed foot short back khaki + beige arched foot short back coffee + orange arched foot short back coffee arched foot short back black arched foot high back coffee cowhide (seat cowhide) high back black cowhide (seat cowhide) high back brown Xipi short back gray Xipi rolling foot high back khaki Xipi rolling foot<\/li>\n<li>\n<strong>Mat\u00e9riau en tissu<\/strong>:Cuir artificiel<\/li>\n<li>\n<strong>Peut-il \u00eatre \u00e9lev\u00e9 ou abaiss\u00e9 ?<\/strong>:Oui<\/li>\n<li>\n<strong>Puis-je m&#039;allonger ?<\/strong>:Non<\/li>\n<li>\n<strong>Mat\u00e9riau de pied cinq \u00e9toiles<\/strong>:Pieds en acier<\/li>\n<li>\n<strong>Type de main courante<\/strong>:Accoudoir fixe<\/li>\n<\/ul>\n<p><img><\/p>","protected":false},"excerpt":{"rendered":"<p>brand:Rice Wheat model:706 Seat material:Wood-based panels Origin:Chinese mainland province:Guangdong Province sort by color:High back khaki + beige Xipi high back<\/p>","protected":false},"featured_media":108188,"comment_status":"open","ping_status":"closed","template":"","meta":[],"product_brand":[],"product_cat":[30971,30859],"product_tag":[],"class_list":{"0":"post-50623","1":"product","2":"type-product","3":"status-publish","4":"has-post-thumbnail","6":"product_cat-hp","7":"product_cat-wholesale-office","9":"first","10":"instock","11":"sale","12":"taxable","13":"shipping-taxable","14":"purchasable","15":"product-type-variable"},"_links":{"self":[{"href":"https:\/\/nexgendecors.com\/fr\/wp-json\/wp\/v2\/product\/50623","targetHints":{"allow":["GET"]}}],"collection":[{"href":"https:\/\/nexgendecors.com\/fr\/wp-json\/wp\/v2\/product"}],"about":[{"href":"https:\/\/nexgendecors.com\/fr\/wp-json\/wp\/v2\/types\/product"}],"replies":[{"embeddable":true,"href":"https:\/\/nexgendecors.com\/fr\/wp-json\/wp\/v2\/comments?post=50623"}],"version-history":[{"count":0,"href":"https:\/\/nexgendecors.com\/fr\/wp-json\/wp\/v2\/product\/50623\/revisions"}],"wp:featuredmedia":[{"embeddable":true,"href":"https:\/\/nexgendecors.com\/fr\/wp-json\/wp\/v2\/media\/108188"}],"wp:attachment":[{"href":"https:\/\/nexgendecors.com\/fr\/wp-json\/wp\/v2\/media?parent=50623"}],"wp:term":[{"taxonomy":"product_brand","embeddable":true,"href":"https:\/\/nexgendecors.com\/fr\/wp-json\/wp\/v2\/product_brand?post=50623"},{"taxonomy":"product_cat","embeddable":true,"href":"https:\/\/nexgendecors.com\/fr\/wp-json\/wp\/v2\/product_cat?post=50623"},{"taxonomy":"product_tag","embeddable":true,"href":"https:\/\/nexgendecors.com\/fr\/wp-json\/wp\/v2\/product_tag?post=50623"}],"curies":[{"name":"wp","href":"https:\/\/api.w.org\/{rel}","templated":true}]}}