{"id":50709,"date":"2025-01-26T02:30:56","date_gmt":"2025-01-26T02:30:56","guid":{"rendered":"https:\/\/nexgendecors.com\/product\/internet-celebrity-beauty-salon-sofa-clothing-dessert-milk-tea-shop-coffee-shop-rest-area-booth-negotiation-table-and-chair-coffee-table-combination\/"},"modified":"2025-04-06T08:20:38","modified_gmt":"2025-04-06T08:20:38","slug":"internet-celebrity-beauty-salon-sofa-clothing-dessert-milk-tea-shop-coffee-shop-rest-area-booth-negotiation-table-and-chair-coffee-table-combination","status":"publish","type":"product","link":"https:\/\/nexgendecors.com\/fr\/product\/internet-celebrity-beauty-salon-sofa-clothing-dessert-milk-tea-shop-coffee-shop-rest-area-booth-negotiation-table-and-chair-coffee-table-combination\/","title":{"rendered":"Salon de beaut\u00e9 chic et caf\u00e9 confortable : Cabines et tables \u00e9l\u00e9gantes"},"content":{"rendered":"<ul>\n<li>\n<strong>marque<\/strong>:Zhongmin Yunshang<\/li>\n<li>\n<strong>mod\u00e8le<\/strong>:SENSE0255<\/li>\n<li>\n<strong>Mat\u00e9riel<\/strong>:Iron rock slab soft package<\/li>\n<li>\n<strong>style<\/strong>:Style de luxe l\u00e9ger<\/li>\n<li>\n<strong>Origine<\/strong>:Province du Fujian<\/li>\n<li>\n<strong>Nombre de personnes applicable<\/strong>:4 personnes<\/li>\n<li>\n<strong>trier par couleur<\/strong>:2 alien chairs + 1 graceful round table 60 (light gray) 2 alien chairs + 1 graceful round table 60 (emerald) 2 alien chairs + 1 graceful round table 60 (dark gray) 3 alien chairs + 1 graceful round table 60 (light gray) 3 alien chairs + 1 graceful round table 60 (emerald) 3 alien chairs + 1 graceful round table 60 (dark gray) 4 alien chairs + 1 graceful round table 60 (light gray) 4 alien chairs + 1 graceful round table 60 (emerald) 4 alien chairs + 1 graceful round table 60 (dark gray) 4 alien chairs + 1 vase table 120 (color notes) 4 alien chairs + 1 vase table 140 (color notes) 4 alien chairs + 1 vase table 160 (color notes) Alien chair (color notes) Graceful round table 60 (color notes) Princess chair (color notes) Vase table 100 Vase table 120 Vase table 140 Vase table 160<\/li>\n<li>\n<strong>Remplissage<\/strong>:\u00e9ponge<\/li>\n<li>\n<strong>Taille du paquet<\/strong>:0<\/li>\n<li>\n<strong>Poids du colis<\/strong>:0<\/li>\n<li>\n<strong>Normes environnementales<\/strong>:Autre<\/li>\n<li>\n<strong>Est-ce personnalisable ?<\/strong>:Oui<\/li>\n<li>\n<strong>La pr\u00e9vente est-elle disponible ?<\/strong>:Non<\/li>\n<li>\n<strong><\/strong>:<\/li>\n<\/ul>\n<p><img><\/p>","protected":false},"excerpt":{"rendered":"<p>marque:Zhongmin Yunshang mod\u00e8le:SENSE0255 Mat\u00e9riau:Plaque de roche de fer emballage souple style:Luxe l\u00e9ger Origine:Province de Fujian Nombre de personnes concern\u00e9es:4 personnes trier par<\/p>","protected":false},"featured_media":108308,"comment_status":"open","ping_status":"closed","template":"","meta":[],"product_brand":[],"product_cat":[30897,30862,30971,30860,30865],"product_tag":[],"class_list":{"0":"post-50709","1":"product","2":"type-product","3":"status-publish","4":"has-post-thumbnail","6":"product_cat-bs-restaurant","7":"product_cat-wholesales-hotels","8":"product_cat-hp","9":"product_cat-wholesale-restaurant","10":"product_cat-wholesales-salons-shops","12":"first","13":"instock","14":"sale","15":"taxable","16":"shipping-taxable","17":"purchasable","18":"product-type-variable"},"_links":{"self":[{"href":"https:\/\/nexgendecors.com\/fr\/wp-json\/wp\/v2\/product\/50709","targetHints":{"allow":["GET"]}}],"collection":[{"href":"https:\/\/nexgendecors.com\/fr\/wp-json\/wp\/v2\/product"}],"about":[{"href":"https:\/\/nexgendecors.com\/fr\/wp-json\/wp\/v2\/types\/product"}],"replies":[{"embeddable":true,"href":"https:\/\/nexgendecors.com\/fr\/wp-json\/wp\/v2\/comments?post=50709"}],"version-history":[{"count":0,"href":"https:\/\/nexgendecors.com\/fr\/wp-json\/wp\/v2\/product\/50709\/revisions"}],"wp:featuredmedia":[{"embeddable":true,"href":"https:\/\/nexgendecors.com\/fr\/wp-json\/wp\/v2\/media\/108308"}],"wp:attachment":[{"href":"https:\/\/nexgendecors.com\/fr\/wp-json\/wp\/v2\/media?parent=50709"}],"wp:term":[{"taxonomy":"product_brand","embeddable":true,"href":"https:\/\/nexgendecors.com\/fr\/wp-json\/wp\/v2\/product_brand?post=50709"},{"taxonomy":"product_cat","embeddable":true,"href":"https:\/\/nexgendecors.com\/fr\/wp-json\/wp\/v2\/product_cat?post=50709"},{"taxonomy":"product_tag","embeddable":true,"href":"https:\/\/nexgendecors.com\/fr\/wp-json\/wp\/v2\/product_tag?post=50709"}],"curies":[{"name":"wp","href":"https:\/\/api.w.org\/{rel}","templated":true}]}}