{"id":50748,"date":"2025-01-26T02:30:59","date_gmt":"2025-01-26T02:30:59","guid":{"rendered":"https:\/\/nexgendecors.com\/product\/internet-celebrity-dessert-milk-tea-shop-coffee-restaurant-table-and-chair-combination-clothing-store-leisure-negotiation-reception-booth-balcony-sofa\/"},"modified":"2025-04-06T08:20:45","modified_gmt":"2025-04-06T08:20:45","slug":"internet-celebrity-dessert-milk-tea-shop-coffee-restaurant-table-and-chair-combination-clothing-store-leisure-negotiation-reception-booth-balcony-sofa","status":"publish","type":"product","link":"https:\/\/nexgendecors.com\/fr\/product\/internet-celebrity-dessert-milk-tea-shop-coffee-restaurant-table-and-chair-combination-clothing-store-leisure-negotiation-reception-booth-balcony-sofa\/","title":{"rendered":"Mobilier de caf\u00e9 chic\u00a0: tables, chaises et canap\u00e9s \u00e9l\u00e9gants"},"content":{"rendered":"<ul>\n<li>\n<strong>marque<\/strong>:Zhongmin Yunshang<\/li>\n<li>\n<strong>mod\u00e8le<\/strong>:ZMYS0224<\/li>\n<li>\n<strong>Mat\u00e9riel<\/strong>:Iron art + rock board<\/li>\n<li>\n<strong>style<\/strong>:Style de luxe l\u00e9ger<\/li>\n<li>\n<strong>Origine<\/strong>:Province du Fujian<\/li>\n<li>\n<strong>Nombre de personnes applicable<\/strong>:4 personnes<\/li>\n<li>\n<strong>trier par couleur<\/strong>:2 alien chairs + 1 graceful round table 60 (light gray) 2 alien chairs + 1 graceful round table 60 (emerald) 2 alien chairs + 1 graceful round table 60 (dark gray) 3 alien chairs + 1 graceful round table 60 (light gray) 3 alien chairs + 1 graceful round table 60 (emerald) 3 alien chairs + 1 graceful round table 60 (dark gray) 4 alien chairs + 1 graceful round table 60 (light gray) 4 alien chairs + 1 graceful round table 60 (emerald) 4 alien chairs + 1 graceful round table 60 (dark gray) 4 alien chairs + 1 vase table 120 (color notes) 4 alien chairs + 1 vase table 140 (color notes) 4 alien chairs + 1 vase table 160 (color notes) Alien chair (color notes) Graceful round table 60 (color notes) Princess chair (color notes) Vase table 100 Vase table 120 Vase table 140 Vase table 160 Both flannel and leather are available (color notes)<\/li>\n<li>\n<strong>Remplissage<\/strong>:\u00e9ponge<\/li>\n<li>\n<strong>Taille du paquet<\/strong>:0<\/li>\n<li>\n<strong>Poids du colis<\/strong>:0<\/li>\n<li>\n<strong>Normes environnementales<\/strong>:Autre<\/li>\n<li>\n<strong>Est-ce personnalisable ?<\/strong>:Oui<\/li>\n<li>\n<strong>La pr\u00e9vente est-elle disponible ?<\/strong>:Non<\/li>\n<li>\n<strong><\/strong>:<\/li>\n<\/ul>\n<p><img><\/p>","protected":false},"excerpt":{"rendered":"<p>Marque : Zhongmin Yunshang Mod\u00e8le : ZMYS0224 Mat\u00e9riau : fer art + panneau de roche Style : style de luxe l\u00e9ger Origine : province du Fujian Nombre de personnes applicable : 4 personnes Trier par<\/p>","protected":false},"featured_media":108336,"comment_status":"open","ping_status":"closed","template":"","meta":[],"product_brand":[],"product_cat":[30862,30971,30860,30865],"product_tag":[],"class_list":{"0":"post-50748","1":"product","2":"type-product","3":"status-publish","4":"has-post-thumbnail","6":"product_cat-wholesales-hotels","7":"product_cat-hp","8":"product_cat-wholesale-restaurant","9":"product_cat-wholesales-salons-shops","11":"first","12":"instock","13":"sale","14":"taxable","15":"shipping-taxable","16":"purchasable","17":"product-type-variable"},"_links":{"self":[{"href":"https:\/\/nexgendecors.com\/fr\/wp-json\/wp\/v2\/product\/50748","targetHints":{"allow":["GET"]}}],"collection":[{"href":"https:\/\/nexgendecors.com\/fr\/wp-json\/wp\/v2\/product"}],"about":[{"href":"https:\/\/nexgendecors.com\/fr\/wp-json\/wp\/v2\/types\/product"}],"replies":[{"embeddable":true,"href":"https:\/\/nexgendecors.com\/fr\/wp-json\/wp\/v2\/comments?post=50748"}],"version-history":[{"count":0,"href":"https:\/\/nexgendecors.com\/fr\/wp-json\/wp\/v2\/product\/50748\/revisions"}],"wp:featuredmedia":[{"embeddable":true,"href":"https:\/\/nexgendecors.com\/fr\/wp-json\/wp\/v2\/media\/108336"}],"wp:attachment":[{"href":"https:\/\/nexgendecors.com\/fr\/wp-json\/wp\/v2\/media?parent=50748"}],"wp:term":[{"taxonomy":"product_brand","embeddable":true,"href":"https:\/\/nexgendecors.com\/fr\/wp-json\/wp\/v2\/product_brand?post=50748"},{"taxonomy":"product_cat","embeddable":true,"href":"https:\/\/nexgendecors.com\/fr\/wp-json\/wp\/v2\/product_cat?post=50748"},{"taxonomy":"product_tag","embeddable":true,"href":"https:\/\/nexgendecors.com\/fr\/wp-json\/wp\/v2\/product_tag?post=50748"}],"curies":[{"name":"wp","href":"https:\/\/api.w.org\/{rel}","templated":true}]}}