{"id":50811,"date":"2025-01-26T02:31:07","date_gmt":"2025-01-26T02:31:07","guid":{"rendered":"https:\/\/nexgendecors.com\/product\/simple-multifunctional-soft-pack-nail-table-and-chair-set-internet-celebrity-nail-table-sofa-chair-double-layer-marble-nail-table\/"},"modified":"2025-04-06T08:20:55","modified_gmt":"2025-04-06T08:20:55","slug":"simple-multifunctional-soft-pack-nail-table-and-chair-set-internet-celebrity-nail-table-sofa-chair-double-layer-marble-nail-table","status":"publish","type":"product","link":"https:\/\/nexgendecors.com\/fr\/product\/simple-multifunctional-soft-pack-nail-table-and-chair-set-internet-celebrity-nail-table-sofa-chair-double-layer-marble-nail-table\/","title":{"rendered":"Ensemble table et chaises \u00e0 ongles en marbre Chic Soft-Pack"},"content":{"rendered":"<ul>\n<li>\n<strong>marque<\/strong>:Zhongmin Yunshang<\/li>\n<li>\n<strong>mod\u00e8le<\/strong>:ZMYS0118<\/li>\n<li>\n<strong>Fonction<\/strong>:Storage and dirt-resistant<\/li>\n<li>\n<strong>Mat\u00e9riel<\/strong>:Iron rock slab soft package<\/li>\n<li>\n<strong>style<\/strong>:Style de luxe l\u00e9ger<\/li>\n<li>\n<strong>Origine<\/strong>:Province du Fujian<\/li>\n<li>\n<strong>trier par couleur<\/strong>:Multifunctional nail table 100x45x78 (color notes) Multifunctional nail table 150x45x78 (color notes) Multifunctional nail table 180x45x78 (color notes) Multifunctional nail table 200x45x78 (color notes) Peacock chair (color notes) Water drop chair (color notes) Meilin chair (color notes) Round stool (color notes) Princess chair (color notes) Swallow chair (color notes) U-shaped sofa (color notes) Line U-shaped sofa (color notes) New U-shaped sofa (color notes) Red lip chair (color notes) Mermaid chair (color notes) Japanese cicada chair (color notes) Butterfly chair (color notes) Scallop chair (color notes) Cactus chair (color notes) Lipstick sofa (color notes) Hippo chair (color notes)<\/li>\n<li>\n<strong>Package Type<\/strong>:Official standard<\/li>\n<li>\n<strong>Taille du paquet<\/strong>:0<\/li>\n<li>\n<strong>Normes environnementales<\/strong>:green design<\/li>\n<li>\n<strong>Est-ce personnalisable ?<\/strong>:Oui<\/li>\n<li>\n<strong>La pr\u00e9vente est-elle disponible ?<\/strong>:Non<\/li>\n<\/ul>\n<p><img><\/p>","protected":false},"excerpt":{"rendered":"<p>Marque : Zhongmin Yunshang Mod\u00e8le : ZMYS0118 Fonction : Stockage et r\u00e9sistant \u00e0 la salet\u00e9 Mat\u00e9riau : Dalle de roche en fer Emballage souple Style : Style de luxe l\u00e9ger Origine : Province du Fujian Trier par couleur : Clou multifonctionnel<\/p>","protected":false},"featured_media":108398,"comment_status":"open","ping_status":"closed","template":"","meta":[],"product_brand":[],"product_cat":[30971,30865],"product_tag":[],"class_list":{"0":"post-50811","1":"product","2":"type-product","3":"status-publish","4":"has-post-thumbnail","6":"product_cat-hp","7":"product_cat-wholesales-salons-shops","9":"first","10":"instock","11":"sale","12":"taxable","13":"shipping-taxable","14":"purchasable","15":"product-type-variable"},"_links":{"self":[{"href":"https:\/\/nexgendecors.com\/fr\/wp-json\/wp\/v2\/product\/50811","targetHints":{"allow":["GET"]}}],"collection":[{"href":"https:\/\/nexgendecors.com\/fr\/wp-json\/wp\/v2\/product"}],"about":[{"href":"https:\/\/nexgendecors.com\/fr\/wp-json\/wp\/v2\/types\/product"}],"replies":[{"embeddable":true,"href":"https:\/\/nexgendecors.com\/fr\/wp-json\/wp\/v2\/comments?post=50811"}],"version-history":[{"count":0,"href":"https:\/\/nexgendecors.com\/fr\/wp-json\/wp\/v2\/product\/50811\/revisions"}],"wp:featuredmedia":[{"embeddable":true,"href":"https:\/\/nexgendecors.com\/fr\/wp-json\/wp\/v2\/media\/108398"}],"wp:attachment":[{"href":"https:\/\/nexgendecors.com\/fr\/wp-json\/wp\/v2\/media?parent=50811"}],"wp:term":[{"taxonomy":"product_brand","embeddable":true,"href":"https:\/\/nexgendecors.com\/fr\/wp-json\/wp\/v2\/product_brand?post=50811"},{"taxonomy":"product_cat","embeddable":true,"href":"https:\/\/nexgendecors.com\/fr\/wp-json\/wp\/v2\/product_cat?post=50811"},{"taxonomy":"product_tag","embeddable":true,"href":"https:\/\/nexgendecors.com\/fr\/wp-json\/wp\/v2\/product_tag?post=50811"}],"curies":[{"name":"wp","href":"https:\/\/api.w.org\/{rel}","templated":true}]}}