{"id":50919,"date":"2025-01-26T02:31:22","date_gmt":"2025-01-26T02:31:22","guid":{"rendered":"https:\/\/nexgendecors.com\/product\/childrens-barbecue-table-wooden-kitchen-toys-pretend-bbq-grill-cooking-girl-baby-new-year-gift\/"},"modified":"2025-04-06T08:21:08","modified_gmt":"2025-04-06T08:21:08","slug":"childrens-barbecue-table-wooden-kitchen-toys-pretend-bbq-grill-cooking-girl-baby-new-year-gift","status":"publish","type":"product","link":"https:\/\/nexgendecors.com\/fr\/product\/childrens-barbecue-table-wooden-kitchen-toys-pretend-bbq-grill-cooking-girl-baby-new-year-gift\/","title":{"rendered":"Ensemble de jeu de barbecue en bois pour enfants \u2013 Cadeau parfait\u00a0!"},"content":{"rendered":"<ul>\n<li>\n<strong>marque<\/strong>:NUNUKIDS<\/li>\n<li>\n<strong>mod\u00e8le<\/strong>:Barbecue Grill<\/li>\n<li>\n<strong>\u00c2ge appropri\u00e9<\/strong>:4 years old,3 years old,6 years old,5 years old,8 years old,7 years old,9 years old,10 years old<\/li>\n<li>\n<strong>Mat\u00e9riel<\/strong>:Bois<\/li>\n<li>\n<strong>Origine<\/strong>:Chine continentale<\/li>\n<li>\n<strong>province<\/strong>:Province du Zhejiang<\/li>\n<li>\n<strong>ville<\/strong>:Lishui City<\/li>\n<li>\n<strong>Genre applicable<\/strong>:Unisexe<\/li>\n<li>\n<strong>Type de jouet<\/strong>:Simulation kitchen<\/li>\n<li>\n<strong>trier par couleur<\/strong>:Cucinino grill, YLB grill, nunukids grill car, KBBQ bear grill car, Nordic style wooden combination four-piece set<\/li>\n<\/ul>\n<p><img><\/p>","protected":false},"excerpt":{"rendered":"<p>Marque : NUNUKIDS Mod\u00e8le : Barbecue \u00c2ge appropri\u00e9 : 4 ans, 3 ans, 6 ans, 5 ans, 8 ans, 7 ans, 9 ans, 10 ans<\/p>","protected":false},"featured_media":108466,"comment_status":"open","ping_status":"closed","template":"","meta":[],"product_brand":[],"product_cat":[30971,30849],"product_tag":[],"class_list":{"0":"post-50919","1":"product","2":"type-product","3":"status-publish","4":"has-post-thumbnail","6":"product_cat-hp","7":"product_cat-kindergarten-school-furniture","9":"first","10":"instock","11":"taxable","12":"shipping-taxable","13":"purchasable","14":"product-type-variable"},"_links":{"self":[{"href":"https:\/\/nexgendecors.com\/fr\/wp-json\/wp\/v2\/product\/50919","targetHints":{"allow":["GET"]}}],"collection":[{"href":"https:\/\/nexgendecors.com\/fr\/wp-json\/wp\/v2\/product"}],"about":[{"href":"https:\/\/nexgendecors.com\/fr\/wp-json\/wp\/v2\/types\/product"}],"replies":[{"embeddable":true,"href":"https:\/\/nexgendecors.com\/fr\/wp-json\/wp\/v2\/comments?post=50919"}],"version-history":[{"count":0,"href":"https:\/\/nexgendecors.com\/fr\/wp-json\/wp\/v2\/product\/50919\/revisions"}],"wp:featuredmedia":[{"embeddable":true,"href":"https:\/\/nexgendecors.com\/fr\/wp-json\/wp\/v2\/media\/108466"}],"wp:attachment":[{"href":"https:\/\/nexgendecors.com\/fr\/wp-json\/wp\/v2\/media?parent=50919"}],"wp:term":[{"taxonomy":"product_brand","embeddable":true,"href":"https:\/\/nexgendecors.com\/fr\/wp-json\/wp\/v2\/product_brand?post=50919"},{"taxonomy":"product_cat","embeddable":true,"href":"https:\/\/nexgendecors.com\/fr\/wp-json\/wp\/v2\/product_cat?post=50919"},{"taxonomy":"product_tag","embeddable":true,"href":"https:\/\/nexgendecors.com\/fr\/wp-json\/wp\/v2\/product_tag?post=50919"}],"curies":[{"name":"wp","href":"https:\/\/api.w.org\/{rel}","templated":true}]}}