{"id":50925,"date":"2025-01-26T02:31:23","date_gmt":"2025-01-26T02:31:23","guid":{"rendered":"https:\/\/nexgendecors.com\/product\/childrens-bed-desk-integrated-space-bed-under-the-bed-table-combination-bed-high-bed-upper-space-capsule-bunk-bed-iron-bed\/"},"modified":"2025-04-06T08:21:11","modified_gmt":"2025-04-06T08:21:11","slug":"childrens-bed-desk-integrated-space-bed-under-the-bed-table-combination-bed-high-bed-upper-space-capsule-bunk-bed-iron-bed","status":"publish","type":"product","link":"https:\/\/nexgendecors.com\/fr\/product\/childrens-bed-desk-integrated-space-bed-under-the-bed-table-combination-bed-high-bed-upper-space-capsule-bunk-bed-iron-bed\/","title":{"rendered":"Lit superpos\u00e9 capsule peu encombrant avec bureau int\u00e9gr\u00e9"},"content":{"rendered":"<ul>\n<li>\n<strong>style<\/strong>:Simplicity<\/li>\n<li>\n<strong>Y a-t-il un espace de stockage ?<\/strong>:Oui<\/li>\n<li>\n<strong>ville<\/strong>:Guangzhou City<\/li>\n<li>\n<strong>Districts et comt\u00e9s<\/strong>:Tianhe District<\/li>\n<li>\n<strong>La pr\u00e9vente est-elle disponible ?<\/strong>:Oui<\/li>\n<li>\n<strong>Mat\u00e9riau de finition<\/strong>:log<\/li>\n<li>\n<strong>Fonctionnalit\u00e9s suppl\u00e9mentaires<\/strong>:Stockage<\/li>\n<li>\n<strong>volume du colis<\/strong>:2<\/li>\n<li>\n<strong>Structure du meuble<\/strong>:Cadre<\/li>\n<li>\n<strong>Is there a safety barrier?<\/strong>:Oui<\/li>\n<li>\n<strong>Positionnement de style<\/strong>:Style artistique<\/li>\n<li>\n<strong>trier par couleur<\/strong>:Transparent yellow dark blue sky blue blue yellow two-piece yellow + green wood color wood color two-piece sky blue two-piece project design plan<\/li>\n<li>\n<strong>Poids brut<\/strong>:300<\/li>\n<li>\n<strong>marque<\/strong>:Saifukang (furniture)<\/li>\n<li>\n<strong>mod\u00e8le<\/strong>:SFK63<\/li>\n<li>\n<strong>\u00e9l\u00e9ments populaires<\/strong>:Master Design Metal<\/li>\n<li>\n<strong>Est-ce personnalisable ?<\/strong>:Oui<\/li>\n<li>\n<strong>Combinaison<\/strong>:More combinations<\/li>\n<li>\n<strong>Mat\u00e9riel<\/strong>:Bois massif<\/li>\n<li>\n<strong>Instructions d&#039;installation d\u00e9taill\u00e9es<\/strong>:Provide installation instructions Provide installation instruction video<\/li>\n<li>\n<strong>taille<\/strong>:autre<\/li>\n<li>\n<strong>mod\u00e8le<\/strong>:Art<\/li>\n<li>\n<strong>Un taxi est-il disponible pour le transport ?<\/strong>:Non<\/li>\n<li>\n<strong>gender<\/strong>:Female Male<\/li>\n<li>\n<strong>Livraison\/installation disponible<\/strong>:All cities<\/li>\n<\/ul>\n<p><img><\/p>","protected":false},"excerpt":{"rendered":"<p>Style : Simplicit\u00e9 Y a-t-il un espace de stockage ? : Oui Ville : Ville de Guangzhou Districts et comt\u00e9s : District de Tianhe La pr\u00e9vente est-elle disponible ? : Oui Mat\u00e9riau de finition : Bois Caract\u00e9ristiques suppl\u00e9mentaires : Volume du paquet de stockage : 2<\/p>","protected":false},"featured_media":108479,"comment_status":"open","ping_status":"closed","template":"","meta":[],"product_brand":[],"product_cat":[30971,30866],"product_tag":[],"class_list":{"0":"post-50925","1":"product","2":"type-product","3":"status-publish","4":"has-post-thumbnail","6":"product_cat-hp","7":"product_cat-wholesales-university-high-schools","9":"first","10":"instock","11":"taxable","12":"shipping-taxable","13":"purchasable","14":"product-type-variable"},"_links":{"self":[{"href":"https:\/\/nexgendecors.com\/fr\/wp-json\/wp\/v2\/product\/50925","targetHints":{"allow":["GET"]}}],"collection":[{"href":"https:\/\/nexgendecors.com\/fr\/wp-json\/wp\/v2\/product"}],"about":[{"href":"https:\/\/nexgendecors.com\/fr\/wp-json\/wp\/v2\/types\/product"}],"replies":[{"embeddable":true,"href":"https:\/\/nexgendecors.com\/fr\/wp-json\/wp\/v2\/comments?post=50925"}],"version-history":[{"count":0,"href":"https:\/\/nexgendecors.com\/fr\/wp-json\/wp\/v2\/product\/50925\/revisions"}],"wp:featuredmedia":[{"embeddable":true,"href":"https:\/\/nexgendecors.com\/fr\/wp-json\/wp\/v2\/media\/108479"}],"wp:attachment":[{"href":"https:\/\/nexgendecors.com\/fr\/wp-json\/wp\/v2\/media?parent=50925"}],"wp:term":[{"taxonomy":"product_brand","embeddable":true,"href":"https:\/\/nexgendecors.com\/fr\/wp-json\/wp\/v2\/product_brand?post=50925"},{"taxonomy":"product_cat","embeddable":true,"href":"https:\/\/nexgendecors.com\/fr\/wp-json\/wp\/v2\/product_cat?post=50925"},{"taxonomy":"product_tag","embeddable":true,"href":"https:\/\/nexgendecors.com\/fr\/wp-json\/wp\/v2\/product_tag?post=50925"}],"curies":[{"name":"wp","href":"https:\/\/api.w.org\/{rel}","templated":true}]}}