{"id":51210,"date":"2025-01-26T02:32:19","date_gmt":"2025-01-26T02:32:19","guid":{"rendered":"https:\/\/nexgendecors.com\/product\/childrens-room-bedside-chandelier-modern-simple-eye-protection-light-luxury-minimalist-lifting-cartoon-boy-bedroom-moon-hanging-line-lamp\/"},"modified":"2025-03-09T08:23:51","modified_gmt":"2025-03-09T08:23:51","slug":"childrens-room-bedside-chandelier-modern-simple-eye-protection-light-luxury-minimalist-lifting-cartoon-boy-bedroom-moon-hanging-line-lamp","status":"publish","type":"product","link":"https:\/\/nexgendecors.com\/fr\/product\/childrens-room-bedside-chandelier-modern-simple-eye-protection-light-luxury-minimalist-lifting-cartoon-boy-bedroom-moon-hanging-line-lamp\/","title":{"rendered":"Modern Moon Chandelier for Kids&#8217; Bedroom &#8211; Eye Protection"},"content":{"rendered":"<ul>\n<li>\n<strong>style<\/strong>:Europe du Nord<\/li>\n<li>\n<strong>Type de lustre<\/strong>:Lustre en alliage de zinc<\/li>\n<li>\n<strong>Mat\u00e9riau principal du corps de la lampe<\/strong>:alloy<\/li>\n<li>\n<strong>Mat\u00e9riau principal de l&#039;abat-jour<\/strong>:Abat-jour en PMMA \u00e0 haute transmission lumineuse<\/li>\n<li>\n<strong>Tension<\/strong>:111V~240V (inclus)<\/li>\n<li>\n<strong>Nombre d&#039;accessoires<\/strong>:1<\/li>\n<li>\n<strong>Forme de la lampe<\/strong>:Lustre en forme de ligne de p\u00eache<\/li>\n<li>\n<strong>Que ce soit un contr\u00f4le intelligent<\/strong>:Non<\/li>\n<li>\n<strong>Nombre de t\u00eates de lampe<\/strong>:1<\/li>\n<li>\n<strong>Mat\u00e9riau auxiliaire du corps de la lampe<\/strong>:alloy<\/li>\n<li>\n<strong>Espace applicable<\/strong>:Children&#8217;s Room<\/li>\n<li>\n<strong>Service en ville<\/strong>:Les acheteurs de la m\u00eame ville r\u00e9cup\u00e8rent les marchandises \u00e0 domicile<\/li>\n<li>\n<strong>P\u00e9riode de garantie<\/strong>:3 ans<\/li>\n<li>\n<strong>Zone d&#039;irradiation<\/strong>:3\u33a1-5\u33a1<\/li>\n<li>\n<strong>La lampe a-t-elle une source lumineuse ?<\/strong>:Non<\/li>\n<li>\n<strong>type de source lumineuse<\/strong>:Lumi\u00e8res LED<\/li>\n<li>\n<strong>Nombre de sources lumineuses<\/strong>:1<\/li>\n<li>\n<strong>Technologie<\/strong>:placage<\/li>\n<li>\n<strong>trier par couleur<\/strong>:Reading &#8211; full spectrum three-color light [free lifting model] Reading &#8211; full spectrum three-color light Raising a flag &#8211; full spectrum three-color light [free lifting model] Raising a flag &#8211; full spectrum three-color light Astronaut &#8211; Moon lampshade &#8211; full spectrum three-color light [free lifting model] Astronaut &#8211; Moon lampshade &#8211; full spectrum three-color light Astronaut &#8211; Planet lampshade &#8211; full spectrum three-color light [free lifting model] Astronaut &#8211; Planet lampshade &#8211; full spectrum three-color light Astronaut &#8211; Milky white lampshade &#8211; full spectrum three-color light [free lifting model] Astronaut &#8211; Milky white lampshade &#8211; full spectrum three-color light Smart fan ceiling lamp + reading chandelier &#8211; full spectrum three-color light smart fan ceiling lamp + flag chandelier &#8211; full spectrum three-color light smart fan ceiling lamp + moon chandelier &#8211; full spectrum three-color light smart fan ceiling lamp + planet chandelier &#8211; full spectrum three-color light smart fan ceiling lamp + milky white ball chandelier &#8211; full spectrum three-color light<\/li>\n<li>\n<strong>marque<\/strong>:Kaferay<\/li>\n<li>\n<strong>mod\u00e8le<\/strong>:F8500<\/li>\n<li>\n<strong>Type de contr\u00f4le<\/strong>:Autres contr\u00f4les non intelligents<\/li>\n<li>\n<strong>Type intelligent<\/strong>:Pas de support pour smart<\/li>\n<li>\n<strong>Mat\u00e9riau auxiliaire pour abat-jour<\/strong>:Abat-jour en PMMA \u00e0 haute transmission lumineuse<\/li>\n<li>\n<strong>pouvoir<\/strong>:6 W (inclus) \u2013 10 W (inclus)<\/li>\n<li>\n<strong>Temp\u00e9rature de couleur de la source lumineuse Valeur K<\/strong>:3000K<\/li>\n<li>\n<strong>Temp\u00e9rature de couleur<\/strong>:Lumi\u00e8re tricolore<\/li>\n<li>\n<strong>Num\u00e9ro de certificat 3C<\/strong>:2024371001000048<\/li>\n<\/ul>","protected":false},"excerpt":{"rendered":"<p>style:Northern Europe Chandelier Type:Zinc alloy chandelier Main material of lamp body:alloy Lampshade main material:PMMA high light transmittance lampshade Voltage:111V~240V (inclusive)<\/p>","protected":false},"featured_media":108831,"comment_status":"open","ping_status":"closed","template":"","meta":[],"product_brand":[],"product_cat":[30971,30864],"product_tag":[],"class_list":{"0":"post-51210","1":"product","2":"type-product","3":"status-publish","4":"has-post-thumbnail","6":"product_cat-hp","7":"product_cat-new-wholesales-lights","9":"first","10":"instock","11":"taxable","12":"shipping-taxable","13":"purchasable","14":"product-type-variable"},"_links":{"self":[{"href":"https:\/\/nexgendecors.com\/fr\/wp-json\/wp\/v2\/product\/51210","targetHints":{"allow":["GET"]}}],"collection":[{"href":"https:\/\/nexgendecors.com\/fr\/wp-json\/wp\/v2\/product"}],"about":[{"href":"https:\/\/nexgendecors.com\/fr\/wp-json\/wp\/v2\/types\/product"}],"replies":[{"embeddable":true,"href":"https:\/\/nexgendecors.com\/fr\/wp-json\/wp\/v2\/comments?post=51210"}],"version-history":[{"count":0,"href":"https:\/\/nexgendecors.com\/fr\/wp-json\/wp\/v2\/product\/51210\/revisions"}],"wp:featuredmedia":[{"embeddable":true,"href":"https:\/\/nexgendecors.com\/fr\/wp-json\/wp\/v2\/media\/108831"}],"wp:attachment":[{"href":"https:\/\/nexgendecors.com\/fr\/wp-json\/wp\/v2\/media?parent=51210"}],"wp:term":[{"taxonomy":"product_brand","embeddable":true,"href":"https:\/\/nexgendecors.com\/fr\/wp-json\/wp\/v2\/product_brand?post=51210"},{"taxonomy":"product_cat","embeddable":true,"href":"https:\/\/nexgendecors.com\/fr\/wp-json\/wp\/v2\/product_cat?post=51210"},{"taxonomy":"product_tag","embeddable":true,"href":"https:\/\/nexgendecors.com\/fr\/wp-json\/wp\/v2\/product_tag?post=51210"}],"curies":[{"name":"wp","href":"https:\/\/api.w.org\/{rel}","templated":true}]}}