{"id":51485,"date":"2025-01-26T02:32:59","date_gmt":"2025-01-26T02:32:59","guid":{"rendered":"https:\/\/nexgendecors.com\/product\/chinese-style-bunk-bed-iron-frame-garden-style-space-saving-iron-bed-gaming-hotel-bunk-bed-simple-high-and-low-iron-bed\/"},"modified":"2025-04-06T08:22:19","modified_gmt":"2025-04-06T08:22:19","slug":"chinese-style-bunk-bed-iron-frame-garden-style-space-saving-iron-bed-gaming-hotel-bunk-bed-simple-high-and-low-iron-bed","status":"publish","type":"product","link":"https:\/\/nexgendecors.com\/fr\/product\/chinese-style-bunk-bed-iron-frame-garden-style-space-saving-iron-bed-gaming-hotel-bunk-bed-simple-high-and-low-iron-bed\/","title":{"rendered":"Lit superpos\u00e9 en fer peu encombrant \u2013 Design de jardin \u00e9l\u00e9gant"},"content":{"rendered":"<ul>\n<li>\n<strong>Y a-t-il un espace de stockage ?<\/strong>:Non<\/li>\n<li>\n<strong>style<\/strong>:Simple et moderne<\/li>\n<li>\n<strong>Bed Leg Material<\/strong>:acier<\/li>\n<li>\n<strong>Metal decoration<\/strong>:Polished gold decoration<\/li>\n<li>\n<strong>Bedside material<\/strong>:acier<\/li>\n<li>\n<strong>La pr\u00e9vente est-elle disponible ?<\/strong>:Oui<\/li>\n<li>\n<strong>Bed box material<\/strong>:Triamine board<\/li>\n<li>\n<strong>ville<\/strong>:Ville de Suzhou<\/li>\n<li>\n<strong>Districts et comt\u00e9s<\/strong>:District de Xiangcheng<\/li>\n<li>\n<strong>Fonctionnalit\u00e9s suppl\u00e9mentaires<\/strong>:Storage other<\/li>\n<li>\n<strong>volume du colis<\/strong>:0.35<\/li>\n<li>\n<strong>Origine<\/strong>:Province du Jiangsu<\/li>\n<li>\n<strong>Bed head material<\/strong>:Triamine board<\/li>\n<li>\n<strong>Positionnement de style<\/strong>:Qualit\u00e9 Luxe<\/li>\n<li>\n<strong>Bed foot material<\/strong>:Triamine board<\/li>\n<li>\n<strong>trier par couleur<\/strong>:Transparent black Matte black Milky white Glossy white Glossy white Single wood color Lemon yellow Single milky white Single lemon yellow One-piece gem tube Single gem tube One-piece warm orange Single warm orange One-piece light wood color Light wood color Knight black Original wood color Light brown Light brown One-piece brown Design plan<\/li>\n<li>\n<strong>Poids brut<\/strong>:300<\/li>\n<li>\n<strong>marque<\/strong>:Saifukang (furniture)<\/li>\n<li>\n<strong>mod\u00e8le<\/strong>:SFK17<\/li>\n<li>\n<strong>\u00e9l\u00e9ments populaires<\/strong>:M\u00e9tal<\/li>\n<li>\n<strong>Bed material<\/strong>:autre<\/li>\n<li>\n<strong>Mat\u00e9riel<\/strong>:acier<\/li>\n<li>\n<strong>Technologie<\/strong>:placage<\/li>\n<li>\n<strong>Est-ce personnalisable ?<\/strong>:Oui<\/li>\n<li>\n<strong>Faut-il avoir un cadre de lit ?<\/strong>:Oui<\/li>\n<li>\n<strong>Mat\u00e9riel<\/strong>:acier<\/li>\n<li>\n<strong>Faut-il apporter un support souple<\/strong>:Non<\/li>\n<li>\n<strong>Instructions d&#039;installation d\u00e9taill\u00e9es<\/strong>:Fournir des instructions d&#039;installation<\/li>\n<li>\n<strong>Y a-t-il une barri\u00e8re de s\u00e9curit\u00e9 ?<\/strong>:Oui<\/li>\n<li>\n<strong>Nombre de personnes applicable<\/strong>:2 personnes<\/li>\n<li>\n<strong>taille<\/strong>:autre<\/li>\n<li>\n<strong>Un taxi est-il disponible pour le transport ?<\/strong>:Non<\/li>\n<li>\n<strong>Livraison\/installation disponible<\/strong>:All cities<\/li>\n<li>\n<strong><\/strong>:<\/li>\n<\/ul>\n<p><img><\/p>","protected":false},"excerpt":{"rendered":"<p>Y a-t-il un espace de rangement\u00a0? : non Style\u00a0: simple et moderne Mat\u00e9riau des pieds de lit\u00a0: acier D\u00e9coration en m\u00e9tal\u00a0: d\u00e9coration en or poli Mat\u00e9riau de la table de chevet\u00a0: acier Une pr\u00e9vente est-elle disponible\u00a0? : oui Lit<\/p>","protected":false},"featured_media":109166,"comment_status":"open","ping_status":"closed","template":"","meta":[],"product_brand":[],"product_cat":[30971,30866],"product_tag":[],"class_list":{"0":"post-51485","1":"product","2":"type-product","3":"status-publish","4":"has-post-thumbnail","6":"product_cat-hp","7":"product_cat-wholesales-university-high-schools","9":"first","10":"instock","11":"taxable","12":"shipping-taxable","13":"purchasable","14":"product-type-variable"},"_links":{"self":[{"href":"https:\/\/nexgendecors.com\/fr\/wp-json\/wp\/v2\/product\/51485","targetHints":{"allow":["GET"]}}],"collection":[{"href":"https:\/\/nexgendecors.com\/fr\/wp-json\/wp\/v2\/product"}],"about":[{"href":"https:\/\/nexgendecors.com\/fr\/wp-json\/wp\/v2\/types\/product"}],"replies":[{"embeddable":true,"href":"https:\/\/nexgendecors.com\/fr\/wp-json\/wp\/v2\/comments?post=51485"}],"version-history":[{"count":0,"href":"https:\/\/nexgendecors.com\/fr\/wp-json\/wp\/v2\/product\/51485\/revisions"}],"wp:featuredmedia":[{"embeddable":true,"href":"https:\/\/nexgendecors.com\/fr\/wp-json\/wp\/v2\/media\/109166"}],"wp:attachment":[{"href":"https:\/\/nexgendecors.com\/fr\/wp-json\/wp\/v2\/media?parent=51485"}],"wp:term":[{"taxonomy":"product_brand","embeddable":true,"href":"https:\/\/nexgendecors.com\/fr\/wp-json\/wp\/v2\/product_brand?post=51485"},{"taxonomy":"product_cat","embeddable":true,"href":"https:\/\/nexgendecors.com\/fr\/wp-json\/wp\/v2\/product_cat?post=51485"},{"taxonomy":"product_tag","embeddable":true,"href":"https:\/\/nexgendecors.com\/fr\/wp-json\/wp\/v2\/product_tag?post=51485"}],"curies":[{"name":"wp","href":"https:\/\/api.w.org\/{rel}","templated":true}]}}