{"id":51659,"date":"2025-01-26T02:33:18","date_gmt":"2025-01-26T02:33:18","guid":{"rendered":"https:\/\/nexgendecors.com\/product\/chita-power-recliner-chair-swivel-glider-fsc-certified-upholstered-faux-leather-living-room-reclining-sofa-chair-with-lumbar-support-cognac-brown1711879083768\/"},"modified":"2025-04-06T08:22:47","modified_gmt":"2025-04-06T08:22:47","slug":"chita-power-recliner-chair-swivel-glider-fsc-certified-upholstered-faux-leather-living-room-reclining-sofa-chair-with-lumbar-support-cognac-brown1711879083768","status":"publish","type":"product","link":"https:\/\/nexgendecors.com\/fr\/product\/chita-power-recliner-chair-swivel-glider-fsc-certified-upholstered-faux-leather-living-room-reclining-sofa-chair-with-lumbar-support-cognac-brown1711879083768\/","title":{"rendered":"CHITA Fauteuil de d\u00e9tente pivotant avec support lombaire"},"content":{"rendered":"<p data-mce-fragment=\"1\">\ud83e\ude91 <strong data-mce-fragment=\"1\">Ultimate Comfort for Moms<\/strong>:<\/p>\n<ul data-mce-fragment=\"1\">\n<li data-mce-fragment=\"1\">Designed with mom&#8217;s relaxation in mind, this power glider swivel rocker recliner chair offers a 270-degree swivel, gentle glide, and smooth recline function \ud83c\udf2c\ufe0f<\/li>\n<li data-mce-fragment=\"1\">Easily adjust between 90-135\u00b0 recliner angle for customizable comfort and versatility \ud83d\udecb\ufe0f<\/li>\n<\/ul>\n<p data-mce-fragment=\"1\">\ud83d\udcaa <strong data-mce-fragment=\"1\">Construit pour durer<\/strong>:<\/p>\n<ul data-mce-fragment=\"1\">\n<li data-mce-fragment=\"1\">Unlike ordinary nursery chairs, our chair features a patented Leggett &#038; Platt mechanism \ud83c\udfc6<\/li>\n<li data-mce-fragment=\"1\">Successfully passed a rigorous 25,000-cycle life test \ud83d\udcaa<\/li>\n<li data-mce-fragment=\"1\">Supports up to 350 lbs for long-lasting durability and stability \u2696\ufe0f<\/li>\n<\/ul>\n<p data-mce-fragment=\"1\">\ud83d\ude0c <strong data-mce-fragment=\"1\">Unwind in Style<\/strong>:<\/p>\n<ul data-mce-fragment=\"1\">\n<li data-mce-fragment=\"1\">Extended footrest for full-body relaxation during activities like TV watching, reading, or napping \ud83d\udcfa\ud83d\udcd6\ud83d\udca4<\/li>\n<li data-mce-fragment=\"1\">Fixed lumbar cushion offers extra support to your lower back, enhancing comfort during leisure time \ud83c\udf1f<\/li>\n<\/ul>\n<p data-mce-fragment=\"1\">\ud83d\udd0c <strong data-mce-fragment=\"1\">Stay Connected &#038; Convenient<\/strong>:<\/p>\n<ul data-mce-fragment=\"1\">\n<li data-mce-fragment=\"1\">Built-in USB charging ports ensure your devices are always ready to go \ud83d\udcf1\ud83d\udd0b<\/li>\n<li data-mce-fragment=\"1\">Easy assembly with a simple slide-back into the seat \u2013 no fuss, just comfort! \ud83d\udee0\ufe0f<\/li>\n<\/ul>\n<p data-mce-fragment=\"1\">\ud83d\udee1\ufe0f <strong data-mce-fragment=\"1\">Assurance qualit\u00e9<\/strong>:<\/p>\n<ul data-mce-fragment=\"1\">\n<li data-mce-fragment=\"1\">Enjoy peace of mind with our one-year warranty on the mechanism and solid wood frame \ud83d\udee1\ufe0f<\/li>\n<li data-mce-fragment=\"1\">We&#8217;re committed to delivering a high-quality product that stands the test of time \u23f3\ud83d\udc4c<\/li>\n<\/ul>\n<div><\/div>","protected":false},"excerpt":{"rendered":"<p>\ud83e\ude91 Confort ultime pour les mamans : Con\u00e7u pour la d\u00e9tente des mamans, ce fauteuil inclinable \u00e0 bascule pivotant power glider offre un confort optimal pour les mamans.<\/p>","protected":false},"featured_media":109404,"comment_status":"open","ping_status":"closed","template":"","meta":[],"product_brand":[],"product_cat":[30811,30971,30846,32,30873],"product_tag":[],"class_list":{"0":"post-51659","1":"product","2":"type-product","3":"status-publish","4":"has-post-thumbnail","6":"product_cat-armchairs","7":"product_cat-hp","8":"product_cat-living-room","9":"product_cat-residential-furniture","10":"product_cat-sofa","12":"first","13":"instock","14":"sale","15":"taxable","16":"shipping-taxable","17":"purchasable","18":"product-type-variable"},"_links":{"self":[{"href":"https:\/\/nexgendecors.com\/fr\/wp-json\/wp\/v2\/product\/51659","targetHints":{"allow":["GET"]}}],"collection":[{"href":"https:\/\/nexgendecors.com\/fr\/wp-json\/wp\/v2\/product"}],"about":[{"href":"https:\/\/nexgendecors.com\/fr\/wp-json\/wp\/v2\/types\/product"}],"replies":[{"embeddable":true,"href":"https:\/\/nexgendecors.com\/fr\/wp-json\/wp\/v2\/comments?post=51659"}],"version-history":[{"count":0,"href":"https:\/\/nexgendecors.com\/fr\/wp-json\/wp\/v2\/product\/51659\/revisions"}],"wp:featuredmedia":[{"embeddable":true,"href":"https:\/\/nexgendecors.com\/fr\/wp-json\/wp\/v2\/media\/109404"}],"wp:attachment":[{"href":"https:\/\/nexgendecors.com\/fr\/wp-json\/wp\/v2\/media?parent=51659"}],"wp:term":[{"taxonomy":"product_brand","embeddable":true,"href":"https:\/\/nexgendecors.com\/fr\/wp-json\/wp\/v2\/product_brand?post=51659"},{"taxonomy":"product_cat","embeddable":true,"href":"https:\/\/nexgendecors.com\/fr\/wp-json\/wp\/v2\/product_cat?post=51659"},{"taxonomy":"product_tag","embeddable":true,"href":"https:\/\/nexgendecors.com\/fr\/wp-json\/wp\/v2\/product_tag?post=51659"}],"curies":[{"name":"wp","href":"https:\/\/api.w.org\/{rel}","templated":true}]}}