{"id":51682,"date":"2025-01-26T02:33:22","date_gmt":"2025-01-26T02:33:22","guid":{"rendered":"https:\/\/nexgendecors.com\/product\/chita-swivel-accent-chair-armchair-round-barrel-chair-in-fabric-for-living-room-bedroom-linen1711879083860\/"},"modified":"2025-04-06T08:22:54","modified_gmt":"2025-04-06T08:22:54","slug":"fauteuil-dappoint-pivotant-chita-fauteuil-rond-en-tissu-pour-salon-chambre-a-coucher-linge-de-maison-1711879083860","status":"publish","type":"product","link":"https:\/\/nexgendecors.com\/fr\/product\/fauteuil-dappoint-pivotant-chita-fauteuil-rond-en-tissu-pour-salon-chambre-a-coucher-linge-de-maison-1711879083860\/","title":{"rendered":"Chaise d'appoint pivotante CHITA en tissu lin"},"content":{"rendered":"<p data-mce-fragment=\"1\"><strong data-mce-fragment=\"1\">Fauteuil d&#039;appoint pivotant moderne<\/strong><\/p>\n<p data-mce-fragment=\"1\">\ud83e\ude91 <strong data-mce-fragment=\"1\">Caract\u00e9ristiques principales<\/strong>:<\/p>\n<ul data-mce-fragment=\"1\">\n<li data-mce-fragment=\"1\">\n<strong data-mce-fragment=\"1\">Confort ultime<\/strong>:Le dossier \u00e0 hauteur d&#039;omoplate associ\u00e9 \u00e0 un rembourrage en mousse \u00e9paisse assure un confort supr\u00eame pour une position assise prolong\u00e9e \ud83d\udecb\ufe0f<\/li>\n<li data-mce-fragment=\"1\">\n<strong data-mce-fragment=\"1\">Placement polyvalent<\/strong>Id\u00e9al pour diff\u00e9rentes pi\u00e8ces\u00a0: salon, salle familiale, chambre ou bureau. S&#039;adapte \u00e0 tous les besoins et \u00e0 tous les espaces\u00a0! \ud83c\udfe0<\/li>\n<\/ul>\n<p data-mce-fragment=\"1\">\ud83c\udfa8 <strong data-mce-fragment=\"1\">D\u00e9tails de conception<\/strong>:<\/p>\n<ul data-mce-fragment=\"1\">\n<li data-mce-fragment=\"1\">\n<strong data-mce-fragment=\"1\">Silhouette gracieuse<\/strong>:Dispose de bras inclin\u00e9s qui lui donnent une touche classique avec une touche moderne \ud83c\udf1f<\/li>\n<li data-mce-fragment=\"1\">\n<strong data-mce-fragment=\"1\">Base \u00e9l\u00e9gante<\/strong>:La base pivotante robuste \u00e0 360 degr\u00e9s pr\u00e9sente des d\u00e9tails d&#039;accent en bois de bon go\u00fbt, ajoutant une touche de sophistication \ud83c\udf33<\/li>\n<\/ul>\n<p data-mce-fragment=\"1\">\ud83d\udee0\ufe0f <strong data-mce-fragment=\"1\">Pr\u00eat \u00e0 l&#039;emploi<\/strong>:<\/p>\n<ul data-mce-fragment=\"1\">\n<li data-mce-fragment=\"1\">\n<strong data-mce-fragment=\"1\">Enti\u00e8rement assembl\u00e9<\/strong>: Pas besoin de s&#039;emb\u00eater avec le montage. Il suffit de le sortir de la bo\u00eete et de s&#039;asseoir\u00a0! \ud83d\udce6\u27a1\ufe0f\ud83e\ude91<\/li>\n<\/ul>\n<p data-mce-fragment=\"1\">\ud83d\udcaa <strong data-mce-fragment=\"1\">Con\u00e7u pour la long\u00e9vit\u00e9<\/strong>:<\/p>\n<ul data-mce-fragment=\"1\">\n<li data-mce-fragment=\"1\">\n<strong data-mce-fragment=\"1\">Construction durable<\/strong>:Le cadre en bois massif associ\u00e9 \u00e0 une base en bois pivotante \u00e0 360 degr\u00e9s assure une durabilit\u00e9 et une stabilit\u00e9 durables \ud83c\udf32<\/li>\n<\/ul>\n<p data-mce-fragment=\"1\">\ud83d\udcd0 <strong data-mce-fragment=\"1\">Sp\u00e9cifications du produit<\/strong>:<\/p>\n<ul data-mce-fragment=\"1\">\n<li data-mce-fragment=\"1\">\n<strong data-mce-fragment=\"1\">Dimensions<\/strong>: 31,1\u2033L x 31,1\u2033P x 28,3\u2033H<\/li>\n<li data-mce-fragment=\"1\">\n<strong data-mce-fragment=\"1\">Hauteur du si\u00e8ge<\/strong>: 17.3&#8243;<\/li>\n<\/ul>\n<p data-mce-fragment=\"1\">Sublimez votre espace de vie avec ce fauteuil d&#039;appoint pivotant, \u00e9l\u00e9gant et confortable. Son m\u00e9lange de charme classique et de fonctionnalit\u00e9 moderne en fait un ajout parfait \u00e0 tout int\u00e9rieur\u00a0! \ud83c\udf1f\ud83c\udfe1<\/p>\n<div><\/div>","protected":false},"excerpt":{"rendered":"<p>Chaise d'accent moderne pivotante \ud83e\ude91 Caract\u00e9ristiques principales : Confort ultime : Le dossier \u00e0 hauteur d'\u00e9paule, associ\u00e9 \u00e0 un rembourrage en mousse \u00e9paisse, assure un confort supr\u00eame.<\/p>","protected":false},"featured_media":109506,"comment_status":"open","ping_status":"closed","template":"","meta":[],"product_brand":[],"product_cat":[30811,30971,30846,32],"product_tag":[],"class_list":{"0":"post-51682","1":"product","2":"type-product","3":"status-publish","4":"has-post-thumbnail","6":"product_cat-armchairs","7":"product_cat-hp","8":"product_cat-living-room","9":"product_cat-residential-furniture","11":"first","12":"instock","13":"sale","14":"taxable","15":"shipping-taxable","16":"purchasable","17":"product-type-variable"},"_links":{"self":[{"href":"https:\/\/nexgendecors.com\/fr\/wp-json\/wp\/v2\/product\/51682","targetHints":{"allow":["GET"]}}],"collection":[{"href":"https:\/\/nexgendecors.com\/fr\/wp-json\/wp\/v2\/product"}],"about":[{"href":"https:\/\/nexgendecors.com\/fr\/wp-json\/wp\/v2\/types\/product"}],"replies":[{"embeddable":true,"href":"https:\/\/nexgendecors.com\/fr\/wp-json\/wp\/v2\/comments?post=51682"}],"version-history":[{"count":0,"href":"https:\/\/nexgendecors.com\/fr\/wp-json\/wp\/v2\/product\/51682\/revisions"}],"wp:featuredmedia":[{"embeddable":true,"href":"https:\/\/nexgendecors.com\/fr\/wp-json\/wp\/v2\/media\/109506"}],"wp:attachment":[{"href":"https:\/\/nexgendecors.com\/fr\/wp-json\/wp\/v2\/media?parent=51682"}],"wp:term":[{"taxonomy":"product_brand","embeddable":true,"href":"https:\/\/nexgendecors.com\/fr\/wp-json\/wp\/v2\/product_brand?post=51682"},{"taxonomy":"product_cat","embeddable":true,"href":"https:\/\/nexgendecors.com\/fr\/wp-json\/wp\/v2\/product_cat?post=51682"},{"taxonomy":"product_tag","embeddable":true,"href":"https:\/\/nexgendecors.com\/fr\/wp-json\/wp\/v2\/product_tag?post=51682"}],"curies":[{"name":"wp","href":"https:\/\/api.w.org\/{rel}","templated":true}]}}