{"id":51830,"date":"2025-01-26T02:33:45","date_gmt":"2025-01-26T02:33:45","guid":{"rendered":"https:\/\/nexgendecors.com\/product\/cloud-sofa-living-room-technology-cloth-italian-minimalist-piano-key-caterpillar-straight-square-french-latex-cream-style\/"},"modified":"2025-04-06T08:23:07","modified_gmt":"2025-04-06T08:23:07","slug":"cloud-sofa-living-room-technology-cloth-italian-minimalist-piano-key-caterpillar-straight-square-french-latex-cream-style","status":"publish","type":"product","link":"https:\/\/nexgendecors.com\/fr\/product\/cloud-sofa-living-room-technology-cloth-italian-minimalist-piano-key-caterpillar-straight-square-french-latex-cream-style\/","title":{"rendered":"Italian Minimalist Cloud Sofa &#8211; Cream Latex Style"},"content":{"rendered":"<ul>\n<li>\n<strong>marque<\/strong>:Nohen Home<\/li>\n<li>\n<strong>mod\u00e8le<\/strong>:SF922<\/li>\n<li>\n<strong>Y a-t-il un espace de stockage ?<\/strong>:Non<\/li>\n<li>\n<strong>style<\/strong>:Style cr\u00e8me<\/li>\n<li>\n<strong>Assembler<\/strong>:Oui<\/li>\n<li>\n<strong>Duret\u00e9 du remplissage<\/strong>:Duret\u00e9 et douceur mod\u00e9r\u00e9es<\/li>\n<li>\n<strong>Tissu<\/strong>:Cat&#8217;s Paw Velvet<\/li>\n<li>\n<strong>Appropri\u00e9<\/strong>:G\u00e9n\u00e9ral<\/li>\n<li>\n<strong>Fonctionnalit\u00e9s suppl\u00e9mentaires<\/strong>:Autre<\/li>\n<li>\n<strong>Est-ce personnalisable ?<\/strong>:Oui<\/li>\n<li>\n<strong>Remplissage<\/strong>:\u00e9mulsion<\/li>\n<li>\n<strong>Combinaison de canap\u00e9<\/strong>:droit<\/li>\n<li>\n<strong>Mat\u00e9riel<\/strong>:Bois<\/li>\n<li>\n<strong>Combien de personnes sont assises<\/strong>:Latex cushion [70% of customers choose], sponge cushion [30% of customers choose]<\/li>\n<li>\n<strong>mod\u00e8le<\/strong>:Autre<\/li>\n<li>\n<strong>Positionnement de style<\/strong>:Qualit\u00e9 Luxe<\/li>\n<li>\n<strong>Livraison\/installation disponible<\/strong>:Foshan, Zhengzhou, Guiyang, Guangzhou, Fuzhou, Harbin, Xiamen, Chongqing, Changzhou, Suzhou, Xi&#039;an, Shenzhen, Nanjing, P\u00e9kin, Wuxi, Qingdao, Changsha, Chengdu, Shanghai, Wuhan, Nanning, Shenyang, Dalian, Taizhou, Dongguan, Tianjin, Autres, Jinhua, Hangzhou, Ningbo, Nanchang, Wenzhou<\/li>\n<li>\n<strong>trier par couleur<\/strong>:[11-piece set for the whole house] 60~90m\u00b2 small apartment, [14-piece set for the whole house] 90~120m\u00b2 large apartment, 1.8m double seat [whole|single seat], 2.1m three-person seat [whole|single seat], 2.4m three-person seat [split|2 seats], 2.7m four-person seat [split|2 seats], 3.0m four-person seat [split|2 seats], 3.3m five-person seat [split|2 seats], 3.6m multi-person seat [split|2 seats], 2.4m three-person seat + footrest, 2.4m three-person seat + single seat, 2.4m three-person seat + single seat + footrest, 2.7m four-person seat + footrest, 2.7m four-person + single-person, 2.7m four-person + single-person + footrest, 3.0m four-person + footrest, 3.0m four-person + single-person, 3.0m four-person + single-person + footrest, 3.6m four-person + footrest, 3.6m four-person + single-person, 3.6m four-person + single-person + footrest, 3.0m sofa 4+1+pedal + coffee table, 3.0m sofa 4+1+pedal + coffee table + 2.0m telescopic TV cabinet, 3.0m sofa 4+1+pedal + coffee table + telescopic electric, 3.0m sofa + 1.8m frame bed + bedside table * 2, 3.0m sofa + 1.8m frame bed + latex<\/li>\n<li>\n<strong><\/strong>:<\/li>\n<\/ul>\n<p><img><\/p>","protected":false},"excerpt":{"rendered":"<p>brand:Nohen Home model:SF922 Is there storage space?:no style:Cream Style Assemble:yes Filling hardness:Moderate hardness and softness Fabric:Cat&#8217;s Paw Velvet Suitable:General Additional<\/p>","protected":false},"featured_media":109676,"comment_status":"open","ping_status":"closed","template":"","meta":[],"product_brand":[],"product_cat":[30971,30850],"product_tag":[],"class_list":{"0":"post-51830","1":"product","2":"type-product","3":"status-publish","4":"has-post-thumbnail","6":"product_cat-hp","7":"product_cat-wholesale-furniture","9":"first","10":"instock","11":"taxable","12":"shipping-taxable","13":"purchasable","14":"product-type-variable"},"_links":{"self":[{"href":"https:\/\/nexgendecors.com\/fr\/wp-json\/wp\/v2\/product\/51830","targetHints":{"allow":["GET"]}}],"collection":[{"href":"https:\/\/nexgendecors.com\/fr\/wp-json\/wp\/v2\/product"}],"about":[{"href":"https:\/\/nexgendecors.com\/fr\/wp-json\/wp\/v2\/types\/product"}],"replies":[{"embeddable":true,"href":"https:\/\/nexgendecors.com\/fr\/wp-json\/wp\/v2\/comments?post=51830"}],"version-history":[{"count":0,"href":"https:\/\/nexgendecors.com\/fr\/wp-json\/wp\/v2\/product\/51830\/revisions"}],"wp:featuredmedia":[{"embeddable":true,"href":"https:\/\/nexgendecors.com\/fr\/wp-json\/wp\/v2\/media\/109676"}],"wp:attachment":[{"href":"https:\/\/nexgendecors.com\/fr\/wp-json\/wp\/v2\/media?parent=51830"}],"wp:term":[{"taxonomy":"product_brand","embeddable":true,"href":"https:\/\/nexgendecors.com\/fr\/wp-json\/wp\/v2\/product_brand?post=51830"},{"taxonomy":"product_cat","embeddable":true,"href":"https:\/\/nexgendecors.com\/fr\/wp-json\/wp\/v2\/product_cat?post=51830"},{"taxonomy":"product_tag","embeddable":true,"href":"https:\/\/nexgendecors.com\/fr\/wp-json\/wp\/v2\/product_tag?post=51830"}],"curies":[{"name":"wp","href":"https:\/\/api.w.org\/{rel}","templated":true}]}}