{"id":51900,"date":"2025-01-26T02:33:53","date_gmt":"2025-01-26T02:33:53","guid":{"rendered":"https:\/\/nexgendecors.com\/product\/coffee-shop-dessert-tea-shop-office-sales-office-negotiation-reception-wedding-dress-double-booth-sofa-table-and-chair-combination\/"},"modified":"2025-04-06T08:23:16","modified_gmt":"2025-04-06T08:23:16","slug":"coffee-shop-dessert-tea-shop-office-sales-office-negotiation-reception-wedding-dress-double-booth-sofa-table-and-chair-combination","status":"publish","type":"product","link":"https:\/\/nexgendecors.com\/fr\/product\/coffee-shop-dessert-tea-shop-office-sales-office-negotiation-reception-wedding-dress-double-booth-sofa-table-and-chair-combination\/","title":{"rendered":"Ensemble \u00e9l\u00e9gant de canap\u00e9s et de tables doubles pour bureaux"},"content":{"rendered":"<ul>\n<li>\n<strong>marque<\/strong>:Extreme Iron<\/li>\n<li>\n<strong>mod\u00e8le<\/strong>:YONGHUI<\/li>\n<li>\n<strong>Origine<\/strong>:Province du Fujian<\/li>\n<li>\n<strong>trier par couleur<\/strong>:One table and two sofas in gray, one table and two sofas in navy blue, one gray double sofa, one navy blue double sofa, one gray three-person sofa, one navy blue three-person sofa, one marble table<\/li>\n<li>\n<strong>Package Type<\/strong>:Official standard<\/li>\n<li>\n<strong>Taille du paquet<\/strong>:0.5<\/li>\n<li>\n<strong>Poids du colis<\/strong>:50<\/li>\n<li>\n<strong><\/strong>:<\/li>\n<\/ul>\n<p><img><\/p>","protected":false},"excerpt":{"rendered":"<p>marque : Extreme Iron mod\u00e8le : YONGHUI Origine : Province du Fujian trier par couleur : Une table et deux canap\u00e9s en gris, une table et deux canap\u00e9s en<\/p>","protected":false},"featured_media":109705,"comment_status":"open","ping_status":"closed","template":"","meta":[],"product_brand":[],"product_cat":[30862,30971,30856,30850],"product_tag":[],"class_list":{"0":"post-51900","1":"product","2":"type-product","3":"status-publish","4":"has-post-thumbnail","6":"product_cat-wholesales-hotels","7":"product_cat-hp","8":"product_cat-outdoor-furniture","9":"product_cat-wholesale-furniture","11":"first","12":"instock","13":"sale","14":"taxable","15":"shipping-taxable","16":"purchasable","17":"product-type-variable"},"_links":{"self":[{"href":"https:\/\/nexgendecors.com\/fr\/wp-json\/wp\/v2\/product\/51900","targetHints":{"allow":["GET"]}}],"collection":[{"href":"https:\/\/nexgendecors.com\/fr\/wp-json\/wp\/v2\/product"}],"about":[{"href":"https:\/\/nexgendecors.com\/fr\/wp-json\/wp\/v2\/types\/product"}],"replies":[{"embeddable":true,"href":"https:\/\/nexgendecors.com\/fr\/wp-json\/wp\/v2\/comments?post=51900"}],"version-history":[{"count":0,"href":"https:\/\/nexgendecors.com\/fr\/wp-json\/wp\/v2\/product\/51900\/revisions"}],"wp:featuredmedia":[{"embeddable":true,"href":"https:\/\/nexgendecors.com\/fr\/wp-json\/wp\/v2\/media\/109705"}],"wp:attachment":[{"href":"https:\/\/nexgendecors.com\/fr\/wp-json\/wp\/v2\/media?parent=51900"}],"wp:term":[{"taxonomy":"product_brand","embeddable":true,"href":"https:\/\/nexgendecors.com\/fr\/wp-json\/wp\/v2\/product_brand?post=51900"},{"taxonomy":"product_cat","embeddable":true,"href":"https:\/\/nexgendecors.com\/fr\/wp-json\/wp\/v2\/product_cat?post=51900"},{"taxonomy":"product_tag","embeddable":true,"href":"https:\/\/nexgendecors.com\/fr\/wp-json\/wp\/v2\/product_tag?post=51900"}],"curies":[{"name":"wp","href":"https:\/\/api.w.org\/{rel}","templated":true}]}}