{"id":51925,"date":"2025-01-26T02:33:56","date_gmt":"2025-01-26T02:33:56","guid":{"rendered":"https:\/\/nexgendecors.com\/product\/coffee-table-walnut-color-designer-home-cloud-large-tea-table-special-shaped-living-room-combination-light-luxury-creativity\/"},"modified":"2025-04-06T08:23:22","modified_gmt":"2025-04-06T08:23:22","slug":"coffee-table-walnut-color-designer-home-cloud-large-tea-table-special-shaped-living-room-combination-light-luxury-creativity","status":"publish","type":"product","link":"https:\/\/nexgendecors.com\/fr\/product\/coffee-table-walnut-color-designer-home-cloud-large-tea-table-special-shaped-living-room-combination-light-luxury-creativity\/","title":{"rendered":"Table basse design en noyer \u2013 Salon de luxe lumineux"},"content":{"rendered":"<ul>\n<li>\n<strong>Y a-t-il un espace de stockage ?<\/strong>:Non<\/li>\n<li>\n<strong>style<\/strong>:Moderne et simple<\/li>\n<li>\n<strong>Assembler<\/strong>:Oui<\/li>\n<li>\n<strong>Mat\u00e9riau de finition<\/strong>:Bois<\/li>\n<li>\n<strong>volume du colis<\/strong>:20<\/li>\n<li>\n<strong>forme<\/strong>:Rond<\/li>\n<li>\n<strong>Positionnement de style<\/strong>:Qualit\u00e9 Luxe<\/li>\n<li>\n<strong>trier par couleur<\/strong>:Cloud coffee table [160_100_40cm] rock board surface, cloud coffee table [160_100_40cm] wooden surface, metal brushed cloud coffee table (1600*970*450)<\/li>\n<li>\n<strong>taille<\/strong>:1x5x8m<\/li>\n<li>\n<strong>marque<\/strong>:#0 Usine<\/li>\n<li>\n<strong>mod\u00e8le<\/strong>:BNW-0005<\/li>\n<li>\n<strong>\u00e9l\u00e9ments populaires<\/strong>:Conception principale<\/li>\n<li>\n<strong>Que ce soit avec un rouleau<\/strong>:Non<\/li>\n<li>\n<strong>Poids brut<\/strong>:40kg<\/li>\n<li>\n<strong>Table basse en forme d&#039;angle<\/strong>:Rond<\/li>\n<li>\n<strong>Technologie structurelle<\/strong>:Artisanat du bois<\/li>\n<li>\n<strong>Technologie des structures en bois<\/strong>:autre<\/li>\n<li>\n<strong>Technologie de finition<\/strong>:Travail des m\u00e9taux<\/li>\n<li>\n<strong>Proc\u00e9d\u00e9 de finition des m\u00e9taux<\/strong>:autre<\/li>\n<li>\n<strong>Est-ce personnalisable ?<\/strong>:Oui<\/li>\n<li>\n<strong>Mat\u00e9riel<\/strong>:Bois<\/li>\n<li>\n<strong>Mat\u00e9riau en bois<\/strong>:autre<\/li>\n<li>\n<strong>Instructions d&#039;installation d\u00e9taill\u00e9es<\/strong>:Aucune instruction d&#039;installation<\/li>\n<li>\n<strong>Installation<\/strong>:Assembl\u00e9e<\/li>\n<li>\n<strong>Un taxi est-il disponible pour le transport ?<\/strong>:Oui<\/li>\n<li>\n<strong>Livraison\/installation disponible<\/strong>:Foshan, Zhengzhou, Guiyang, Guangzhou, Fuzhou, Harbin, Xiamen, Chongqing, Changzhou, Suzhou, Xi&#039;an, Shenzhen, Nanjing, Changsha, P\u00e9kin, Qingdao, Wuxi, Chengdu, Shanghai, Wuhan, Nanning, Shenyang, Dalian, Taizhou, Dongguan, Tianjin, Autres, Jinhua, Hangzhou, Nanchang, Ningbo, Wenzhou<\/li>\n<li>\n<strong>Nombre de portes<\/strong>:Pas de porte<\/li>\n<\/ul>\n<p><img><\/p>","protected":false},"excerpt":{"rendered":"<p>Y a-t-il un espace de rangement\u00a0? :non style\u00a0:moderne et simple assemblage\u00a0:oui mat\u00e9riau de finition\u00a0:bois volume du colis\u00a0:20 forme\u00a0:rond positionnement du style\u00a0:qualit\u00e9 luxe trier par couleur\u00a0:nuage caf\u00e9<\/p>","protected":false},"featured_media":109715,"comment_status":"open","ping_status":"closed","template":"","meta":[],"product_brand":[],"product_cat":[30971,30857],"product_tag":[],"class_list":{"0":"post-51925","1":"product","2":"type-product","3":"status-publish","4":"has-post-thumbnail","6":"product_cat-hp","7":"product_cat-wholesale-sofa-table","9":"first","10":"instock","11":"taxable","12":"shipping-taxable","13":"purchasable","14":"product-type-variable"},"_links":{"self":[{"href":"https:\/\/nexgendecors.com\/fr\/wp-json\/wp\/v2\/product\/51925","targetHints":{"allow":["GET"]}}],"collection":[{"href":"https:\/\/nexgendecors.com\/fr\/wp-json\/wp\/v2\/product"}],"about":[{"href":"https:\/\/nexgendecors.com\/fr\/wp-json\/wp\/v2\/types\/product"}],"replies":[{"embeddable":true,"href":"https:\/\/nexgendecors.com\/fr\/wp-json\/wp\/v2\/comments?post=51925"}],"version-history":[{"count":0,"href":"https:\/\/nexgendecors.com\/fr\/wp-json\/wp\/v2\/product\/51925\/revisions"}],"wp:featuredmedia":[{"embeddable":true,"href":"https:\/\/nexgendecors.com\/fr\/wp-json\/wp\/v2\/media\/109715"}],"wp:attachment":[{"href":"https:\/\/nexgendecors.com\/fr\/wp-json\/wp\/v2\/media?parent=51925"}],"wp:term":[{"taxonomy":"product_brand","embeddable":true,"href":"https:\/\/nexgendecors.com\/fr\/wp-json\/wp\/v2\/product_brand?post=51925"},{"taxonomy":"product_cat","embeddable":true,"href":"https:\/\/nexgendecors.com\/fr\/wp-json\/wp\/v2\/product_cat?post=51925"},{"taxonomy":"product_tag","embeddable":true,"href":"https:\/\/nexgendecors.com\/fr\/wp-json\/wp\/v2\/product_tag?post=51925"}],"curies":[{"name":"wp","href":"https:\/\/api.w.org\/{rel}","templated":true}]}}