{"id":51932,"date":"2025-01-26T02:34:00","date_gmt":"2025-01-26T02:34:00","guid":{"rendered":"https:\/\/nexgendecors.com\/product\/coleman-camping-tent-with-instant-setup-4-6-8-10-person-weatherproof-tent-with-weathertec-technology-double-thick-fabric-and-included-carry-bag-sets-up-in-60-seconds1706340206357\/"},"modified":"2025-04-06T08:23:24","modified_gmt":"2025-04-06T08:23:24","slug":"tente-de-camping-coleman-a-installation-instantanee-pour-4-6-8-ou-10-personnes-resistante-aux-intemperies-avec-technologie-weathertec-tissu-double-epaisseur-et-sac-de-transport-inclus-sinst","status":"publish","type":"product","link":"https:\/\/nexgendecors.com\/fr\/product\/tente-de-camping-coleman-a-installation-instantanee-pour-4-6-8-ou-10-personnes-resistante-aux-intemperies-avec-technologie-weathertec-tissu-double-epaisseur-et-sac-de-transport-inclus-sinst\/","title":{"rendered":"Tente Coleman Instant Setup r\u00e9sistante aux intemp\u00e9ries pour 4 personnes"},"content":{"rendered":"<p>\ud83c\udfd5\ufe0f <strong>Eh bien, d\u00e9couvrez la tente cabine Coleman pour 4 personnes : elle est \u00e9clair\u00e9e !<\/strong><\/p>\n<p>Eh bien, \u00e9coutez bien ! On va vous d\u00e9voiler des secrets sur cette tente de camping g\u00e9niale. Ce petit bijou est r\u00e9sistant aux intemp\u00e9ries et offre un espace g\u00e9n\u00e9reux, parfait pour toutes vos aventures en camping. Et le meilleur dans tout \u00e7a ? Son montage est instantan\u00e9 ! Personne n&#039;a de temps \u00e0 perdre avec un montage compliqu\u00e9. Avec la tente cabine Coleman 4 personnes, vous vivrez une vie facile.<\/p>\n<p>\ud83c\udf27\ufe0f <strong>Imperm\u00e9abiliser:<\/strong><\/p>\n<ul>\n<li>Ne craignez plus la pluie ou le vent qui pourraient g\u00e2cher votre s\u00e9jour en camping. Cette tente Coleman est con\u00e7ue pour vous garder au sec et au chaud par tous les temps.<\/li>\n<\/ul>\n<p>\ud83d\udecf\ufe0f <strong>Spacieux:<\/strong><\/p>\n<ul>\n<li>Cette tente est lumineuse\u00a0! Elle offre suffisamment d&#039;espace pour que vous et votre \u00e9quipe puissiez vous d\u00e9tendre. Fini les espaces exigus et les couchages inconfortables.<\/li>\n<\/ul>\n<p>\u26a1 <strong>Configuration rapide :<\/strong><\/p>\n<ul>\n<li>Personne n&#039;a le temps de s&#039;emb\u00eater avec un montage de tente compliqu\u00e9. Cette tente s&#039;installe instantan\u00e9ment, comme par magie. Il suffit de l&#039;ouvrir et c&#039;est parti.<\/li>\n<\/ul>\n<p>\ud83d\udcaa <strong>Mat\u00e9riaux durables :<\/strong><\/p>\n<ul>\n<li>On ne l\u00e9sine pas sur la qualit\u00e9. Cette tente est fabriqu\u00e9e avec des mat\u00e9riaux haut de gamme qui r\u00e9sistent \u00e0 toutes les intemp\u00e9ries. Elle est con\u00e7ue pour durer, les amis.<\/li>\n<\/ul>\n<p>\ud83c\udf92 <strong>Portable et facile \u00e0 ranger :<\/strong><\/p>\n<ul>\n<li>Cette tente est livr\u00e9e avec un sac de rangement qui la rend tr\u00e8s facile \u00e0 transporter et \u00e0 ranger. Emportez-la avec vous dans toutes vos aventures sans effort.<\/li>\n<\/ul>\n<p>\ud83d\udccf <strong>Caract\u00e9ristiques:<\/strong><\/p>\n<ul>\n<li>\n<strong>Dimensions du colis :<\/strong> 38,4 x 9 x 8,4 pouces<\/li>\n<li>\n<strong>Poids du colis :<\/strong> 9,14 kilogrammes<\/li>\n<li>\n<strong>Dimensions de l&#039;article :<\/strong> 39,95 x 8,38 x 9,38 pouces\u00a0<\/li>\n<li>\n<strong>Poids de l&#039;article :<\/strong> 19,1 livres<\/li>\n<li>\n<strong>Couleur:<\/strong> Marron\/Noir<\/li>\n<li>\n<strong>Mat\u00e9riel:<\/strong> Polyester, poly\u00e9thyl\u00e8ne, acier alli\u00e9, tissu<\/li>\n<li>\n<strong>Style:<\/strong> 4 personnes<\/li>\n<li>\n<strong>Composants inclus :<\/strong> Piquets de sol, PDF, sac de rangement<\/li>\n<\/ul>\n<p>Am\u00e9liorez votre exp\u00e9rience de camping avec la tente cabine Coleman pour 4 personnes et vivez votre meilleure vie en plein air\u00a0! \ud83c\udf32<\/p>\n<p>\u00a0<\/p>","protected":false},"excerpt":{"rendered":"<p>\ud83c\udfd5\ufe0f Eh, regardez la tente cabine Coleman 4 personnes\u00a0! Elle est allum\u00e9e\u00a0! \u00c9coutez bien\u00a0! On va bient\u00f4t vous l\u00e2cher.<\/p>","protected":false},"featured_media":109726,"comment_status":"open","ping_status":"closed","template":"","meta":[],"product_brand":[],"product_cat":[30971,30876],"product_tag":[],"class_list":{"0":"post-51932","1":"product","2":"type-product","3":"status-publish","4":"has-post-thumbnail","6":"product_cat-hp","7":"product_cat-tents-and-shelter","9":"first","10":"outofstock","11":"sale","12":"taxable","13":"shipping-taxable","14":"purchasable","15":"product-type-simple"},"_links":{"self":[{"href":"https:\/\/nexgendecors.com\/fr\/wp-json\/wp\/v2\/product\/51932","targetHints":{"allow":["GET"]}}],"collection":[{"href":"https:\/\/nexgendecors.com\/fr\/wp-json\/wp\/v2\/product"}],"about":[{"href":"https:\/\/nexgendecors.com\/fr\/wp-json\/wp\/v2\/types\/product"}],"replies":[{"embeddable":true,"href":"https:\/\/nexgendecors.com\/fr\/wp-json\/wp\/v2\/comments?post=51932"}],"version-history":[{"count":0,"href":"https:\/\/nexgendecors.com\/fr\/wp-json\/wp\/v2\/product\/51932\/revisions"}],"wp:featuredmedia":[{"embeddable":true,"href":"https:\/\/nexgendecors.com\/fr\/wp-json\/wp\/v2\/media\/109726"}],"wp:attachment":[{"href":"https:\/\/nexgendecors.com\/fr\/wp-json\/wp\/v2\/media?parent=51932"}],"wp:term":[{"taxonomy":"product_brand","embeddable":true,"href":"https:\/\/nexgendecors.com\/fr\/wp-json\/wp\/v2\/product_brand?post=51932"},{"taxonomy":"product_cat","embeddable":true,"href":"https:\/\/nexgendecors.com\/fr\/wp-json\/wp\/v2\/product_cat?post=51932"},{"taxonomy":"product_tag","embeddable":true,"href":"https:\/\/nexgendecors.com\/fr\/wp-json\/wp\/v2\/product_tag?post=51932"}],"curies":[{"name":"wp","href":"https:\/\/api.w.org\/{rel}","templated":true}]}}