{"id":52138,"date":"2025-01-26T02:34:38","date_gmt":"2025-01-26T02:34:38","guid":{"rendered":"https:\/\/nexgendecors.com\/product\/computer-chair-home-office-chair-lift-swivel-chair-light-luxury-boss-chair-comfortable-long-term-sitting-live-chair-office-seat\/"},"modified":"2025-04-06T08:23:48","modified_gmt":"2025-04-06T08:23:48","slug":"computer-chair-home-office-chair-lift-swivel-chair-light-luxury-boss-chair-comfortable-long-term-sitting-live-chair-office-seat","status":"publish","type":"product","link":"https:\/\/nexgendecors.com\/fr\/product\/computer-chair-home-office-chair-lift-swivel-chair-light-luxury-boss-chair-comfortable-long-term-sitting-live-chair-office-seat\/","title":{"rendered":"Luxury Swivel Office Chair for Long-Term Comfort"},"content":{"rendered":"<ul>\n<li>\n<strong>marque<\/strong>:AY<\/li>\n<li>\n<strong>mod\u00e8le<\/strong>:74&#8230;<\/li>\n<li>\n<strong>Mat\u00e9riel<\/strong>:M\u00e9tal<\/li>\n<li>\n<strong>Mat\u00e9riau m\u00e9tallique<\/strong>:ferroalliage<\/li>\n<li>\n<strong>trier par couleur<\/strong>:Aima Orange [high-quality leather] &#8211; light luxury gold legs, Bright Moon Gray [high-quality leather] &#8211; light luxury gold legs, Gentleman Gray [high-quality leather] &#8211; light luxury gold legs, Earth Brown [high-quality leather] &#8211; light luxury gold legs, Deep Sea Blue [high-quality leather] &#8211; light luxury gold legs, Twilight Black [high-quality leather] &#8211; light luxury gold legs, Bright Moon Gray [high-quality leather] without armrests<\/li>\n<li>\n<strong>Mat\u00e9riau en tissu<\/strong>:Cuir<\/li>\n<li>\n<strong>Hauteur du dossier<\/strong>:50cm<\/li>\n<li>\n<strong>Est-ce personnalisable ?<\/strong>:Non<\/li>\n<li>\n<strong>Peut-il \u00eatre \u00e9lev\u00e9 ou abaiss\u00e9 ?<\/strong>:Oui<\/li>\n<li>\n<strong>Est-ce rotatif ?<\/strong>:Oui<\/li>\n<li>\n<strong>Puis-je m&#039;allonger ?<\/strong>:Non<\/li>\n<li>\n<strong>Mat\u00e9riau de pied cinq \u00e9toiles<\/strong>:Pieds en acier<\/li>\n<li>\n<strong>Type de main courante<\/strong>:Accoudoir fixe<\/li>\n<li>\n<strong>Est-ce que cela prend en charge l\u2019ergonomie ?<\/strong>:Oui<\/li>\n<li>\n<strong>Origine<\/strong>:Province du Hebei<\/li>\n<li>\n<strong>ville<\/strong>:Ville de Langfang<\/li>\n<li>\n<strong>Districts et comt\u00e9s<\/strong>:Bazhou City<\/li>\n<li>\n<strong>Assembler<\/strong>:Oui<\/li>\n<li>\n<strong>volume du colis<\/strong>:0.99<\/li>\n<li>\n<strong>Un taxi est-il disponible pour le transport ?<\/strong>:Oui<\/li>\n<li>\n<strong>Positionnement de style<\/strong>:Qualit\u00e9 Luxe<\/li>\n<li>\n<strong>Poids brut<\/strong>:11kg<\/li>\n<li>\n<strong>Faut-il avoir des p\u00e9dales ?<\/strong>:Non<\/li>\n<li>\n<strong>Type d&#039;appui-t\u00eate<\/strong>:No headrest<\/li>\n<\/ul>\n<p><img><\/p>","protected":false},"excerpt":{"rendered":"<p>brand:AY model:74&#8230; Material:Metal Metal Material:ferroalloy sort by color:Aima Orange [high-quality leather] &#8211; light luxury gold legs, Bright Moon Gray [high-quality<\/p>","protected":false},"featured_media":110008,"comment_status":"open","ping_status":"closed","template":"","meta":[],"product_brand":[],"product_cat":[30971,30859],"product_tag":[],"class_list":{"0":"post-52138","1":"product","2":"type-product","3":"status-publish","4":"has-post-thumbnail","6":"product_cat-hp","7":"product_cat-wholesale-office","9":"first","10":"instock","11":"sale","12":"taxable","13":"shipping-taxable","14":"purchasable","15":"product-type-variable"},"_links":{"self":[{"href":"https:\/\/nexgendecors.com\/fr\/wp-json\/wp\/v2\/product\/52138","targetHints":{"allow":["GET"]}}],"collection":[{"href":"https:\/\/nexgendecors.com\/fr\/wp-json\/wp\/v2\/product"}],"about":[{"href":"https:\/\/nexgendecors.com\/fr\/wp-json\/wp\/v2\/types\/product"}],"replies":[{"embeddable":true,"href":"https:\/\/nexgendecors.com\/fr\/wp-json\/wp\/v2\/comments?post=52138"}],"version-history":[{"count":0,"href":"https:\/\/nexgendecors.com\/fr\/wp-json\/wp\/v2\/product\/52138\/revisions"}],"wp:featuredmedia":[{"embeddable":true,"href":"https:\/\/nexgendecors.com\/fr\/wp-json\/wp\/v2\/media\/110008"}],"wp:attachment":[{"href":"https:\/\/nexgendecors.com\/fr\/wp-json\/wp\/v2\/media?parent=52138"}],"wp:term":[{"taxonomy":"product_brand","embeddable":true,"href":"https:\/\/nexgendecors.com\/fr\/wp-json\/wp\/v2\/product_brand?post=52138"},{"taxonomy":"product_cat","embeddable":true,"href":"https:\/\/nexgendecors.com\/fr\/wp-json\/wp\/v2\/product_cat?post=52138"},{"taxonomy":"product_tag","embeddable":true,"href":"https:\/\/nexgendecors.com\/fr\/wp-json\/wp\/v2\/product_tag?post=52138"}],"curies":[{"name":"wp","href":"https:\/\/api.w.org\/{rel}","templated":true}]}}