{"id":52154,"date":"2025-01-26T02:34:43","date_gmt":"2025-01-26T02:34:43","guid":{"rendered":"https:\/\/nexgendecors.com\/product\/computer-chair-home-sitting-comfortable-study-desk-chair-alefuye-flat-swivel-chair-bedroom-seat-office-chair\/"},"modified":"2025-04-06T08:23:55","modified_gmt":"2025-04-06T08:23:55","slug":"chaise-dordinateur-assise-a-la-maison-chaise-de-bureau-detude-confortable-chaise-pivotante-plate-alefuye-siege-de-chambre-chaise-de-bureau","status":"publish","type":"product","link":"https:\/\/nexgendecors.com\/fr\/product\/chaise-dordinateur-assise-a-la-maison-chaise-de-bureau-detude-confortable-chaise-pivotante-plate-alefuye-siege-de-chambre-chaise-de-bureau\/","title":{"rendered":"Chaise de bureau pivotante Alefuye \u2013 Confortable et \u00e9l\u00e9gante"},"content":{"rendered":"<ul>\n<li>\n<strong>marque<\/strong>:Lifron<\/li>\n<li>\n<strong>mod\u00e8le<\/strong>:Aleph W221<\/li>\n<li>\n<strong>Mat\u00e9riel<\/strong>:M\u00e9tal<\/li>\n<li>\n<strong>Mat\u00e9riau m\u00e9tallique<\/strong>:acier<\/li>\n<li>\n<strong>trier par couleur<\/strong>:Ajoutez aux favoris et passez une commande pour obtenir une enveloppe rouge\u2193\u2193\u2193Cuir anti-rayures, anti-salissures et r\u00e9sistant \u00e0 l&#039;usure\u2193\u2193\u2193 Marron r\u00e9tro [Cuir microfibre r\u00e9sistant \u00e0 l&#039;usure arri\u00e8re Xiaoyao] Couleur caf\u00e9 au lait [Cuir microfibre r\u00e9sistant \u00e0 l&#039;usure arri\u00e8re Xiaoyao] Vert matcha [Cuir microfibre r\u00e9sistant \u00e0 l&#039;usure arri\u00e8re Xiaoyao]<\/li>\n<li>\n<strong>Mat\u00e9riau en tissu<\/strong>:Cuir<\/li>\n<li>\n<strong>Est-ce personnalisable ?<\/strong>:Non<\/li>\n<li>\n<strong>Peut-il \u00eatre \u00e9lev\u00e9 ou abaiss\u00e9 ?<\/strong>:Oui<\/li>\n<li>\n<strong>Est-ce rotatif ?<\/strong>:Oui<\/li>\n<li>\n<strong>Puis-je m&#039;allonger ?<\/strong>:Non<\/li>\n<li>\n<strong>Mat\u00e9riau de pied cinq \u00e9toiles<\/strong>:Pieds en acier<\/li>\n<li>\n<strong>Type de main courante<\/strong>:Accoudoir fixe<\/li>\n<li>\n<strong>Est-ce que cela prend en charge l\u2019ergonomie ?<\/strong>:Oui<\/li>\n<li>\n<strong>ville<\/strong>:Huzhou<\/li>\n<li>\n<strong>Districts et comt\u00e9s<\/strong>:Comt\u00e9 d&#039;Anji<\/li>\n<li>\n<strong>Assembler<\/strong>:Oui<\/li>\n<li>\n<strong>Un taxi est-il disponible pour le transport ?<\/strong>:Non<\/li>\n<li>\n<strong>Positionnement de style<\/strong>:Qualit\u00e9 Luxe<\/li>\n<li>\n<strong>Instructions d&#039;installation d\u00e9taill\u00e9es<\/strong>:Fournir une vid\u00e9o d&#039;instructions d&#039;installationFournir des outils d&#039;installation simples<\/li>\n<li>\n<strong>Poids brut<\/strong>:12 kg<\/li>\n<li>\n<strong>Faut-il avoir des p\u00e9dales ?<\/strong>:Non<\/li>\n<\/ul>\n<p><img><\/p>","protected":false},"excerpt":{"rendered":"<p>Marque : Lifron Mod\u00e8le : Aleph W221 Mat\u00e9riau : M\u00e9tal Mat\u00e9riau du m\u00e9tal : acier Trier par couleur : Ajoutez aux favoris et passez une commande pour obtenir une enveloppe rouge \u2193\u2193\u2193 Anti-chat<\/p>","protected":false},"featured_media":110032,"comment_status":"open","ping_status":"closed","template":"","meta":[],"product_brand":[],"product_cat":[30971,30859],"product_tag":[],"class_list":{"0":"post-52154","1":"product","2":"type-product","3":"status-publish","4":"has-post-thumbnail","6":"product_cat-hp","7":"product_cat-wholesale-office","9":"first","10":"instock","11":"sale","12":"taxable","13":"shipping-taxable","14":"purchasable","15":"product-type-variable"},"_links":{"self":[{"href":"https:\/\/nexgendecors.com\/fr\/wp-json\/wp\/v2\/product\/52154","targetHints":{"allow":["GET"]}}],"collection":[{"href":"https:\/\/nexgendecors.com\/fr\/wp-json\/wp\/v2\/product"}],"about":[{"href":"https:\/\/nexgendecors.com\/fr\/wp-json\/wp\/v2\/types\/product"}],"replies":[{"embeddable":true,"href":"https:\/\/nexgendecors.com\/fr\/wp-json\/wp\/v2\/comments?post=52154"}],"version-history":[{"count":0,"href":"https:\/\/nexgendecors.com\/fr\/wp-json\/wp\/v2\/product\/52154\/revisions"}],"wp:featuredmedia":[{"embeddable":true,"href":"https:\/\/nexgendecors.com\/fr\/wp-json\/wp\/v2\/media\/110032"}],"wp:attachment":[{"href":"https:\/\/nexgendecors.com\/fr\/wp-json\/wp\/v2\/media?parent=52154"}],"wp:term":[{"taxonomy":"product_brand","embeddable":true,"href":"https:\/\/nexgendecors.com\/fr\/wp-json\/wp\/v2\/product_brand?post=52154"},{"taxonomy":"product_cat","embeddable":true,"href":"https:\/\/nexgendecors.com\/fr\/wp-json\/wp\/v2\/product_cat?post=52154"},{"taxonomy":"product_tag","embeddable":true,"href":"https:\/\/nexgendecors.com\/fr\/wp-json\/wp\/v2\/product_tag?post=52154"}],"curies":[{"name":"wp","href":"https:\/\/api.w.org\/{rel}","templated":true}]}}