{"id":52160,"date":"2025-01-26T02:34:45","date_gmt":"2025-01-26T02:34:45","guid":{"rendered":"https:\/\/nexgendecors.com\/product\/computer-chair-light-luxury-simple-comfortable-long-term-sitting-office-chair-home-desk-chair-bedroom-lifting-rotating-backrest-chair\/"},"modified":"2025-04-06T08:23:58","modified_gmt":"2025-04-06T08:23:58","slug":"computer-chair-light-luxury-simple-comfortable-long-term-sitting-office-chair-home-desk-chair-bedroom-lifting-rotating-backrest-chair","status":"publish","type":"product","link":"https:\/\/nexgendecors.com\/fr\/product\/computer-chair-light-luxury-simple-comfortable-long-term-sitting-office-chair-home-desk-chair-bedroom-lifting-rotating-backrest-chair\/","title":{"rendered":"Chaise de bureau ergonomique l\u00e9g\u00e8re et luxueuse avec dossier pivotant"},"content":{"rendered":"<ul>\n<li>\n<strong>marque<\/strong>:Ouyi<\/li>\n<li>\n<strong>mod\u00e8le<\/strong>:741<\/li>\n<li>\n<strong>Assembler<\/strong>:Oui<\/li>\n<li>\n<strong>Poids brut<\/strong>:16kg<\/li>\n<li>\n<strong>Est-ce rotatif ?<\/strong>:Oui<\/li>\n<li>\n<strong>Peut-il \u00eatre \u00e9lev\u00e9 ou abaiss\u00e9 ?<\/strong>:Oui<\/li>\n<li>\n<strong>Est-ce que cela prend en charge l\u2019ergonomie ?<\/strong>:Non<\/li>\n<li>\n<strong>Mat\u00e9riau de pied cinq \u00e9toiles<\/strong>:Pieds en acier<\/li>\n<li>\n<strong>Mat\u00e9riau en tissu<\/strong>:Cuir artificiel<\/li>\n<li>\n<strong>Est-ce personnalisable ?<\/strong>:Non<\/li>\n<li>\n<strong>Puis-je m&#039;allonger ?<\/strong>:Non<\/li>\n<li>\n<strong>Type de main courante<\/strong>:No armrests<\/li>\n<li>\n<strong>Faut-il avoir des p\u00e9dales ?<\/strong>:Non<\/li>\n<li>\n<strong>Mat\u00e9riel<\/strong>:autre<\/li>\n<li>\n<strong>Un taxi est-il disponible pour le transport ?<\/strong>:Non<\/li>\n<li>\n<strong>trier par couleur<\/strong>:Piano white + orange Xipi rolling foot, piano white + orange Xipi fixed foot, piano white + orange (contact surface cowhide) rolling foot, piano white + orange (contact surface cowhide) fixed foot, walnut + black Xipi rolling foot, walnut + black Xipi fixed foot, walnut + black (contact surface cowhide) rolling foot, walnut + black (contact surface cowhide) fixed foot, ash + brown Xipi rolling foot, ash + brown Xipi fixed foot, ash + brown (contact surface cowhide) rolling foot, ash + brown (contact surface cowhide) fixed foot<\/li>\n<li>\n<strong><\/strong>:<\/li>\n<\/ul>\n<p><img><\/p>","protected":false},"excerpt":{"rendered":"<p>brand:Ouyi model:741 Assemble:yes Gross Weight:16kg Is it rotatable?:yes Can it be raised or lowered?:yes Does it support ergonomics?:no Five-star foot<\/p>","protected":false},"featured_media":110040,"comment_status":"open","ping_status":"closed","template":"","meta":[],"product_brand":[],"product_cat":[30971,30859],"product_tag":[],"class_list":{"0":"post-52160","1":"product","2":"type-product","3":"status-publish","4":"has-post-thumbnail","6":"product_cat-hp","7":"product_cat-wholesale-office","9":"first","10":"instock","11":"sale","12":"taxable","13":"shipping-taxable","14":"purchasable","15":"product-type-variable"},"_links":{"self":[{"href":"https:\/\/nexgendecors.com\/fr\/wp-json\/wp\/v2\/product\/52160","targetHints":{"allow":["GET"]}}],"collection":[{"href":"https:\/\/nexgendecors.com\/fr\/wp-json\/wp\/v2\/product"}],"about":[{"href":"https:\/\/nexgendecors.com\/fr\/wp-json\/wp\/v2\/types\/product"}],"replies":[{"embeddable":true,"href":"https:\/\/nexgendecors.com\/fr\/wp-json\/wp\/v2\/comments?post=52160"}],"version-history":[{"count":0,"href":"https:\/\/nexgendecors.com\/fr\/wp-json\/wp\/v2\/product\/52160\/revisions"}],"wp:featuredmedia":[{"embeddable":true,"href":"https:\/\/nexgendecors.com\/fr\/wp-json\/wp\/v2\/media\/110040"}],"wp:attachment":[{"href":"https:\/\/nexgendecors.com\/fr\/wp-json\/wp\/v2\/media?parent=52160"}],"wp:term":[{"taxonomy":"product_brand","embeddable":true,"href":"https:\/\/nexgendecors.com\/fr\/wp-json\/wp\/v2\/product_brand?post=52160"},{"taxonomy":"product_cat","embeddable":true,"href":"https:\/\/nexgendecors.com\/fr\/wp-json\/wp\/v2\/product_cat?post=52160"},{"taxonomy":"product_tag","embeddable":true,"href":"https:\/\/nexgendecors.com\/fr\/wp-json\/wp\/v2\/product_tag?post=52160"}],"curies":[{"name":"wp","href":"https:\/\/api.w.org\/{rel}","templated":true}]}}