{"id":52174,"date":"2025-01-26T02:34:46","date_gmt":"2025-01-26T02:34:46","guid":{"rendered":"https:\/\/nexgendecors.com\/product\/conference-chair-reception-training-chair-office-simple-creative-chair-computer-chair-stylish-bow-staff-office-chair\/"},"modified":"2025-04-06T08:24:01","modified_gmt":"2025-04-06T08:24:01","slug":"conference-chair-reception-training-chair-office-simple-creative-chair-computer-chair-stylish-bow-staff-office-chair","status":"publish","type":"product","link":"https:\/\/nexgendecors.com\/fr\/product\/conference-chair-reception-training-chair-office-simple-creative-chair-computer-chair-stylish-bow-staff-office-chair\/","title":{"rendered":"Stylish Conference Chair &#8211; Modern Design &#038; Comfort"},"content":{"rendered":"<ul>\n<li>\n<strong>marque<\/strong>:Wo Lin<\/li>\n<li>\n<strong>mod\u00e8le<\/strong>:817<\/li>\n<li>\n<strong>Mat\u00e9riel<\/strong>:plastique<\/li>\n<li>\n<strong>Mati\u00e8re plastique<\/strong>:autre<\/li>\n<li>\n<strong>style<\/strong>:Moderne et simple<\/li>\n<li>\n<strong>Origine<\/strong>:Chine continentale<\/li>\n<li>\n<strong>province<\/strong>:Province du Guangdong<\/li>\n<li>\n<strong>trier par couleur<\/strong>:Four legs-green Four legs-gray Four legs-black Four legs-orange Five claws-gray Five claws-black Five claws-green Five claws-orange<\/li>\n<li>\n<strong>Mat\u00e9riau en tissu<\/strong>:autre<\/li>\n<li>\n<strong>Est-ce pliable ?<\/strong>:Non<\/li>\n<li>\n<strong>Peut-il \u00eatre \u00e9lev\u00e9 ou abaiss\u00e9 ?<\/strong>:Non<\/li>\n<li>\n<strong>Est-ce rotatif ?<\/strong>:Non<\/li>\n<li>\n<strong>Puis-je m&#039;allonger ?<\/strong>:Non<\/li>\n<li>\n<strong>Est-ce empilable ?<\/strong>:Oui<\/li>\n<li>\n<strong>Mat\u00e9riau de pied cinq \u00e9toiles<\/strong>:Pieds en acier<\/li>\n<li>\n<strong>Type de main courante<\/strong>:Accoudoir fixe<\/li>\n<\/ul>\n<p><img><\/p>","protected":false},"excerpt":{"rendered":"<p>brand:Wo Lin model:817 Material:plastic Plastic material:other style:Modern and simple Origin:Chinese mainland province:Guangdong Province sort by color:Four legs-green Four legs-gray Four<\/p>","protected":false},"featured_media":110063,"comment_status":"open","ping_status":"closed","template":"","meta":[],"product_brand":[],"product_cat":[30971,30859],"product_tag":[],"class_list":{"0":"post-52174","1":"product","2":"type-product","3":"status-publish","4":"has-post-thumbnail","6":"product_cat-hp","7":"product_cat-wholesale-office","9":"first","10":"instock","11":"sale","12":"taxable","13":"shipping-taxable","14":"purchasable","15":"product-type-variable"},"_links":{"self":[{"href":"https:\/\/nexgendecors.com\/fr\/wp-json\/wp\/v2\/product\/52174","targetHints":{"allow":["GET"]}}],"collection":[{"href":"https:\/\/nexgendecors.com\/fr\/wp-json\/wp\/v2\/product"}],"about":[{"href":"https:\/\/nexgendecors.com\/fr\/wp-json\/wp\/v2\/types\/product"}],"replies":[{"embeddable":true,"href":"https:\/\/nexgendecors.com\/fr\/wp-json\/wp\/v2\/comments?post=52174"}],"version-history":[{"count":0,"href":"https:\/\/nexgendecors.com\/fr\/wp-json\/wp\/v2\/product\/52174\/revisions"}],"wp:featuredmedia":[{"embeddable":true,"href":"https:\/\/nexgendecors.com\/fr\/wp-json\/wp\/v2\/media\/110063"}],"wp:attachment":[{"href":"https:\/\/nexgendecors.com\/fr\/wp-json\/wp\/v2\/media?parent=52174"}],"wp:term":[{"taxonomy":"product_brand","embeddable":true,"href":"https:\/\/nexgendecors.com\/fr\/wp-json\/wp\/v2\/product_brand?post=52174"},{"taxonomy":"product_cat","embeddable":true,"href":"https:\/\/nexgendecors.com\/fr\/wp-json\/wp\/v2\/product_cat?post=52174"},{"taxonomy":"product_tag","embeddable":true,"href":"https:\/\/nexgendecors.com\/fr\/wp-json\/wp\/v2\/product_tag?post=52174"}],"curies":[{"name":"wp","href":"https:\/\/api.w.org\/{rel}","templated":true}]}}