{"id":52576,"date":"2025-01-26T02:35:39","date_gmt":"2025-01-26T02:35:39","guid":{"rendered":"https:\/\/nexgendecors.com\/product\/coosleep-convertible-sectional-sofa-couch-83-l-shape-sofa-couch-with-chaise-convertible-chenillefabric-upholstered-for-living-room-apartment-office-grey1711876968918\/"},"modified":"2025-04-06T08:24:54","modified_gmt":"2025-04-06T08:24:54","slug":"coosleep-convertible-sectional-sofa-couch-83-l-shape-sofa-couch-with-chaise-convertible-chenillefabric-upholstered-for-living-room-apartment-office-grey1711876968918","status":"publish","type":"product","link":"https:\/\/nexgendecors.com\/fr\/product\/coosleep-convertible-sectional-sofa-couch-83-l-shape-sofa-couch-with-chaise-convertible-chenillefabric-upholstered-for-living-room-apartment-office-grey1711876968918\/","title":{"rendered":"COOSLEEP Canap\u00e9 sectionnel convertible en L - Gris"},"content":{"rendered":"<p data-mce-fragment=\"1\">Elevate Your Living Room with Modern Elegance \ud83c\udf1f<\/p>\n<ul data-mce-fragment=\"1\">\n<li data-mce-fragment=\"1\">\n<p data-mce-fragment=\"1\"><strong data-mce-fragment=\"1\">Stylish &#038; Contemporary Design<\/strong>: Add luxury and refinement to your space with our upholstered sectional sofa. It&#8217;s perfect for creating a cozy atmosphere to relax and unwind. \ud83d\ude0c<\/p>\n<\/li>\n<li data-mce-fragment=\"1\">\n<p data-mce-fragment=\"1\"><strong data-mce-fragment=\"1\">Grand espace de rangement<\/strong>: Enjoy 190L of storage space in the chaise, ideal for storing blankets, pillows, and seasonal items. Keep your living area clutter-free! \ud83e\uddfa<\/p>\n<\/li>\n<li data-mce-fragment=\"1\">\n<p data-mce-fragment=\"1\"><strong data-mce-fragment=\"1\">Construit pour durer<\/strong>: Our sofa boasts a solid wooden structure, high-quality serpentine springs, and high-density foam. It comfortably supports up to 1000 lbs for 3-4 people. Experience ergonomic seating with padded cushions for pressure relief and body stretching. \ud83d\udcaa<\/p>\n<\/li>\n<li data-mce-fragment=\"1\">\n<p data-mce-fragment=\"1\"><strong data-mce-fragment=\"1\">Easy Care &#038; Maintenance<\/strong>: The sofa cover for the seat and back cushions is removable and machine washable. Keep your sofa looking fresh and clean with ease! \ud83e\uddfc<\/p>\n<\/li>\n<li data-mce-fragment=\"1\">\n<p data-mce-fragment=\"1\"><strong data-mce-fragment=\"1\">Quick &#038; Easy Assembly<\/strong>: Unbox and assemble your new sofa in just 15 minutes with our detailed instructions. The backrest is compressed for shipping, simply pat it for 5-8 minutes or wait 24-48 hours for full fluffiness. \ud83d\udd27<\/p>\n<\/li>\n<\/ul>\n<p data-mce-fragment=\"1\">Upgrade your living space with our sectional sofa\u2014where style meets comfort and functionality! \ud83d\udecb\ufe0f<\/p>\n<div><\/div>","protected":false},"excerpt":{"rendered":"<p>Donnez de l'\u00e9l\u00e9gance moderne \u00e0 votre salon \ud83c\udf1f Design \u00e9l\u00e9gant et contemporain : Ajoutez du luxe et du raffinement \u00e0 votre espace avec<\/p>","protected":false},"featured_media":110549,"comment_status":"open","ping_status":"closed","template":"","meta":[],"product_brand":[],"product_cat":[30971,30846,32,30873],"product_tag":[],"class_list":{"0":"post-52576","1":"product","2":"type-product","3":"status-publish","4":"has-post-thumbnail","6":"product_cat-hp","7":"product_cat-living-room","8":"product_cat-residential-furniture","9":"product_cat-sofa","11":"first","12":"instock","13":"taxable","14":"shipping-taxable","15":"purchasable","16":"product-type-variable"},"_links":{"self":[{"href":"https:\/\/nexgendecors.com\/fr\/wp-json\/wp\/v2\/product\/52576","targetHints":{"allow":["GET"]}}],"collection":[{"href":"https:\/\/nexgendecors.com\/fr\/wp-json\/wp\/v2\/product"}],"about":[{"href":"https:\/\/nexgendecors.com\/fr\/wp-json\/wp\/v2\/types\/product"}],"replies":[{"embeddable":true,"href":"https:\/\/nexgendecors.com\/fr\/wp-json\/wp\/v2\/comments?post=52576"}],"version-history":[{"count":0,"href":"https:\/\/nexgendecors.com\/fr\/wp-json\/wp\/v2\/product\/52576\/revisions"}],"wp:featuredmedia":[{"embeddable":true,"href":"https:\/\/nexgendecors.com\/fr\/wp-json\/wp\/v2\/media\/110549"}],"wp:attachment":[{"href":"https:\/\/nexgendecors.com\/fr\/wp-json\/wp\/v2\/media?parent=52576"}],"wp:term":[{"taxonomy":"product_brand","embeddable":true,"href":"https:\/\/nexgendecors.com\/fr\/wp-json\/wp\/v2\/product_brand?post=52576"},{"taxonomy":"product_cat","embeddable":true,"href":"https:\/\/nexgendecors.com\/fr\/wp-json\/wp\/v2\/product_cat?post=52576"},{"taxonomy":"product_tag","embeddable":true,"href":"https:\/\/nexgendecors.com\/fr\/wp-json\/wp\/v2\/product_tag?post=52576"}],"curies":[{"name":"wp","href":"https:\/\/api.w.org\/{rel}","templated":true}]}}