{"id":52604,"date":"2025-01-26T02:35:45","date_gmt":"2025-01-26T02:35:45","guid":{"rendered":"https:\/\/nexgendecors.com\/product\/coosleep-modern-sofas-couches-for-living-room-loveseat-sofas-couches-with-removable-sofa-cushion-and-detachable-sofa-cover-solid-wood-frame-and-serpentine-spring-easy-to-installgrey1711876968885\/"},"modified":"2025-04-06T08:25:05","modified_gmt":"2025-04-06T08:25:05","slug":"canapes-modernes-coosleep-pour-le-salon-canapes-causeuse-canapes-avec-coussin-amovible-et-housse-de-canape-amovible-cadre-en-bois-massif-et-ressorts-serpentins-faciles-a-installer-gris-1711876968","status":"publish","type":"product","link":"https:\/\/nexgendecors.com\/fr\/product\/canapes-modernes-coosleep-pour-le-salon-canapes-causeuse-canapes-avec-coussin-amovible-et-housse-de-canape-amovible-cadre-en-bois-massif-et-ressorts-serpentins-faciles-a-installer-gris-1711876968\/","title":{"rendered":"COOSLEEP Canap\u00e9-lit moderne avec housses amovibles"},"content":{"rendered":"<div class=\"flex-1 overflow-hidden\" data-mce-fragment=\"1\">\n<div class=\"react-scroll-to-bottom--css-getwv-79elbk h-full\" data-mce-fragment=\"1\">\n<div class=\"react-scroll-to-bottom--css-getwv-1n7m0yu\" data-mce-fragment=\"1\">\n<div data-mce-fragment=\"1\">\n<div class=\"flex flex-col text-sm pb-9\" data-mce-fragment=\"1\">\n<div class=\"w-full text-token-text-primary\" dir=\"auto\" data-testid=\"conversation-turn-19\" data-mce-fragment=\"1\">\n<div class=\"px-4 py-2 justify-center text-base md:gap-6 m-auto\" data-mce-fragment=\"1\">\n<div class=\"flex flex-1 text-base mx-auto gap-3 juice:gap-4 juice:md:gap-6 md:px-5 lg:px-1 xl:px-5 md:max-w-3xl lg:max-w-[40rem] xl:max-w-[48rem]\" data-mce-fragment=\"1\">\n<div class=\"relative flex w-full min-w-0 flex-col agent-turn\" data-mce-fragment=\"1\">\n<div class=\"flex-col gap-1 md:gap-3\" data-mce-fragment=\"1\">\n<div class=\"flex flex-grow flex-col max-w-full\" data-mce-fragment=\"1\">\n<div data-message-author-role=\"assistant\" data-message-id=\"d5e0c4d8-a1cd-4814-a491-f8315acee8a5\" dir=\"auto\" class=\"min-h-[20px] text-message flex flex-col items-start gap-3 whitespace-pre-wrap break-words [.text-message+&#038;]:mt-5 overflow-x-auto\" data-mce-fragment=\"1\">\n<div class=\"markdown prose w-full break-words dark:prose-invert light\" data-mce-fragment=\"1\">\n<p data-mce-fragment=\"1\"><strong data-mce-fragment=\"1\">Banquette-canap\u00e9 spacieuse et confortable \ud83d\udecb\ufe0f<\/strong><\/p>\n<p data-mce-fragment=\"1\"><strong data-mce-fragment=\"1\">Caract\u00e9ristiques et avantages<\/strong>:<\/p>\n<p data-mce-fragment=\"1\"><strong data-mce-fragment=\"1\">Si\u00e8ges spacieux<\/strong>:<\/p>\n<ul data-mce-fragment=\"1\">\n<li data-mce-fragment=\"1\">\n<strong data-mce-fragment=\"1\">Taille<\/strong>: 88,58 pouces de largeur, peut accueillir confortablement 2 \u00e0 3 personnes \ud83d\udccf<\/li>\n<li data-mce-fragment=\"1\">\n<strong data-mce-fragment=\"1\">Confort<\/strong>: Coussins \u00e9pais en mousse \u00e0 ressorts et tissu respirant pour une assise douce et offrant un bon maintien \ud83d\udecb\ufe0f<\/li>\n<\/ul>\n<p data-mce-fragment=\"1\"><strong data-mce-fragment=\"1\">Construction robuste et durable<\/strong>:<\/p>\n<ul data-mce-fragment=\"1\">\n<li data-mce-fragment=\"1\">\n<strong data-mce-fragment=\"1\">Cadre<\/strong>: Le cadre en bois massif assure une durabilit\u00e9 \u00e0 long terme \ud83e\udeb5<\/li>\n<li data-mce-fragment=\"1\">\n<strong data-mce-fragment=\"1\">Soutien<\/strong>: Des ressorts de haute qualit\u00e9 et des sangles \u00e9lastiques supportent jusqu&#039;\u00e0 750 lb \ud83d\udcaa<\/li>\n<li data-mce-fragment=\"1\">\n<strong data-mce-fragment=\"1\">Protection du sol<\/strong>: Les repose-pieds en bois massif prot\u00e8gent les sols des rayures et des \u00e9raflures \ud83d\uded1<\/li>\n<\/ul>\n<p data-mce-fragment=\"1\"><strong data-mce-fragment=\"1\">Placement polyvalent<\/strong>:<\/p>\n<ul data-mce-fragment=\"1\">\n<li data-mce-fragment=\"1\">\n<strong data-mce-fragment=\"1\">Ajustement parfait<\/strong>:Id\u00e9al pour les chambres, les salons, les appartements ou les lofts \ud83c\udfe0<\/li>\n<li data-mce-fragment=\"1\">\n<strong data-mce-fragment=\"1\">Coin douillet<\/strong>: S&#039;int\u00e8gre parfaitement dans les petits espaces, cr\u00e9ant un endroit confortable pour se d\u00e9tendre \u2615<\/li>\n<\/ul>\n<p data-mce-fragment=\"1\"><strong data-mce-fragment=\"1\">Design intemporel<\/strong>:<\/p>\n<ul data-mce-fragment=\"1\">\n<li data-mce-fragment=\"1\">\n<strong data-mce-fragment=\"1\">Rev\u00eatement en lin touffet\u00e9 moderne<\/strong>: Combine l&#039;artisanat moderne avec l&#039;esth\u00e9tique classique \u2728<\/li>\n<li data-mce-fragment=\"1\">\n<strong data-mce-fragment=\"1\">Design sobre du milieu du si\u00e8cle<\/strong>: Ajoute du caract\u00e8re et du style \u00e0 n&#039;importe quelle pi\u00e8ce \ud83c\udf1f<\/li>\n<\/ul>\n<p data-mce-fragment=\"1\"><strong data-mce-fragment=\"1\">Installation facile<\/strong>:<\/p>\n<ul data-mce-fragment=\"1\">\n<li data-mce-fragment=\"1\">\n<strong data-mce-fragment=\"1\">Forfait unique<\/strong>: Pas de livraisons aller-retour, tout ce dont vous avez besoin dans une seule bo\u00eete \ud83d\udce6<\/li>\n<li data-mce-fragment=\"1\">\n<strong data-mce-fragment=\"1\">Configuration rapide<\/strong>:Manuel d\u00e9taill\u00e9 et kit complet pour un montage facile en moins de 10 minutes \u23f1\ufe0f<\/li>\n<li data-mce-fragment=\"1\">\n<strong data-mce-fragment=\"1\">Excellent service apr\u00e8s-vente<\/strong>: Contactez notre \u00e9quipe pour toute assistance, nous sommes l\u00e0 pour vous aider ! \ud83d\udcde<\/li>\n<\/ul>\n<p data-mce-fragment=\"1\"><strong data-mce-fragment=\"1\">Politique de garantie<\/strong>:<\/p>\n<ul data-mce-fragment=\"1\">\n<li data-mce-fragment=\"1\">\n<strong data-mce-fragment=\"1\">Assurance qualit\u00e9<\/strong>:<\/p>\n<ul data-mce-fragment=\"1\">\n<li data-mce-fragment=\"1\">Retour gratuit sous 30 jours<\/li>\n<li data-mce-fragment=\"1\">180 jours d&#039;\u00e9change gratuit<\/li>\n<li data-mce-fragment=\"1\">Garantie de 3 ans \ud83d\udee1\ufe0f<\/li>\n<\/ul>\n<\/li>\n<\/ul>\n<p data-mce-fragment=\"1\">Profitez d&#039;un confort et d&#039;un style ultimes avec notre canap\u00e9-banquette spacieux et confortable. Que vous vous d\u00e9tendiez apr\u00e8s une longue journ\u00e9e ou que vous ayez des conversations anim\u00e9es entre amis, ce canap\u00e9 est le compl\u00e9ment id\u00e9al \u00e0 votre int\u00e9rieur. Avec sa construction robuste, son design intemporel et sa facilit\u00e9 d&#039;installation, il embellira votre espace de vie pour les ann\u00e9es \u00e0 venir. De plus, notre excellent service apr\u00e8s-vente garantit votre satisfaction\u00a0!<\/p>\n<\/div>\n<\/div>\n<\/div>\n<\/div>\n<\/div>\n<\/div>\n<\/div>\n<\/div>\n<\/div>\n<\/div>\n<\/div>\n<\/div>\n<\/div>\n<div><\/div>","protected":false},"excerpt":{"rendered":"<p>Canap\u00e9-banquette spacieux et confortable \ud83d\udecb\ufe0f Caract\u00e9ristiques et avantages : Si\u00e8ge spacieux : Taille : 88.58 pouces de largeur, confortablement assis 2-3 personnes \ud83d\udccf<\/p>","protected":false},"featured_media":110632,"comment_status":"open","ping_status":"closed","template":"","meta":[],"product_brand":[],"product_cat":[30971,30846,32,30873],"product_tag":[],"class_list":{"0":"post-52604","1":"product","2":"type-product","3":"status-publish","4":"has-post-thumbnail","6":"product_cat-hp","7":"product_cat-living-room","8":"product_cat-residential-furniture","9":"product_cat-sofa","11":"first","12":"instock","13":"taxable","14":"shipping-taxable","15":"purchasable","16":"product-type-variable"},"_links":{"self":[{"href":"https:\/\/nexgendecors.com\/fr\/wp-json\/wp\/v2\/product\/52604","targetHints":{"allow":["GET"]}}],"collection":[{"href":"https:\/\/nexgendecors.com\/fr\/wp-json\/wp\/v2\/product"}],"about":[{"href":"https:\/\/nexgendecors.com\/fr\/wp-json\/wp\/v2\/types\/product"}],"replies":[{"embeddable":true,"href":"https:\/\/nexgendecors.com\/fr\/wp-json\/wp\/v2\/comments?post=52604"}],"version-history":[{"count":0,"href":"https:\/\/nexgendecors.com\/fr\/wp-json\/wp\/v2\/product\/52604\/revisions"}],"wp:featuredmedia":[{"embeddable":true,"href":"https:\/\/nexgendecors.com\/fr\/wp-json\/wp\/v2\/media\/110632"}],"wp:attachment":[{"href":"https:\/\/nexgendecors.com\/fr\/wp-json\/wp\/v2\/media?parent=52604"}],"wp:term":[{"taxonomy":"product_brand","embeddable":true,"href":"https:\/\/nexgendecors.com\/fr\/wp-json\/wp\/v2\/product_brand?post=52604"},{"taxonomy":"product_cat","embeddable":true,"href":"https:\/\/nexgendecors.com\/fr\/wp-json\/wp\/v2\/product_cat?post=52604"},{"taxonomy":"product_tag","embeddable":true,"href":"https:\/\/nexgendecors.com\/fr\/wp-json\/wp\/v2\/product_tag?post=52604"}],"curies":[{"name":"wp","href":"https:\/\/api.w.org\/{rel}","templated":true}]}}