{"id":52636,"date":"2025-01-26T02:35:52","date_gmt":"2025-01-26T02:35:52","guid":{"rendered":"https:\/\/nexgendecors.com\/product\/cosiest-3-piece-outdoor-bistro-set-patio-rocking-chairs-upgrade-pvc-furniture-sets-iron-armchair-with-thickened-cushion-and-wood-coffee-table-for-lawn-garden-porch-dark-blue1711879778881\/"},"modified":"2025-04-06T08:25:11","modified_gmt":"2025-04-06T08:25:11","slug":"cosiest-3-piece-outdoor-bistro-set-patio-rocking-chairs-upgrade-pvc-furniture-sets-iron-armchair-with-thickened-cushion-and-wood-coffee-table-for-lawn-garden-porch-dark-blue1711879778881","status":"publish","type":"product","link":"https:\/\/nexgendecors.com\/fr\/product\/cosiest-3-piece-outdoor-bistro-set-patio-rocking-chairs-upgrade-pvc-furniture-sets-iron-armchair-with-thickened-cushion-and-wood-coffee-table-for-lawn-garden-porch-dark-blue1711879778881\/","title":{"rendered":"Ensemble de bistrots d'ext\u00e9rieur 3 pi\u00e8ces avec chaises \u00e0 bascule COSIEST"},"content":{"rendered":"<p data-mce-fragment=\"1\"><strong data-mce-fragment=\"1\">Mat\u00e9riel de qualit\u00e9<\/strong> \ud83c\udf3f:<\/p>\n<ul data-mce-fragment=\"1\">\n<li data-mce-fragment=\"1\">Made of high-quality iron with environmentally friendly paint protection.<\/li>\n<li data-mce-fragment=\"1\">Non-toxic, burr-free, and durable for long-lasting use.<\/li>\n<\/ul>\n<p data-mce-fragment=\"1\"><strong data-mce-fragment=\"1\">Plongez dans le luxe<\/strong> \ud83d\ude0c:<\/p>\n<ul data-mce-fragment=\"1\">\n<li data-mce-fragment=\"1\">2 inches of high-density layered polyurethane foam for superior comfort.<\/li>\n<li data-mce-fragment=\"1\">Deep seat design distributes weight for a secure and relaxed feeling.<\/li>\n<\/ul>\n<p data-mce-fragment=\"1\"><strong data-mce-fragment=\"1\">Durable et beau<\/strong> \ud83c\udf1f:<\/p>\n<ul data-mce-fragment=\"1\">\n<li data-mce-fragment=\"1\">Hand-woven UV-resistant, water-resistant PVC strapping.<\/li>\n<li data-mce-fragment=\"1\">Lifetime beauty; won&#8217;t crack or darken with distinctive weaving.<\/li>\n<\/ul>\n<p data-mce-fragment=\"1\"><strong data-mce-fragment=\"1\">Caract\u00e9ristiques<\/strong> \ud83d\udcd0:<\/p>\n<ul data-mce-fragment=\"1\">\n<li data-mce-fragment=\"1\">Each chair: 30.7&#8243; depth, 24.4&#8243; width, 34.5&#8243; height.<\/li>\n<li data-mce-fragment=\"1\">2-inch seat cushions for enhanced comfort.<\/li>\n<li data-mce-fragment=\"1\">19.7&#8243; diameter coffee table with 44-pound weight capacity.<\/li>\n<\/ul>\n<p data-mce-fragment=\"1\"><strong data-mce-fragment=\"1\">Faible entretien<\/strong> \ud83e\uddfc:<\/p>\n<ul data-mce-fragment=\"1\">\n<li data-mce-fragment=\"1\">Easy to clean with soap and water; no special treatment needed.<\/li>\n<li data-mce-fragment=\"1\">No sanding, staining, or painting required like wooden chairs.<\/li>\n<\/ul>\n<div><\/div>","protected":false},"excerpt":{"rendered":"<p>Mat\u00e9riau de qualit\u00e9 \ud83c\udf3f : Fabriqu\u00e9 en fer de haute qualit\u00e9 avec une protection de peinture respectueuse de l'environnement. Non toxique, sans bavures et durable pour une utilisation durable. Cuve<\/p>","protected":false},"featured_media":110703,"comment_status":"open","ping_status":"closed","template":"","meta":[],"product_brand":[],"product_cat":[30971,30856,32],"product_tag":[],"class_list":{"0":"post-52636","1":"product","2":"type-product","3":"status-publish","4":"has-post-thumbnail","6":"product_cat-hp","7":"product_cat-outdoor-furniture","8":"product_cat-residential-furniture","10":"first","11":"instock","12":"taxable","13":"shipping-taxable","14":"purchasable","15":"product-type-variable"},"_links":{"self":[{"href":"https:\/\/nexgendecors.com\/fr\/wp-json\/wp\/v2\/product\/52636","targetHints":{"allow":["GET"]}}],"collection":[{"href":"https:\/\/nexgendecors.com\/fr\/wp-json\/wp\/v2\/product"}],"about":[{"href":"https:\/\/nexgendecors.com\/fr\/wp-json\/wp\/v2\/types\/product"}],"replies":[{"embeddable":true,"href":"https:\/\/nexgendecors.com\/fr\/wp-json\/wp\/v2\/comments?post=52636"}],"version-history":[{"count":0,"href":"https:\/\/nexgendecors.com\/fr\/wp-json\/wp\/v2\/product\/52636\/revisions"}],"wp:featuredmedia":[{"embeddable":true,"href":"https:\/\/nexgendecors.com\/fr\/wp-json\/wp\/v2\/media\/110703"}],"wp:attachment":[{"href":"https:\/\/nexgendecors.com\/fr\/wp-json\/wp\/v2\/media?parent=52636"}],"wp:term":[{"taxonomy":"product_brand","embeddable":true,"href":"https:\/\/nexgendecors.com\/fr\/wp-json\/wp\/v2\/product_brand?post=52636"},{"taxonomy":"product_cat","embeddable":true,"href":"https:\/\/nexgendecors.com\/fr\/wp-json\/wp\/v2\/product_cat?post=52636"},{"taxonomy":"product_tag","embeddable":true,"href":"https:\/\/nexgendecors.com\/fr\/wp-json\/wp\/v2\/product_tag?post=52636"}],"curies":[{"name":"wp","href":"https:\/\/api.w.org\/{rel}","templated":true}]}}