{"id":52795,"date":"2025-01-26T02:36:32","date_gmt":"2025-01-26T02:36:32","guid":{"rendered":"https:\/\/nexgendecors.com\/product\/costzon-kids-sofa-with-pattern-toddler-furniture-w-sturdy-wood-construction-for-boys-girls-armrest-couch-for-preschool-children-lightweight-sofa-chair-dinosaur1711879851346\/"},"modified":"2025-04-06T08:26:28","modified_gmt":"2025-04-06T08:26:28","slug":"costzon-kids-sofa-with-pattern-toddler-furniture-w-sturdy-wood-construction-for-boys-girls-armrest-couch-for-preschool-children-lightweight-sofa-chair-dinosaur1711879851346","status":"publish","type":"product","link":"https:\/\/nexgendecors.com\/fr\/product\/costzon-kids-sofa-with-pattern-toddler-furniture-w-sturdy-wood-construction-for-boys-girls-armrest-couch-for-preschool-children-lightweight-sofa-chair-dinosaur1711879851346\/","title":{"rendered":"Canap\u00e9 enfant dinosaure Costzon \u2013 Canap\u00e9 robuste pour tout-petits"},"content":{"rendered":"<p data-mce-fragment=\"1\">\ud83d\udc0a <strong data-mce-fragment=\"1\">Cadeau parfait pour les enfants<\/strong>Captez instantan\u00e9ment l&#039;attention des enfants avec notre adorable fauteuil \u00e0 motif crocodile et stimulez leur imagination. Ce joli canap\u00e9 offre un coin salon confortable pour lire des histoires, regarder des dessins anim\u00e9s et d\u00e9guster des collations.<\/p>\n<p data-mce-fragment=\"1\">\ud83c\udf1f <strong data-mce-fragment=\"1\">Mat\u00e9riaux confortables et s\u00fbrs<\/strong>Fabriqu\u00e9 en velours ultra doux et garni d&#039;\u00e9ponge haute r\u00e9silience 20D, notre canap\u00e9 pour enfants garantit confort et respirabilit\u00e9. Certifi\u00e9 ASTM et CPSIA, il garantit la s\u00e9curit\u00e9 de vos enfants.<\/p>\n<p data-mce-fragment=\"1\">\ud83d\udcaa <strong data-mce-fragment=\"1\">Structure robuste et capacit\u00e9 de charge \u00e9lev\u00e9e<\/strong>: Construit avec un cadre en bois d&#039;eucalyptus de haute qualit\u00e9, notre canap\u00e9 pour enfants est dot\u00e9 d&#039;une structure robuste et peut supporter jusqu&#039;\u00e0 50 kg. Les clous blancs antid\u00e9rapants emp\u00eachent les rayures sur le sol et am\u00e9liorent la stabilit\u00e9.<\/p>\n<p data-mce-fragment=\"1\">\ud83e\ude91 <strong data-mce-fragment=\"1\">Conception ergonomique et support solide<\/strong>Dot\u00e9 d&#039;un dossier large et d&#039;une hauteur ergonomique, notre canap\u00e9 offre un soutien efficace de la colonne vert\u00e9brale et favorise une bonne assise. Ses accoudoirs ergonomiques offrent aux enfants une s\u00e9curit\u00e9 et un soutien optimaux.<\/p>\n<p data-mce-fragment=\"1\">\ud83c\udfe0 <strong data-mce-fragment=\"1\">Conception l\u00e9g\u00e8re et facile \u00e0 d\u00e9placer<\/strong>Gr\u00e2ce \u00e0 sa conception l\u00e9g\u00e8re, les enfants peuvent facilement d\u00e9placer leurs meubles o\u00f9 ils le souhaitent, favorisant ainsi leur autonomie et leur habilet\u00e9 manuelle. Son design compact en fait un compl\u00e9ment id\u00e9al pour le salon, la chambre d&#039;enfant ou la salle de jeux.<\/p>\n<p data-mce-fragment=\"1\">Surprenez vos petits avec le confort, la s\u00e9curit\u00e9 et le plaisir avec notre charmant canap\u00e9 pour enfants \u2013 le compl\u00e9ment parfait \u00e0 l&#039;espace de tout enfant ! \ud83d\udecb\ufe0f\ud83c\udf08<\/p>\n<div><\/div>","protected":false},"excerpt":{"rendered":"<p>\ud83d\udc0a Cadeau id\u00e9al pour les enfants\u00a0: Captez instantan\u00e9ment l&#039;attention des enfants avec notre adorable fauteuil \u00e0 motif crocodile, stimulant leur imagination. Ce joli canap\u00e9<\/p>","protected":false},"featured_media":111131,"comment_status":"open","ping_status":"closed","template":"","meta":[],"product_brand":[],"product_cat":[30899,30971,30837,30849],"product_tag":[],"class_list":{"0":"post-52795","1":"product","2":"type-product","3":"status-publish","4":"has-post-thumbnail","6":"product_cat-bs-kindergarten","7":"product_cat-hp","8":"product_cat-kids-sofa","9":"product_cat-kindergarten-school-furniture","11":"first","12":"instock","13":"taxable","14":"shipping-taxable","15":"purchasable","16":"product-type-variable"},"_links":{"self":[{"href":"https:\/\/nexgendecors.com\/fr\/wp-json\/wp\/v2\/product\/52795","targetHints":{"allow":["GET"]}}],"collection":[{"href":"https:\/\/nexgendecors.com\/fr\/wp-json\/wp\/v2\/product"}],"about":[{"href":"https:\/\/nexgendecors.com\/fr\/wp-json\/wp\/v2\/types\/product"}],"replies":[{"embeddable":true,"href":"https:\/\/nexgendecors.com\/fr\/wp-json\/wp\/v2\/comments?post=52795"}],"version-history":[{"count":0,"href":"https:\/\/nexgendecors.com\/fr\/wp-json\/wp\/v2\/product\/52795\/revisions"}],"wp:featuredmedia":[{"embeddable":true,"href":"https:\/\/nexgendecors.com\/fr\/wp-json\/wp\/v2\/media\/111131"}],"wp:attachment":[{"href":"https:\/\/nexgendecors.com\/fr\/wp-json\/wp\/v2\/media?parent=52795"}],"wp:term":[{"taxonomy":"product_brand","embeddable":true,"href":"https:\/\/nexgendecors.com\/fr\/wp-json\/wp\/v2\/product_brand?post=52795"},{"taxonomy":"product_cat","embeddable":true,"href":"https:\/\/nexgendecors.com\/fr\/wp-json\/wp\/v2\/product_cat?post=52795"},{"taxonomy":"product_tag","embeddable":true,"href":"https:\/\/nexgendecors.com\/fr\/wp-json\/wp\/v2\/product_tag?post=52795"}],"curies":[{"name":"wp","href":"https:\/\/api.w.org\/{rel}","templated":true}]}}